{"id":1984,"date":"2025-03-02T10:26:28","date_gmt":"2025-03-02T10:26:28","guid":{"rendered":"https:\/\/southside-stories.com\/?post_type=product&#038;p=1984"},"modified":"2025-05-08T09:24:42","modified_gmt":"2025-05-08T09:24:42","slug":"libri-elektronik-%e1%b8%8dain-vellimi-3","status":"publish","type":"product","link":"https:\/\/southside-stories.com\/sq\/product\/the-%e1%b8%8dain-volume-3-ebook\/","title":{"rendered":"The \u1e0c\u0101in \u2013 V\u00ebllimi 3 \u2013 Lib\u00ebr elektronik"},"content":{"rendered":"<p>Shkruar nga J.Simonne dhe Joseph Oliveira<\/p>\n<p>Ilustruar nga Peitro Depalma<\/p>\n<p>Redaktuar nga Blerim Karini<\/p>\n<p>Logoja dhe faqet e kapitujve nga Natalie Eliscovich<\/p>\n<p>Muzika \u00ebsht\u00eb prodhuar nga Jeremy Cowan dhe Lasse Mosegard<\/p>","protected":false},"excerpt":{"rendered":"<p>N\u00eb bot\u00ebn e gjall\u00eb dhe t\u00eb pabes\u00eb t\u00eb Indis\u00eb s\u00eb shekullit t\u00eb 17-t\u00eb, Daini enigmatik dhe shoku i tij Xhon rrezikojn\u00eb jet\u00ebn e tyre n\u00eb nj\u00eb udh\u00ebtim t\u00eb rreziksh\u00ebm drejt Stambollit, t\u00eb ndjekur nga nj\u00eb Rakshasa i pam\u00ebshirsh\u00ebm - nj\u00eb qenie monstruoze e shtyr\u00eb nga nj\u00eb uri e pangopur p\u00ebr Dain\u00ebt. Nd\u00ebrsa ata garojn\u00eb kund\u00ebr koh\u00ebs dhe t\u00ebrbimit monstruoz, rreziqet rriten gjithnj\u00eb e m\u00eb shum\u00eb, fatet e tyre luhaten n\u00eb prag t\u00eb mbijetes\u00ebs.<\/p>\n<p>Shekuj m\u00eb von\u00eb, n\u00eb fshatin e qet\u00eb t\u00eb Kentit t\u00eb dit\u00ebve t\u00eb sotme, Anglia, detyra rutin\u00eb e nj\u00eb shfaros\u00ebsi p\u00ebr t\u00eb pastruar nj\u00eb bodrum shnd\u00ebrrohet n\u00eb nj\u00eb zbulim t\u00eb friksh\u00ebm. N\u00ebn tok\u00eb fshihet nj\u00eb prani e kobshme, duke zgjuar nj\u00eb trash\u00ebgimi t\u00eb lasht\u00eb q\u00eb i b\u00ebn jehon\u00eb t\u00eb kaluar\u00ebs s\u00eb err\u00ebt t\u00eb Dain-\u00ebve.<\/p>\n<p>Duke lidhur aventur\u00ebn e harlisur historike me horrorin bashk\u00ebkohor, The Dain ofron nj\u00eb eksplorim magjeps\u00ebs t\u00eb p\u00ebrplasjes s\u00eb njer\u00ebzimit me t\u00eb panjohur\u00ebn - nj\u00eb sag\u00eb e p\u00ebrjetshme ku e gjuajtura dhe e fshehura p\u00ebrplasen nd\u00ebr epoka.<\/p>","protected":false},"featured_media":2012,"template":"","meta":{"_acf_changed":false,"inline_featured_image":false},"product_cat":[18],"product_tag":[],"class_list":{"0":"post-1984","1":"product","2":"type-product","3":"status-publish","4":"has-post-thumbnail","6":"product_cat-graphic-novels","7":"product_shipping_class-free-shipping","9":"first","10":"instock","11":"taxable","12":"shipping-taxable","13":"product-type-external","swatches":"rey-swatches","show_selected":""},"acf":[],"yoast_head":"<!-- This site is optimized with the Yoast SEO plugin v27.3 - https:\/\/yoast.com\/product\/yoast-seo-wordpress\/ -->\n<title>The D\u0323a\u0304in - Volume 3 - eBook<\/title>\n<meta name=\"description\" content=\"In 17th-century India, the enigmatic Dain and his companion John gamble their lives on a perilous journey toward Istanbul, hunted by a relentless Rakshasa.\" \/>\n<meta name=\"robots\" content=\"index, follow, max-snippet:-1, max-image-preview:large, max-video-preview:-1\" \/>\n<link rel=\"canonical\" href=\"https:\/\/southside-stories.com\/sq\/produkt\/libri-elektronik-\u1e0dain-vellimi-3\/\" \/>\n<meta property=\"og:locale\" content=\"sq_AL\" \/>\n<meta property=\"og:type\" content=\"article\" \/>\n<meta property=\"og:title\" content=\"The D\u0323a\u0304in - Volume 3 - eBook\" \/>\n<meta property=\"og:description\" content=\"In 17th-century India, the enigmatic Dain and his companion John gamble their lives on a perilous journey toward Istanbul, hunted by a relentless Rakshasa.\" \/>\n<meta property=\"og:url\" content=\"https:\/\/southside-stories.com\/sq\/produkt\/libri-elektronik-\u1e0dain-vellimi-3\/\" \/>\n<meta property=\"og:site_name\" content=\"Southside Stories\" \/>\n<meta property=\"article:publisher\" content=\"https:\/\/www.facebook.com\/southsidestoriesproductions\/\" \/>\n<meta property=\"article:modified_time\" content=\"2025-05-08T09:24:42+00:00\" \/>\n<meta property=\"og:image\" content=\"https:\/\/southside-stories.com\/wp-content\/uploads\/2025\/03\/Front-Cover_TheDain-3.jpg\" \/>\n\t<meta property=\"og:image:width\" content=\"1040\" \/>\n\t<meta property=\"og:image:height\" content=\"1571\" \/>\n\t<meta property=\"og:image:type\" content=\"image\/jpeg\" \/>\n<meta name=\"twitter:card\" content=\"summary_large_image\" \/>\n<meta name=\"twitter:site\" content=\"@southsidesto\" \/>\n<meta name=\"twitter:label1\" content=\"Est. reading time\" \/>\n\t<meta name=\"twitter:data1\" content=\"1 minut\u00eb\" \/>\n<script type=\"application\/ld+json\" class=\"yoast-schema-graph\">{\"@context\":\"https:\\\/\\\/schema.org\",\"@graph\":[{\"@type\":\"WebPage\",\"@id\":\"https:\\\/\\\/southside-stories.com\\\/product\\\/the-%e1%b8%8dain-volume-3-ebook\\\/\",\"url\":\"https:\\\/\\\/southside-stories.com\\\/product\\\/the-%e1%b8%8dain-volume-3-ebook\\\/\",\"name\":\"The D\u0323a\u0304in - Volume 3 - eBook\",\"isPartOf\":{\"@id\":\"https:\\\/\\\/southside-stories.com\\\/#website\"},\"primaryImageOfPage\":{\"@id\":\"https:\\\/\\\/southside-stories.com\\\/product\\\/the-%e1%b8%8dain-volume-3-ebook\\\/#primaryimage\"},\"image\":{\"@id\":\"https:\\\/\\\/southside-stories.com\\\/product\\\/the-%e1%b8%8dain-volume-3-ebook\\\/#primaryimage\"},\"thumbnailUrl\":\"https:\\\/\\\/southside-stories.com\\\/wp-content\\\/uploads\\\/2025\\\/03\\\/Front-Cover_TheDain-3.webp\",\"datePublished\":\"2025-03-02T10:26:28+00:00\",\"dateModified\":\"2025-05-08T09:24:42+00:00\",\"description\":\"In 17th-century India, the enigmatic Dain and his companion John gamble their lives on a perilous journey toward Istanbul, hunted by a relentless Rakshasa.\",\"breadcrumb\":{\"@id\":\"https:\\\/\\\/southside-stories.com\\\/product\\\/the-%e1%b8%8dain-volume-3-ebook\\\/#breadcrumb\"},\"inLanguage\":\"sq\",\"potentialAction\":[{\"@type\":\"ReadAction\",\"target\":[\"https:\\\/\\\/southside-stories.com\\\/product\\\/the-%e1%b8%8dain-volume-3-ebook\\\/\"]}]},{\"@type\":\"ImageObject\",\"inLanguage\":\"sq\",\"@id\":\"https:\\\/\\\/southside-stories.com\\\/product\\\/the-%e1%b8%8dain-volume-3-ebook\\\/#primaryimage\",\"url\":\"https:\\\/\\\/southside-stories.com\\\/wp-content\\\/uploads\\\/2025\\\/03\\\/Front-Cover_TheDain-3.webp\",\"contentUrl\":\"https:\\\/\\\/southside-stories.com\\\/wp-content\\\/uploads\\\/2025\\\/03\\\/Front-Cover_TheDain-3.webp\",\"width\":1040,\"height\":1571,\"caption\":\"Front-Cover_TheDain-3\"},{\"@type\":\"BreadcrumbList\",\"@id\":\"https:\\\/\\\/southside-stories.com\\\/product\\\/the-%e1%b8%8dain-volume-3-ebook\\\/#breadcrumb\",\"itemListElement\":[{\"@type\":\"ListItem\",\"position\":1,\"name\":\"Home\",\"item\":\"https:\\\/\\\/southside-stories.com\\\/\"},{\"@type\":\"ListItem\",\"position\":2,\"name\":\"Store\",\"item\":\"https:\\\/\\\/southside-stories.com\\\/shop\\\/\"},{\"@type\":\"ListItem\",\"position\":3,\"name\":\"The D\u0323a\u0304in &#8211; Volume 3 &#8211; eBook\"}]},{\"@type\":\"WebSite\",\"@id\":\"https:\\\/\\\/southside-stories.com\\\/#website\",\"url\":\"https:\\\/\\\/southside-stories.com\\\/\",\"name\":\"Southside Stories\",\"description\":\"Graphic Novels\",\"publisher\":{\"@id\":\"https:\\\/\\\/southside-stories.com\\\/#organization\"},\"potentialAction\":[{\"@type\":\"SearchAction\",\"target\":{\"@type\":\"EntryPoint\",\"urlTemplate\":\"https:\\\/\\\/southside-stories.com\\\/?s={search_term_string}\"},\"query-input\":{\"@type\":\"PropertyValueSpecification\",\"valueRequired\":true,\"valueName\":\"search_term_string\"}}],\"inLanguage\":\"sq\"},{\"@type\":\"Organization\",\"@id\":\"https:\\\/\\\/southside-stories.com\\\/#organization\",\"name\":\"Southside Stories\",\"url\":\"https:\\\/\\\/southside-stories.com\\\/\",\"logo\":{\"@type\":\"ImageObject\",\"inLanguage\":\"sq\",\"@id\":\"https:\\\/\\\/southside-stories.com\\\/#\\\/schema\\\/logo\\\/image\\\/\",\"url\":\"https:\\\/\\\/southside-stories.com\\\/wp-content\\\/uploads\\\/2021\\\/06\\\/South-Side-STORIES-black.svg\",\"contentUrl\":\"https:\\\/\\\/southside-stories.com\\\/wp-content\\\/uploads\\\/2021\\\/06\\\/South-Side-STORIES-black.svg\",\"width\":300,\"height\":108,\"caption\":\"Southside Stories\"},\"image\":{\"@id\":\"https:\\\/\\\/southside-stories.com\\\/#\\\/schema\\\/logo\\\/image\\\/\"},\"sameAs\":[\"https:\\\/\\\/www.facebook.com\\\/southsidestoriesproductions\\\/\",\"https:\\\/\\\/x.com\\\/southsidesto\",\"https:\\\/\\\/www.instagram.com\\\/southsidestorieslondon\\\/\",\"https:\\\/\\\/www.tiktok.com\\\/@southsidestorieslondon\"]}]}<\/script>\n<!-- \/ Yoast SEO plugin. -->","yoast_head_json":{"title":"The \u1e0c\u0101in - V\u00ebllimi 3 - Lib\u00ebr elektronik","description":"N\u00eb Indin\u00eb e shekullit t\u00eb 17-t\u00eb, Daini enigmatik dhe shoku i tij Xhon rrezikojn\u00eb jet\u00ebn e tyre n\u00eb nj\u00eb udh\u00ebtim t\u00eb rreziksh\u00ebm drejt Stambollit, t\u00eb ndjekur nga nj\u00eb Rakshasa i pam\u00ebshirsh\u00ebm.","robots":{"index":"index","follow":"follow","max-snippet":"max-snippet:-1","max-image-preview":"max-image-preview:large","max-video-preview":"max-video-preview:-1"},"canonical":"https:\/\/southside-stories.com\/sq\/produkt\/libri-elektronik-\u1e0dain-vellimi-3\/","og_locale":"sq_AL","og_type":"article","og_title":"The D\u0323a\u0304in - Volume 3 - eBook","og_description":"In 17th-century India, the enigmatic Dain and his companion John gamble their lives on a perilous journey toward Istanbul, hunted by a relentless Rakshasa.","og_url":"https:\/\/southside-stories.com\/sq\/produkt\/libri-elektronik-\u1e0dain-vellimi-3\/","og_site_name":"Southside Stories","article_publisher":"https:\/\/www.facebook.com\/southsidestoriesproductions\/","article_modified_time":"2025-05-08T09:24:42+00:00","og_image":[{"width":1040,"height":1571,"url":"https:\/\/southside-stories.com\/wp-content\/uploads\/2025\/03\/Front-Cover_TheDain-3.jpg","type":"image\/jpeg"}],"twitter_card":"summary_large_image","twitter_site":"@southsidesto","twitter_misc":{"Est. reading time":"1 minut\u00eb"},"schema":{"@context":"https:\/\/schema.org","@graph":[{"@type":"WebPage","@id":"https:\/\/southside-stories.com\/product\/the-%e1%b8%8dain-volume-3-ebook\/","url":"https:\/\/southside-stories.com\/product\/the-%e1%b8%8dain-volume-3-ebook\/","name":"The \u1e0c\u0101in - V\u00ebllimi 3 - Lib\u00ebr elektronik","isPartOf":{"@id":"https:\/\/southside-stories.com\/#website"},"primaryImageOfPage":{"@id":"https:\/\/southside-stories.com\/product\/the-%e1%b8%8dain-volume-3-ebook\/#primaryimage"},"image":{"@id":"https:\/\/southside-stories.com\/product\/the-%e1%b8%8dain-volume-3-ebook\/#primaryimage"},"thumbnailUrl":"https:\/\/southside-stories.com\/wp-content\/uploads\/2025\/03\/Front-Cover_TheDain-3.webp","datePublished":"2025-03-02T10:26:28+00:00","dateModified":"2025-05-08T09:24:42+00:00","description":"N\u00eb Indin\u00eb e shekullit t\u00eb 17-t\u00eb, Daini enigmatik dhe shoku i tij Xhon rrezikojn\u00eb jet\u00ebn e tyre n\u00eb nj\u00eb udh\u00ebtim t\u00eb rreziksh\u00ebm drejt Stambollit, t\u00eb ndjekur nga nj\u00eb Rakshasa i pam\u00ebshirsh\u00ebm.","breadcrumb":{"@id":"https:\/\/southside-stories.com\/product\/the-%e1%b8%8dain-volume-3-ebook\/#breadcrumb"},"inLanguage":"sq","potentialAction":[{"@type":"ReadAction","target":["https:\/\/southside-stories.com\/product\/the-%e1%b8%8dain-volume-3-ebook\/"]}]},{"@type":"ImageObject","inLanguage":"sq","@id":"https:\/\/southside-stories.com\/product\/the-%e1%b8%8dain-volume-3-ebook\/#primaryimage","url":"https:\/\/southside-stories.com\/wp-content\/uploads\/2025\/03\/Front-Cover_TheDain-3.webp","contentUrl":"https:\/\/southside-stories.com\/wp-content\/uploads\/2025\/03\/Front-Cover_TheDain-3.webp","width":1040,"height":1571,"caption":"Front-Cover_TheDain-3"},{"@type":"BreadcrumbList","@id":"https:\/\/southside-stories.com\/product\/the-%e1%b8%8dain-volume-3-ebook\/#breadcrumb","itemListElement":[{"@type":"ListItem","position":1,"name":"Home","item":"https:\/\/southside-stories.com\/"},{"@type":"ListItem","position":2,"name":"Store","item":"https:\/\/southside-stories.com\/shop\/"},{"@type":"ListItem","position":3,"name":"The D\u0323a\u0304in &#8211; Volume 3 &#8211; eBook"}]},{"@type":"WebSite","@id":"https:\/\/southside-stories.com\/#website","url":"https:\/\/southside-stories.com\/","name":"Historit\u00eb e Southside","description":"Novela Grafike","publisher":{"@id":"https:\/\/southside-stories.com\/#organization"},"potentialAction":[{"@type":"SearchAction","target":{"@type":"EntryPoint","urlTemplate":"https:\/\/southside-stories.com\/?s={search_term_string}"},"query-input":{"@type":"PropertyValueSpecification","valueRequired":true,"valueName":"search_term_string"}}],"inLanguage":"sq"},{"@type":"Organization","@id":"https:\/\/southside-stories.com\/#organization","name":"Historit\u00eb e Southside","url":"https:\/\/southside-stories.com\/","logo":{"@type":"ImageObject","inLanguage":"sq","@id":"https:\/\/southside-stories.com\/#\/schema\/logo\/image\/","url":"https:\/\/southside-stories.com\/wp-content\/uploads\/2021\/06\/South-Side-STORIES-black.svg","contentUrl":"https:\/\/southside-stories.com\/wp-content\/uploads\/2021\/06\/South-Side-STORIES-black.svg","width":300,"height":108,"caption":"Southside Stories"},"image":{"@id":"https:\/\/southside-stories.com\/#\/schema\/logo\/image\/"},"sameAs":["https:\/\/www.facebook.com\/southsidestoriesproductions\/","https:\/\/x.com\/southsidesto","https:\/\/www.instagram.com\/southsidestorieslondon\/","https:\/\/www.tiktok.com\/@southsidestorieslondon"]}]}},"_links":{"self":[{"href":"https:\/\/southside-stories.com\/sq\/wp-json\/wp\/v2\/product\/1984","targetHints":{"allow":["GET"]}}],"collection":[{"href":"https:\/\/southside-stories.com\/sq\/wp-json\/wp\/v2\/product"}],"about":[{"href":"https:\/\/southside-stories.com\/sq\/wp-json\/wp\/v2\/types\/product"}],"wp:featuredmedia":[{"embeddable":true,"href":"https:\/\/southside-stories.com\/sq\/wp-json\/wp\/v2\/media\/2012"}],"wp:attachment":[{"href":"https:\/\/southside-stories.com\/sq\/wp-json\/wp\/v2\/media?parent=1984"}],"wp:term":[{"taxonomy":"product_cat","embeddable":true,"href":"https:\/\/southside-stories.com\/sq\/wp-json\/wp\/v2\/product_cat?post=1984"},{"taxonomy":"product_tag","embeddable":true,"href":"https:\/\/southside-stories.com\/sq\/wp-json\/wp\/v2\/product_tag?post=1984"}],"curies":[{"name":"wp","href":"https:\/\/api.w.org\/{rel}","templated":true}]}}