{"id":611,"date":"2019-05-28T06:33:44","date_gmt":"2019-05-28T06:33:44","guid":{"rendered":"http:\/\/demos.reytheme.com\/newyork\/?page_id=611"},"modified":"2019-05-28T06:33:44","modified_gmt":"2019-05-28T06:33:44","slug":"pyetje-te-shpeshta","status":"publish","type":"page","link":"https:\/\/southside-stories.com\/sq\/frequently-asked-questions\/","title":{"rendered":"Pyetje t\u00eb Shpeshta"},"content":{"rendered":"<div data-elementor-type=\"wp-post\" data-elementor-id=\"611\" class=\"elementor elementor-611\" data-elementor-post-type=\"page\">\n\t\t\t\t\t\t<section class=\"elementor-section elementor-top-section elementor-element elementor-element-c0f6bd7 elementor-section-boxed elementor-section-height-default elementor-section-height-default\" data-id=\"c0f6bd7\" data-element_type=\"section\" data-e-type=\"section\">\n\t\t\t\t\t\t<div class=\"elementor-container elementor-column-gap-default\">\n\t\t\t\t\t<div class=\"elementor-column elementor-col-100 elementor-top-column elementor-element elementor-element-e03e495\" data-id=\"e03e495\" data-element_type=\"column\" data-e-type=\"column\">\n\t\t\t<div class=\"elementor-column-wrap--e03e495 elementor-widget-wrap elementor-element-populated\">\n\t\t\t\t\t\t<div class=\"elementor-element elementor-element-ea05a99 elementor-widget elementor-widget-reycore-global-section\" data-id=\"ea05a99\" data-element_type=\"widget\" data-e-type=\"widget\" data-widget_type=\"reycore-global-section.default\">\n\t\t\t\t<div class=\"elementor-widget-container\">\n\t\t\t\t\t\t\t<div class=\"rey-element reyEl-gs\">\n\t\t\t\t\t<div data-elementor-type=\"wp-post\" data-elementor-id=\"739\" class=\"elementor elementor-739\" data-elementor-post-type=\"rey-global-sections\" data-elementor-gstype=\"cover\" data-page-el-selector=\"body.elementor-page-739\" data-disable-padding=\"\">\n\t\t\t\t\t\t<section class=\"elementor-section elementor-top-section elementor-element elementor-element-2368cd2 elementor-section-boxed elementor-section-height-default elementor-section-height-default\" data-id=\"2368cd2\" data-element_type=\"section\" data-e-type=\"section\">\n\t\t\t\t\t\t<div class=\"elementor-container elementor-column-gap-default\">\n\t\t\t\t\t<div class=\"elementor-column elementor-col-100 elementor-top-column elementor-element elementor-element-59f9782\" data-id=\"59f9782\" data-element_type=\"column\" data-e-type=\"column\">\n\t\t\t<div class=\"elementor-column-wrap--59f9782 elementor-widget-wrap elementor-element-populated\">\n\t\t\t\t\t\t<div class=\"elementor-element elementor-element-311fcc9 elementor-widget elementor-widget-heading\" data-id=\"311fcc9\" data-element_type=\"widget\" data-e-type=\"widget\" data-widget_type=\"heading.dynamic_title\">\n\t\t\t\t<div class=\"elementor-widget-container\">\n\t\t\t\t\t<h1 class=\"elementor-heading-title\"><\/h1>\t\t\t\t<\/div>\n\t\t\t\t<\/div>\n\t\t\t\t\t<\/div>\n\t\t<\/div>\n\t\t\t\t\t<\/div>\n\t\t<\/section>\n\t\t\t\t<\/div>\n\t\t\t\t<\/div>\n\t\t<!-- .reyEl-gs -->\n\t\t\t\t\t\t<\/div>\n\t\t\t\t<\/div>\n\t\t\t\t\t<\/div>\n\t\t<\/div>\n\t\t\t\t\t<\/div>\n\t\t<\/section>\n\t\t\t\t<section class=\"elementor-section elementor-top-section elementor-element elementor-element-c140441 elementor-section-boxed elementor-section-height-default elementor-section-height-default\" data-id=\"c140441\" data-element_type=\"section\" data-e-type=\"section\">\n\t\t\t\t\t\t<div class=\"elementor-container elementor-column-gap-default\">\n\t\t\t\t\t<div class=\"elementor-column elementor-col-100 elementor-top-column elementor-element elementor-element-4bb0ab5\" data-id=\"4bb0ab5\" data-element_type=\"column\" data-e-type=\"column\">\n\t\t\t<div class=\"elementor-column-wrap--4bb0ab5 elementor-widget-wrap elementor-element-populated\">\n\t\t\t\t\t\t<div class=\"elementor-element elementor-element-b888a26 elementor-widget elementor-widget-heading\" data-id=\"b888a26\" data-element_type=\"widget\" data-e-type=\"widget\" data-widget_type=\"heading.default\">\n\t\t\t\t<div class=\"elementor-widget-container\">\n\t\t\t\t\t<h2 class=\"elementor-heading-title elementor-size-default\">Prodhim<\/h2>\t\t\t\t<\/div>\n\t\t\t\t<\/div>\n\t\t\t\t<div class=\"elementor-element elementor-element-10a0c5c elementor-widget elementor-widget-text-editor\" data-id=\"10a0c5c\" data-element_type=\"widget\" data-e-type=\"widget\" data-widget_type=\"text-editor.default\">\n\t\t\t\t<div class=\"elementor-widget-container\">\n\t\t\t\t\t\t\t\t\t<h4>Transformoni plot\u00ebsisht vler\u00ebn efikase nd\u00ebrsa p\u00ebrvojat e lira.\u00a0<\/h4><p>Rip\u00ebrcaktoni n\u00eb m\u00ebnyr\u00eb bind\u00ebse portalet e korporatave me burime bashk\u00ebpunuese t\u00eb brendshme ose &quot;organike&quot;. Konceptualizoni n\u00eb m\u00ebnyr\u00eb fosfluoreshente procedurat e testimit B2C p\u00ebrmes tregjeve q\u00eb thithin burime. Nd\u00ebrtoni me shpejt\u00ebsi iniciativa me burim t\u00eb hapur p\u00ebrpara ekspertiz\u00ebs s\u00eb p\u00ebrparuar. Produktivizoni n\u00eb m\u00ebnyr\u00eb monotonektale t\u00eb dh\u00ebna t\u00eb hulumtuara plot\u00ebsisht pa ekspertiz\u00eb efektive.<\/p><p>Vendosni n\u00eb m\u00ebnyr\u00eb autoritare meta-sh\u00ebrbime n\u00eb koh\u00eb p\u00ebrpara potencialeve virale. Rind\u00ebrmjet\u00ebsoni n\u00eb m\u00ebnyr\u00eb interaktive burimet e mund\u00ebsuara nga uebi kundrejt marr\u00ebdh\u00ebnieve kritike p\u00ebr misionin. Globalisht.<\/p>\t\t\t\t\t\t\t\t<\/div>\n\t\t\t\t<\/div>\n\t\t\t\t<div class=\"elementor-element elementor-element-d3fbfaf elementor-widget elementor-widget-text-editor\" data-id=\"d3fbfaf\" data-element_type=\"widget\" data-e-type=\"widget\" data-widget_type=\"text-editor.default\">\n\t\t\t\t<div class=\"elementor-widget-container\">\n\t\t\t\t\t\t\t\t\t<h4>Transformoni plot\u00ebsisht vler\u00ebn efikase nd\u00ebrsa p\u00ebrvojat e lira.\u00a0<\/h4><p>Rip\u00ebrcaktoni n\u00eb m\u00ebnyr\u00eb bind\u00ebse portalet e korporatave me burime bashk\u00ebpunuese t\u00eb brendshme ose &quot;organike&quot;. Konceptualizoni n\u00eb m\u00ebnyr\u00eb fosfluoreshente procedurat e testimit B2C p\u00ebrmes tregjeve q\u00eb thithin burime. Nd\u00ebrtoni me shpejt\u00ebsi iniciativa me burim t\u00eb hapur p\u00ebrpara ekspertiz\u00ebs s\u00eb p\u00ebrparuar. Produktivizoni n\u00eb m\u00ebnyr\u00eb monotonektale t\u00eb dh\u00ebna t\u00eb hulumtuara plot\u00ebsisht pa ekspertiz\u00eb efektive.<\/p><p>Vendosni n\u00eb m\u00ebnyr\u00eb autoritare meta-sh\u00ebrbime n\u00eb koh\u00eb p\u00ebrpara potencialeve virale. Rind\u00ebrmjet\u00ebsoni n\u00eb m\u00ebnyr\u00eb interaktive burimet e mund\u00ebsuara nga uebi kundrejt marr\u00ebdh\u00ebnieve kritike p\u00ebr misionin. Globalisht.<\/p>\t\t\t\t\t\t\t\t<\/div>\n\t\t\t\t<\/div>\n\t\t\t\t\t<\/div>\n\t\t<\/div>\n\t\t\t\t\t<\/div>\n\t\t<\/section>\n\t\t\t\t<section class=\"elementor-section elementor-top-section elementor-element elementor-element-e23dba6 elementor-section-boxed elementor-section-height-default elementor-section-height-default\" data-id=\"e23dba6\" data-element_type=\"section\" data-e-type=\"section\">\n\t\t\t\t\t\t<div class=\"elementor-container elementor-column-gap-default\">\n\t\t\t\t\t<div class=\"elementor-column elementor-col-100 elementor-top-column elementor-element elementor-element-2ce5d79\" data-id=\"2ce5d79\" data-element_type=\"column\" data-e-type=\"column\">\n\t\t\t<div class=\"elementor-column-wrap--2ce5d79 elementor-widget-wrap elementor-element-populated\">\n\t\t\t\t\t\t<div class=\"elementor-element elementor-element-078b239 elementor-widget elementor-widget-heading\" data-id=\"078b239\" data-element_type=\"widget\" data-e-type=\"widget\" data-widget_type=\"heading.default\">\n\t\t\t\t<div class=\"elementor-widget-container\">\n\t\t\t\t\t<h2 class=\"elementor-heading-title elementor-size-default\">zbritje dhe promovime<\/h2>\t\t\t\t<\/div>\n\t\t\t\t<\/div>\n\t\t\t\t<div class=\"elementor-element elementor-element-d4aae9f elementor-widget elementor-widget-text-editor\" data-id=\"d4aae9f\" data-element_type=\"widget\" data-e-type=\"widget\" data-widget_type=\"text-editor.default\">\n\t\t\t\t<div class=\"elementor-widget-container\">\n\t\t\t\t\t\t\t\t\t<h4>Transformoni plot\u00ebsisht vler\u00ebn efikase nd\u00ebrsa p\u00ebrvojat e lira.\u00a0<\/h4><p>Rip\u00ebrcaktoni n\u00eb m\u00ebnyr\u00eb bind\u00ebse portalet e korporatave me burime bashk\u00ebpunuese t\u00eb brendshme ose &quot;organike&quot;. Konceptualizoni n\u00eb m\u00ebnyr\u00eb fosfluoreshente procedurat e testimit B2C p\u00ebrmes tregjeve q\u00eb thithin burime. Nd\u00ebrtoni me shpejt\u00ebsi iniciativa me burim t\u00eb hapur p\u00ebrpara ekspertiz\u00ebs s\u00eb p\u00ebrparuar. Produktivizoni n\u00eb m\u00ebnyr\u00eb monotonektale t\u00eb dh\u00ebna t\u00eb hulumtuara plot\u00ebsisht pa ekspertiz\u00eb efektive.<\/p><p>Vendosni n\u00eb m\u00ebnyr\u00eb autoritare meta-sh\u00ebrbime n\u00eb koh\u00eb p\u00ebrpara potencialeve virale. Rind\u00ebrmjet\u00ebsoni n\u00eb m\u00ebnyr\u00eb interaktive burimet e mund\u00ebsuara nga uebi kundrejt marr\u00ebdh\u00ebnieve kritike p\u00ebr misionin. Globalisht.<\/p>\t\t\t\t\t\t\t\t<\/div>\n\t\t\t\t<\/div>\n\t\t\t\t<div class=\"elementor-element elementor-element-101d2d8 elementor-widget elementor-widget-text-editor\" data-id=\"101d2d8\" data-element_type=\"widget\" data-e-type=\"widget\" data-widget_type=\"text-editor.default\">\n\t\t\t\t<div class=\"elementor-widget-container\">\n\t\t\t\t\t\t\t\t\t<h4>Transformoni plot\u00ebsisht vler\u00ebn efikase nd\u00ebrsa p\u00ebrvojat e lira.\u00a0<\/h4><p>Rip\u00ebrcaktoni n\u00eb m\u00ebnyr\u00eb bind\u00ebse portalet e korporatave me burime bashk\u00ebpunuese t\u00eb brendshme ose &quot;organike&quot;. Konceptualizoni n\u00eb m\u00ebnyr\u00eb fosfluoreshente procedurat e testimit B2C p\u00ebrmes tregjeve q\u00eb thithin burime. Nd\u00ebrtoni me shpejt\u00ebsi iniciativa me burim t\u00eb hapur p\u00ebrpara ekspertiz\u00ebs s\u00eb p\u00ebrparuar. Produktivizoni n\u00eb m\u00ebnyr\u00eb monotonektale t\u00eb dh\u00ebna t\u00eb hulumtuara plot\u00ebsisht pa ekspertiz\u00eb efektive.<\/p><p>Vendosni n\u00eb m\u00ebnyr\u00eb autoritare meta-sh\u00ebrbime n\u00eb koh\u00eb p\u00ebrpara potencialeve virale. Rind\u00ebrmjet\u00ebsoni n\u00eb m\u00ebnyr\u00eb interaktive burimet e mund\u00ebsuara nga uebi kundrejt marr\u00ebdh\u00ebnieve kritike p\u00ebr misionin. Globalisht.<\/p>\t\t\t\t\t\t\t\t<\/div>\n\t\t\t\t<\/div>\n\t\t\t\t\t<\/div>\n\t\t<\/div>\n\t\t\t\t\t<\/div>\n\t\t<\/section>\n\t\t\t\t<section class=\"elementor-section elementor-top-section elementor-element elementor-element-9a4cbc8 elementor-section-boxed elementor-section-height-default elementor-section-height-default\" data-id=\"9a4cbc8\" data-element_type=\"section\" data-e-type=\"section\">\n\t\t\t\t\t\t<div class=\"elementor-container elementor-column-gap-default\">\n\t\t\t\t\t<div class=\"elementor-column elementor-col-100 elementor-top-column elementor-element elementor-element-7ad60e5\" data-id=\"7ad60e5\" data-element_type=\"column\" data-e-type=\"column\">\n\t\t\t<div class=\"elementor-column-wrap--7ad60e5 elementor-widget-wrap elementor-element-populated\">\n\t\t\t\t\t\t<div class=\"elementor-element elementor-element-f893843 elementor-widget elementor-widget-heading\" data-id=\"f893843\" data-element_type=\"widget\" data-e-type=\"widget\" data-widget_type=\"heading.default\">\n\t\t\t\t<div class=\"elementor-widget-container\">\n\t\t\t\t\t<h2 class=\"elementor-heading-title elementor-size-default\">porosit<\/h2>\t\t\t\t<\/div>\n\t\t\t\t<\/div>\n\t\t\t\t<div class=\"elementor-element elementor-element-7e5335f elementor-widget elementor-widget-text-editor\" data-id=\"7e5335f\" data-element_type=\"widget\" data-e-type=\"widget\" data-widget_type=\"text-editor.default\">\n\t\t\t\t<div class=\"elementor-widget-container\">\n\t\t\t\t\t\t\t\t\t<h4>Transformoni plot\u00ebsisht vler\u00ebn efikase nd\u00ebrsa p\u00ebrvojat e lira.\u00a0<\/h4><p>Konceptualizoni n\u00eb m\u00ebnyr\u00eb fosfluoreshente procedurat e testimit B2C p\u00ebrmes tregjeve q\u00eb thithin burime. Nd\u00ebrtoni me shpejt\u00ebsi iniciativa me burim t\u00eb hapur p\u00ebrpara ekspertiz\u00ebs s\u00eb p\u00ebrparuar. Produktivizoni n\u00eb m\u00ebnyr\u00eb monotonektale t\u00eb dh\u00ebna t\u00eb hulumtuara plot\u00ebsisht pa ekspertiz\u00eb efektive.<\/p><p>Vendosni n\u00eb m\u00ebnyr\u00eb autoritare meta-sh\u00ebrbime n\u00eb koh\u00eb p\u00ebrpara potencialeve virale. Rind\u00ebrmjet\u00ebsoni n\u00eb m\u00ebnyr\u00eb interaktive burimet e mund\u00ebsuara nga uebi kundrejt marr\u00ebdh\u00ebnieve kritike p\u00ebr misionin. Globalisht.<\/p>\t\t\t\t\t\t\t\t<\/div>\n\t\t\t\t<\/div>\n\t\t\t\t<div class=\"elementor-element elementor-element-62da41c elementor-widget elementor-widget-text-editor\" data-id=\"62da41c\" data-element_type=\"widget\" data-e-type=\"widget\" data-widget_type=\"text-editor.default\">\n\t\t\t\t<div class=\"elementor-widget-container\">\n\t\t\t\t\t\t\t\t\t<h4>Transformoni plot\u00ebsisht vler\u00ebn efikase nd\u00ebrsa p\u00ebrvojat e lira.\u00a0<\/h4><p>Rip\u00ebrcaktoni n\u00eb m\u00ebnyr\u00eb bind\u00ebse portalet e korporatave me burime bashk\u00ebpunuese t\u00eb brendshme ose &quot;organike&quot;. Konceptualizoni n\u00eb m\u00ebnyr\u00eb fosfluoreshente procedurat e testimit B2C p\u00ebrmes tregjeve q\u00eb thithin burime.\u00a0<\/p><p>Vendosni n\u00eb m\u00ebnyr\u00eb autoritare meta-sh\u00ebrbime n\u00eb koh\u00eb p\u00ebrpara potencialeve virale. Rind\u00ebrmjet\u00ebsoni n\u00eb m\u00ebnyr\u00eb interaktive burimet e mund\u00ebsuara nga uebi kundrejt marr\u00ebdh\u00ebnieve kritike p\u00ebr misionin. Globalisht.<\/p>\t\t\t\t\t\t\t\t<\/div>\n\t\t\t\t<\/div>\n\t\t\t\t\t<\/div>\n\t\t<\/div>\n\t\t\t\t\t<\/div>\n\t\t<\/section>\n\t\t\t\t<section class=\"elementor-section elementor-top-section elementor-element elementor-element-43d8c4d elementor-section-boxed elementor-section-height-default elementor-section-height-default\" data-id=\"43d8c4d\" data-element_type=\"section\" data-e-type=\"section\">\n\t\t\t\t\t\t<div class=\"elementor-container elementor-column-gap-default\">\n\t\t\t\t\t<div class=\"elementor-column elementor-col-100 elementor-top-column elementor-element elementor-element-57cca4b\" data-id=\"57cca4b\" data-element_type=\"column\" data-e-type=\"column\">\n\t\t\t<div class=\"elementor-column-wrap--57cca4b elementor-widget-wrap elementor-element-populated\">\n\t\t\t\t\t\t<div class=\"elementor-element elementor-element-235ed66 elementor-widget elementor-widget-heading\" data-id=\"235ed66\" data-element_type=\"widget\" data-e-type=\"widget\" data-widget_type=\"heading.default\">\n\t\t\t\t<div class=\"elementor-widget-container\">\n\t\t\t\t\t<h2 class=\"elementor-heading-title elementor-size-default\">pyetje t\u00eb p\u00ebrgjithshme<\/h2>\t\t\t\t<\/div>\n\t\t\t\t<\/div>\n\t\t\t\t<div class=\"elementor-element elementor-element-227e4aa elementor-widget elementor-widget-text-editor\" data-id=\"227e4aa\" data-element_type=\"widget\" data-e-type=\"widget\" data-widget_type=\"text-editor.default\">\n\t\t\t\t<div class=\"elementor-widget-container\">\n\t\t\t\t\t\t\t\t\t<h4>Transformoni plot\u00ebsisht vler\u00ebn efikase nd\u00ebrsa p\u00ebrvojat e lira.\u00a0<\/h4><p><span style=\"background-color: var(--body-bg); color: var(--body-color); font-family: var(--body-font-family), sans-serif; font-size: var(--body-font-size); font-weight: var(--body-font-weight);\">Vendosni n\u00eb m\u00ebnyr\u00eb autoritare meta-sh\u00ebrbime n\u00eb koh\u00eb p\u00ebrpara potencialeve virale. Rind\u00ebrmjet\u00ebsoni n\u00eb m\u00ebnyr\u00eb interaktive burimet e mund\u00ebsuara nga uebi kundrejt marr\u00ebdh\u00ebnieve kritike p\u00ebr misionin. Globalisht.<\/span><\/p>\t\t\t\t\t\t\t\t<\/div>\n\t\t\t\t<\/div>\n\t\t\t\t<div class=\"elementor-element elementor-element-e7cd3dc elementor-widget elementor-widget-text-editor\" data-id=\"e7cd3dc\" data-element_type=\"widget\" data-e-type=\"widget\" data-widget_type=\"text-editor.default\">\n\t\t\t\t<div class=\"elementor-widget-container\">\n\t\t\t\t\t\t\t\t\t<h4>Transformoni plot\u00ebsisht vler\u00ebn efikase nd\u00ebrsa p\u00ebrvojat e lira.\u00a0<\/h4><p>Rip\u00ebrcaktoni n\u00eb m\u00ebnyr\u00eb bind\u00ebse portalet e korporatave me burime bashk\u00ebpunuese t\u00eb brendshme ose &quot;organike&quot;. Konceptualizoni n\u00eb m\u00ebnyr\u00eb fosfluoreshente procedurat e testimit B2C p\u00ebrmes tregjeve q\u00eb thithin burime. Nd\u00ebrtoni me shpejt\u00ebsi iniciativa me burim t\u00eb hapur p\u00ebrpara ekspertiz\u00ebs s\u00eb p\u00ebrparuar. Produktivizoni n\u00eb m\u00ebnyr\u00eb monotonektale t\u00eb dh\u00ebna t\u00eb hulumtuara plot\u00ebsisht pa ekspertiz\u00eb efektive.<\/p>\t\t\t\t\t\t\t\t<\/div>\n\t\t\t\t<\/div>\n\t\t\t\t\t<\/div>\n\t\t<\/div>\n\t\t\t\t\t<\/div>\n\t\t<\/section>\n\t\t\t\t<\/div>","protected":false},"excerpt":{"rendered":"","protected":false},"author":1,"featured_media":0,"parent":0,"menu_order":0,"comment_status":"closed","ping_status":"closed","template":"template-builder.php","meta":{"_acf_changed":false,"inline_featured_image":false,"footnotes":""},"class_list":["post-611","page","type-page","status-publish","hentry"],"acf":[],"yoast_head":"<!-- This site is optimized with the Yoast SEO plugin v27.4 - https:\/\/yoast.com\/product\/yoast-seo-wordpress\/ -->\n<title>Frequently Asked Questions | Southside Stories<\/title>\n<meta name=\"robots\" content=\"index, follow, max-snippet:-1, max-image-preview:large, max-video-preview:-1\" \/>\n<link rel=\"canonical\" href=\"https:\/\/southside-stories.com\/sq\/pyetje-te-shpeshta\/\" \/>\n<meta property=\"og:locale\" content=\"sq_AL\" \/>\n<meta property=\"og:type\" content=\"article\" \/>\n<meta property=\"og:title\" content=\"Frequently Asked Questions | Southside Stories\" \/>\n<meta property=\"og:url\" content=\"https:\/\/southside-stories.com\/sq\/pyetje-te-shpeshta\/\" \/>\n<meta property=\"og:site_name\" content=\"Southside Stories\" \/>\n<meta property=\"article:publisher\" content=\"https:\/\/www.facebook.com\/southsidestoriesproductions\/\" \/>\n<meta name=\"twitter:card\" content=\"summary_large_image\" \/>\n<meta name=\"twitter:site\" content=\"@southsidesto\" \/>\n<script type=\"application\/ld+json\" class=\"yoast-schema-graph\">{\"@context\":\"https:\\\/\\\/schema.org\",\"@graph\":[{\"@type\":\"WebPage\",\"@id\":\"https:\\\/\\\/southside-stories.com\\\/frequently-asked-questions\\\/\",\"url\":\"https:\\\/\\\/southside-stories.com\\\/frequently-asked-questions\\\/\",\"name\":\"Frequently Asked Questions | Southside Stories\",\"isPartOf\":{\"@id\":\"https:\\\/\\\/southside-stories.com\\\/#website\"},\"datePublished\":\"2019-05-28T06:33:44+00:00\",\"breadcrumb\":{\"@id\":\"https:\\\/\\\/southside-stories.com\\\/frequently-asked-questions\\\/#breadcrumb\"},\"inLanguage\":\"sq\",\"potentialAction\":[{\"@type\":\"ReadAction\",\"target\":[\"https:\\\/\\\/southside-stories.com\\\/frequently-asked-questions\\\/\"]}]},{\"@type\":\"BreadcrumbList\",\"@id\":\"https:\\\/\\\/southside-stories.com\\\/frequently-asked-questions\\\/#breadcrumb\",\"itemListElement\":[{\"@type\":\"ListItem\",\"position\":1,\"name\":\"Home\",\"item\":\"https:\\\/\\\/southside-stories.com\\\/\"},{\"@type\":\"ListItem\",\"position\":2,\"name\":\"Frequently Asked Questions\"}]},{\"@type\":\"WebSite\",\"@id\":\"https:\\\/\\\/southside-stories.com\\\/#website\",\"url\":\"https:\\\/\\\/southside-stories.com\\\/\",\"name\":\"Southside Stories\",\"description\":\"Graphic Novels\",\"publisher\":{\"@id\":\"https:\\\/\\\/southside-stories.com\\\/#organization\"},\"potentialAction\":[{\"@type\":\"SearchAction\",\"target\":{\"@type\":\"EntryPoint\",\"urlTemplate\":\"https:\\\/\\\/southside-stories.com\\\/?s={search_term_string}\"},\"query-input\":{\"@type\":\"PropertyValueSpecification\",\"valueRequired\":true,\"valueName\":\"search_term_string\"}}],\"inLanguage\":\"sq\"},{\"@type\":\"Organization\",\"@id\":\"https:\\\/\\\/southside-stories.com\\\/#organization\",\"name\":\"Southside Stories\",\"url\":\"https:\\\/\\\/southside-stories.com\\\/\",\"logo\":{\"@type\":\"ImageObject\",\"inLanguage\":\"sq\",\"@id\":\"https:\\\/\\\/southside-stories.com\\\/#\\\/schema\\\/logo\\\/image\\\/\",\"url\":\"https:\\\/\\\/southside-stories.com\\\/wp-content\\\/uploads\\\/2021\\\/06\\\/South-Side-STORIES-black.svg\",\"contentUrl\":\"https:\\\/\\\/southside-stories.com\\\/wp-content\\\/uploads\\\/2021\\\/06\\\/South-Side-STORIES-black.svg\",\"width\":300,\"height\":108,\"caption\":\"Southside Stories\"},\"image\":{\"@id\":\"https:\\\/\\\/southside-stories.com\\\/#\\\/schema\\\/logo\\\/image\\\/\"},\"sameAs\":[\"https:\\\/\\\/www.facebook.com\\\/southsidestoriesproductions\\\/\",\"https:\\\/\\\/x.com\\\/southsidesto\",\"https:\\\/\\\/www.instagram.com\\\/southsidestorieslondon\\\/\",\"https:\\\/\\\/www.tiktok.com\\\/@southsidestorieslondon\"]}]}<\/script>\n<!-- \/ Yoast SEO plugin. -->","yoast_head_json":{"title":"Pyetje t\u00eb Shpeshta | Historit\u00eb e Southside","robots":{"index":"index","follow":"follow","max-snippet":"max-snippet:-1","max-image-preview":"max-image-preview:large","max-video-preview":"max-video-preview:-1"},"canonical":"https:\/\/southside-stories.com\/sq\/pyetje-te-shpeshta\/","og_locale":"sq_AL","og_type":"article","og_title":"Frequently Asked Questions | Southside Stories","og_url":"https:\/\/southside-stories.com\/sq\/pyetje-te-shpeshta\/","og_site_name":"Southside Stories","article_publisher":"https:\/\/www.facebook.com\/southsidestoriesproductions\/","twitter_card":"summary_large_image","twitter_site":"@southsidesto","schema":{"@context":"https:\/\/schema.org","@graph":[{"@type":"WebPage","@id":"https:\/\/southside-stories.com\/frequently-asked-questions\/","url":"https:\/\/southside-stories.com\/frequently-asked-questions\/","name":"Pyetje t\u00eb Shpeshta | Historit\u00eb e Southside","isPartOf":{"@id":"https:\/\/southside-stories.com\/#website"},"datePublished":"2019-05-28T06:33:44+00:00","breadcrumb":{"@id":"https:\/\/southside-stories.com\/frequently-asked-questions\/#breadcrumb"},"inLanguage":"sq","potentialAction":[{"@type":"ReadAction","target":["https:\/\/southside-stories.com\/frequently-asked-questions\/"]}]},{"@type":"BreadcrumbList","@id":"https:\/\/southside-stories.com\/frequently-asked-questions\/#breadcrumb","itemListElement":[{"@type":"ListItem","position":1,"name":"Home","item":"https:\/\/southside-stories.com\/"},{"@type":"ListItem","position":2,"name":"Frequently Asked Questions"}]},{"@type":"WebSite","@id":"https:\/\/southside-stories.com\/#website","url":"https:\/\/southside-stories.com\/","name":"Historit\u00eb e Southside","description":"Novela Grafike","publisher":{"@id":"https:\/\/southside-stories.com\/#organization"},"potentialAction":[{"@type":"SearchAction","target":{"@type":"EntryPoint","urlTemplate":"https:\/\/southside-stories.com\/?s={search_term_string}"},"query-input":{"@type":"PropertyValueSpecification","valueRequired":true,"valueName":"search_term_string"}}],"inLanguage":"sq"},{"@type":"Organization","@id":"https:\/\/southside-stories.com\/#organization","name":"Historit\u00eb e Southside","url":"https:\/\/southside-stories.com\/","logo":{"@type":"ImageObject","inLanguage":"sq","@id":"https:\/\/southside-stories.com\/#\/schema\/logo\/image\/","url":"https:\/\/southside-stories.com\/wp-content\/uploads\/2021\/06\/South-Side-STORIES-black.svg","contentUrl":"https:\/\/southside-stories.com\/wp-content\/uploads\/2021\/06\/South-Side-STORIES-black.svg","width":300,"height":108,"caption":"Southside Stories"},"image":{"@id":"https:\/\/southside-stories.com\/#\/schema\/logo\/image\/"},"sameAs":["https:\/\/www.facebook.com\/southsidestoriesproductions\/","https:\/\/x.com\/southsidesto","https:\/\/www.instagram.com\/southsidestorieslondon\/","https:\/\/www.tiktok.com\/@southsidestorieslondon"]}]}},"_links":{"self":[{"href":"https:\/\/southside-stories.com\/sq\/wp-json\/wp\/v2\/pages\/611","targetHints":{"allow":["GET"]}}],"collection":[{"href":"https:\/\/southside-stories.com\/sq\/wp-json\/wp\/v2\/pages"}],"about":[{"href":"https:\/\/southside-stories.com\/sq\/wp-json\/wp\/v2\/types\/page"}],"author":[{"embeddable":true,"href":"https:\/\/southside-stories.com\/sq\/wp-json\/wp\/v2\/users\/1"}],"replies":[{"embeddable":true,"href":"https:\/\/southside-stories.com\/sq\/wp-json\/wp\/v2\/comments?post=611"}],"version-history":[{"count":0,"href":"https:\/\/southside-stories.com\/sq\/wp-json\/wp\/v2\/pages\/611\/revisions"}],"wp:attachment":[{"href":"https:\/\/southside-stories.com\/sq\/wp-json\/wp\/v2\/media?parent=611"}],"curies":[{"name":"wp","href":"https:\/\/api.w.org\/{rel}","templated":true}]}}