{"id":169,"date":"2023-04-12T17:35:53","date_gmt":"2023-04-12T17:35:53","guid":{"rendered":"https:\/\/southsidestori.wpengine.com\/?page_id=169"},"modified":"2023-04-12T17:36:46","modified_gmt":"2023-04-12T17:36:46","slug":"politika-e-rimbursimit-dhe-kthimit","status":"publish","type":"page","link":"https:\/\/southside-stories.com\/sq\/refund-and-returns-policy\/","title":{"rendered":"Politika e Rimbursimit dhe Kthimit"},"content":{"rendered":"<div data-elementor-type=\"wp-page\" data-elementor-id=\"169\" class=\"elementor elementor-169\" data-elementor-post-type=\"page\">\n\t\t\t\t\t\t<section class=\"elementor-section elementor-top-section elementor-element elementor-element-74c3a301 elementor-section-boxed elementor-section-height-default elementor-section-height-default\" data-id=\"74c3a301\" data-element_type=\"section\" data-e-type=\"section\">\n\t\t\t\t\t\t<div class=\"elementor-container elementor-column-gap-default\">\n\t\t\t\t\t<div class=\"elementor-column elementor-col-100 elementor-top-column elementor-element elementor-element-7013ef69\" data-id=\"7013ef69\" data-element_type=\"column\" data-e-type=\"column\">\n\t\t\t<div class=\"elementor-column-wrap--7013ef69 elementor-widget-wrap elementor-element-populated\">\n\t\t\t\t\t\t<div class=\"elementor-element elementor-element-7a74e567 elementor-widget elementor-widget-text-editor\" data-id=\"7a74e567\" data-element_type=\"widget\" data-e-type=\"widget\" data-widget_type=\"text-editor.default\">\n\t\t\t\t<div class=\"elementor-widget-container\">\n\t\t\t\t\t\t\t\t\t\n\n\n<h2>Politika e Rimbursimeve dhe Kthimeve<\/h2>\n\n\n<p>Politika jon\u00eb e rimbursimit dhe kthimit zgjat 30 dit\u00eb. N\u00ebse kan\u00eb kaluar 30 dit\u00eb nga blerja juaj, ne nuk mund t&#039;ju ofrojm\u00eb nj\u00eb rimbursim t\u00eb plot\u00eb ose shk\u00ebmbim.<\/p>\n\n\n\n<p>P\u00ebr t&#039;u kualifikuar p\u00ebr kthim, artikulli juaj duhet t\u00eb jet\u00eb i pap\u00ebrdorur dhe n\u00eb t\u00eb nj\u00ebjt\u00ebn gjendje n\u00eb t\u00eb cil\u00ebn e keni marr\u00eb. Gjithashtu, duhet t\u00eb jet\u00eb n\u00eb paketimin origjinal.<\/p>\n\n\n\n\n\n<p>P\u00ebr t\u00eb p\u00ebrfunduar kthimin tuaj, na duhet nj\u00eb fatur\u00eb ose prov\u00eb blerjeje.<\/p>\n\n\n\n<p>Ju lutemi mos e ktheni blerjen tuaj te prodhuesi.<\/p>\n\n\n\n<p>Ka situata t\u00eb caktuara kur jepen vet\u00ebm rimbursime t\u00eb pjesshme:<\/p>\n\n\n\n<ul class=\"wp-block-list\">\n<li>Lib\u00ebr me shenja t\u00eb dukshme p\u00ebrdorimi<\/li>\n<li>\u00c7do artikull q\u00eb nuk \u00ebsht\u00eb n\u00eb gjendjen e tij origjinale \u00ebsht\u00eb i d\u00ebmtuar ose i mungojn\u00eb pjes\u00eb p\u00ebr arsye q\u00eb nuk vijn\u00eb si pasoj\u00eb e gabimit ton\u00eb.<\/li>\n<li>\u00c7do artikull q\u00eb kthehet m\u00eb shum\u00eb se 30 dit\u00eb pas dor\u00ebzimit<\/li>\n<\/ul>\n\n\n\n<h2>Rimbursimet<\/h2>\n\n\n\n<p>Pasi kthimi juaj t\u00eb jet\u00eb pranuar dhe inspektuar, ne do t&#039;ju d\u00ebrgojm\u00eb nj\u00eb email p\u00ebr t&#039;ju njoftuar se e kemi marr\u00eb artikullin tuaj t\u00eb kthyer. Gjithashtu do t&#039;ju njoftojm\u00eb p\u00ebr miratimin ose refuzimin e rimbursimit tuaj.<\/p>\n\n\n\n<p>N\u00ebse miratoheni, rimbursimi juaj do t\u00eb p\u00ebrpunohet dhe nj\u00eb kredi do t\u00eb aplikohet automatikisht n\u00eb kart\u00ebn tuaj t\u00eb kreditit ose n\u00eb metod\u00ebn origjinale t\u00eb pages\u00ebs, brenda nj\u00eb numri t\u00eb caktuar dit\u00ebsh.<\/p>\n\n\n\n<h3><b>Rimbursime t\u00eb vonuara ose t\u00eb humbura<\/b><\/h3>\n\n\n\n<p>N\u00ebse nuk keni marr\u00eb ende nj\u00eb rimbursim, kontrolloni p\u00ebrs\u00ebri llogarin\u00eb tuaj bankare.<\/p>\n\n\n\n<p>Pastaj kontaktoni kompanin\u00eb e kart\u00ebs suaj t\u00eb kreditit, mund t\u00eb duhet pak koh\u00eb para se rimbursimi juaj t\u00eb regjistrohet zyrtarisht.<\/p>\n\n\n\n<p>M\u00eb pas, kontaktoni bank\u00ebn tuaj. Shpesh ka nj\u00ebfar\u00eb kohe p\u00ebrpunimi p\u00ebrpara se t\u00eb regjistrohet nj\u00eb rimbursim.<\/p>\n\n\n\n<p>N\u00ebse i keni b\u00ebr\u00eb t\u00eb gjitha k\u00ebto dhe ende nuk e keni marr\u00eb rimbursimin tuaj, ju lutemi na kontaktoni n\u00eb {email address}.<\/p>\n\n\n\n<h3><b>Artikuj n\u00eb ofert\u00eb<\/b><\/h3>\n\n\n\n<p>Vet\u00ebm artikujt me \u00e7mim t\u00eb rregullt mund t\u00eb rimbursohen. Artikujt n\u00eb ofert\u00eb nuk mund t\u00eb rimbursohen.<\/p>\n\n\n\n<h3>Bursat<\/h3>\n\n\n\n<p>Ne i z\u00ebvend\u00ebsojm\u00eb artikujt vet\u00ebm n\u00ebse jan\u00eb me defekt ose t\u00eb d\u00ebmtuar. N\u00ebse keni nevoj\u00eb ta nd\u00ebrroni me t\u00eb nj\u00ebjtin artikull, na d\u00ebrgoni nj\u00eb email n\u00eb {info@southside-stories.com}.<\/p>\n\n\n\n\n<h3>Kthimet e Transportit<\/h3>\n\n\n\n<p>P\u00ebr t\u00eb kthyer produktin tuaj, ju lutemi na njoftoni dhe ne do t&#039;ju japim adres\u00ebn ton\u00eb.<\/p>\n\n\n\n<p>Ju do t\u00eb jeni p\u00ebrgjegj\u00ebs p\u00ebr t\u00eb paguar kostot tuaja t\u00eb transportit p\u00ebr kthimin e artikullit tuaj. Kostot e transportit nuk rimbursohen. N\u00ebse merrni nj\u00eb rimbursim, kostoja e transportit t\u00eb kthimit do t\u00eb zbritet nga rimbursimi juaj.<\/p>\n\n\n\n<p>N\u00eb var\u00ebsi t\u00eb vendit ku jetoni, koha q\u00eb mund t\u00eb duhet q\u00eb produkti i shk\u00ebmbyer t\u00eb arrij\u00eb tek ju mund t\u00eb ndryshoj\u00eb.<\/p>\n\n\n\n<p>N\u00ebse po ktheni artikuj m\u00eb t\u00eb shtrenjt\u00eb, mund t\u00eb merrni n\u00eb konsiderat\u00eb p\u00ebrdorimin e nj\u00eb sh\u00ebrbimi d\u00ebrgesash t\u00eb gjurmuesh\u00ebm ose blerjen e sigurimit t\u00eb d\u00ebrges\u00ebs. Ne nuk garantojm\u00eb se do ta marrim artikullin tuaj t\u00eb kthyer.<\/p>\n\n\n\n<h4>Keni nevoj\u00eb p\u00ebr ndihm\u00eb?<\/h4>\n\n\n\n<p>Na kontaktoni n\u00eb info@southside-stories.com p\u00ebr pyetje n\u00eb lidhje me rimbursimet dhe kthimet.<\/p>\n\t\t\t\t\t\t\t\t<\/div>\n\t\t\t\t<\/div>\n\t\t\t\t\t<\/div>\n\t\t<\/div>\n\t\t\t\t\t<\/div>\n\t\t<\/section>\n\t\t\t\t<\/div>","protected":false},"excerpt":{"rendered":"<p>Refunds and Returns Policy Our refund and returns policy lasts 30 days. If 30 days have passed since your purchase, we can\u2019t offer you a full refund or exchange. To be eligible for a return, your item must be unused and in the same condition that you received it. It must also be in the [&hellip;]<\/p>\n","protected":false},"author":1,"featured_media":0,"parent":0,"menu_order":0,"comment_status":"closed","ping_status":"closed","template":"elementor_header_footer","meta":{"_acf_changed":false,"inline_featured_image":false,"footnotes":""},"class_list":["post-169","page","type-page","status-publish","hentry"],"acf":[],"yoast_head":"<!-- This site is optimized with the Yoast SEO plugin v27.5 - https:\/\/yoast.com\/product\/yoast-seo-wordpress\/ -->\n<title>Refund and Returns Policy | Southside Stories<\/title>\n<meta name=\"robots\" content=\"index, follow, max-snippet:-1, max-image-preview:large, max-video-preview:-1\" \/>\n<link rel=\"canonical\" href=\"https:\/\/southside-stories.com\/sq\/politika-e-rimbursimit-dhe-kthimit\/\" \/>\n<meta property=\"og:locale\" content=\"sq_AL\" \/>\n<meta property=\"og:type\" content=\"article\" \/>\n<meta property=\"og:title\" content=\"Refund and Returns Policy | Southside Stories\" \/>\n<meta property=\"og:description\" content=\"Refunds and Returns Policy Our refund and returns policy lasts 30 days. If 30 days have passed since your purchase, we can\u2019t offer you a full refund or exchange. To be eligible for a return, your item must be unused and in the same condition that you received it. It must also be in the [&hellip;]\" \/>\n<meta property=\"og:url\" content=\"https:\/\/southside-stories.com\/sq\/politika-e-rimbursimit-dhe-kthimit\/\" \/>\n<meta property=\"og:site_name\" content=\"Southside Stories\" \/>\n<meta property=\"article:publisher\" content=\"https:\/\/www.facebook.com\/southsidestoriesproductions\/\" \/>\n<meta property=\"article:modified_time\" content=\"2023-04-12T17:36:46+00:00\" \/>\n<meta name=\"twitter:card\" content=\"summary_large_image\" \/>\n<meta name=\"twitter:site\" content=\"@southsidesto\" \/>\n<meta name=\"twitter:label1\" content=\"Est. reading time\" \/>\n\t<meta name=\"twitter:data1\" content=\"2 minuta\" \/>\n<script type=\"application\/ld+json\" class=\"yoast-schema-graph\">{\"@context\":\"https:\\\/\\\/schema.org\",\"@graph\":[{\"@type\":\"WebPage\",\"@id\":\"https:\\\/\\\/southside-stories.com\\\/refund-and-returns-policy\\\/\",\"url\":\"https:\\\/\\\/southside-stories.com\\\/refund-and-returns-policy\\\/\",\"name\":\"Refund and Returns Policy | Southside Stories\",\"isPartOf\":{\"@id\":\"https:\\\/\\\/southside-stories.com\\\/#website\"},\"datePublished\":\"2023-04-12T17:35:53+00:00\",\"dateModified\":\"2023-04-12T17:36:46+00:00\",\"breadcrumb\":{\"@id\":\"https:\\\/\\\/southside-stories.com\\\/refund-and-returns-policy\\\/#breadcrumb\"},\"inLanguage\":\"sq\",\"potentialAction\":[{\"@type\":\"ReadAction\",\"target\":[\"https:\\\/\\\/southside-stories.com\\\/refund-and-returns-policy\\\/\"]}]},{\"@type\":\"BreadcrumbList\",\"@id\":\"https:\\\/\\\/southside-stories.com\\\/refund-and-returns-policy\\\/#breadcrumb\",\"itemListElement\":[{\"@type\":\"ListItem\",\"position\":1,\"name\":\"Home\",\"item\":\"https:\\\/\\\/southside-stories.com\\\/\"},{\"@type\":\"ListItem\",\"position\":2,\"name\":\"Refund and Returns Policy\"}]},{\"@type\":\"WebSite\",\"@id\":\"https:\\\/\\\/southside-stories.com\\\/#website\",\"url\":\"https:\\\/\\\/southside-stories.com\\\/\",\"name\":\"Southside Stories\",\"description\":\"Graphic Novels\",\"publisher\":{\"@id\":\"https:\\\/\\\/southside-stories.com\\\/#organization\"},\"potentialAction\":[{\"@type\":\"SearchAction\",\"target\":{\"@type\":\"EntryPoint\",\"urlTemplate\":\"https:\\\/\\\/southside-stories.com\\\/?s={search_term_string}\"},\"query-input\":{\"@type\":\"PropertyValueSpecification\",\"valueRequired\":true,\"valueName\":\"search_term_string\"}}],\"inLanguage\":\"sq\"},{\"@type\":\"Organization\",\"@id\":\"https:\\\/\\\/southside-stories.com\\\/#organization\",\"name\":\"Southside Stories\",\"url\":\"https:\\\/\\\/southside-stories.com\\\/\",\"logo\":{\"@type\":\"ImageObject\",\"inLanguage\":\"sq\",\"@id\":\"https:\\\/\\\/southside-stories.com\\\/#\\\/schema\\\/logo\\\/image\\\/\",\"url\":\"https:\\\/\\\/southside-stories.com\\\/wp-content\\\/uploads\\\/2021\\\/06\\\/South-Side-STORIES-black.svg\",\"contentUrl\":\"https:\\\/\\\/southside-stories.com\\\/wp-content\\\/uploads\\\/2021\\\/06\\\/South-Side-STORIES-black.svg\",\"width\":300,\"height\":108,\"caption\":\"Southside Stories\"},\"image\":{\"@id\":\"https:\\\/\\\/southside-stories.com\\\/#\\\/schema\\\/logo\\\/image\\\/\"},\"sameAs\":[\"https:\\\/\\\/www.facebook.com\\\/southsidestoriesproductions\\\/\",\"https:\\\/\\\/x.com\\\/southsidesto\",\"https:\\\/\\\/www.instagram.com\\\/southsidestorieslondon\\\/\",\"https:\\\/\\\/www.tiktok.com\\\/@southsidestorieslondon\"]}]}<\/script>\n<!-- \/ Yoast SEO plugin. -->","yoast_head_json":{"title":"Politika e Rimbursimit dhe Kthimit | Southside Stories","robots":{"index":"index","follow":"follow","max-snippet":"max-snippet:-1","max-image-preview":"max-image-preview:large","max-video-preview":"max-video-preview:-1"},"canonical":"https:\/\/southside-stories.com\/sq\/politika-e-rimbursimit-dhe-kthimit\/","og_locale":"sq_AL","og_type":"article","og_title":"Refund and Returns Policy | Southside Stories","og_description":"Refunds and Returns Policy Our refund and returns policy lasts 30 days. If 30 days have passed since your purchase, we can\u2019t offer you a full refund or exchange. To be eligible for a return, your item must be unused and in the same condition that you received it. It must also be in the [&hellip;]","og_url":"https:\/\/southside-stories.com\/sq\/politika-e-rimbursimit-dhe-kthimit\/","og_site_name":"Southside Stories","article_publisher":"https:\/\/www.facebook.com\/southsidestoriesproductions\/","article_modified_time":"2023-04-12T17:36:46+00:00","twitter_card":"summary_large_image","twitter_site":"@southsidesto","twitter_misc":{"Est. reading time":"2 minuta"},"schema":{"@context":"https:\/\/schema.org","@graph":[{"@type":"WebPage","@id":"https:\/\/southside-stories.com\/refund-and-returns-policy\/","url":"https:\/\/southside-stories.com\/refund-and-returns-policy\/","name":"Politika e Rimbursimit dhe Kthimit | Southside Stories","isPartOf":{"@id":"https:\/\/southside-stories.com\/#website"},"datePublished":"2023-04-12T17:35:53+00:00","dateModified":"2023-04-12T17:36:46+00:00","breadcrumb":{"@id":"https:\/\/southside-stories.com\/refund-and-returns-policy\/#breadcrumb"},"inLanguage":"sq","potentialAction":[{"@type":"ReadAction","target":["https:\/\/southside-stories.com\/refund-and-returns-policy\/"]}]},{"@type":"BreadcrumbList","@id":"https:\/\/southside-stories.com\/refund-and-returns-policy\/#breadcrumb","itemListElement":[{"@type":"ListItem","position":1,"name":"Home","item":"https:\/\/southside-stories.com\/"},{"@type":"ListItem","position":2,"name":"Refund and Returns Policy"}]},{"@type":"WebSite","@id":"https:\/\/southside-stories.com\/#website","url":"https:\/\/southside-stories.com\/","name":"Historit\u00eb e Southside","description":"Novela Grafike","publisher":{"@id":"https:\/\/southside-stories.com\/#organization"},"potentialAction":[{"@type":"SearchAction","target":{"@type":"EntryPoint","urlTemplate":"https:\/\/southside-stories.com\/?s={search_term_string}"},"query-input":{"@type":"PropertyValueSpecification","valueRequired":true,"valueName":"search_term_string"}}],"inLanguage":"sq"},{"@type":"Organization","@id":"https:\/\/southside-stories.com\/#organization","name":"Historit\u00eb e Southside","url":"https:\/\/southside-stories.com\/","logo":{"@type":"ImageObject","inLanguage":"sq","@id":"https:\/\/southside-stories.com\/#\/schema\/logo\/image\/","url":"https:\/\/southside-stories.com\/wp-content\/uploads\/2021\/06\/South-Side-STORIES-black.svg","contentUrl":"https:\/\/southside-stories.com\/wp-content\/uploads\/2021\/06\/South-Side-STORIES-black.svg","width":300,"height":108,"caption":"Southside Stories"},"image":{"@id":"https:\/\/southside-stories.com\/#\/schema\/logo\/image\/"},"sameAs":["https:\/\/www.facebook.com\/southsidestoriesproductions\/","https:\/\/x.com\/southsidesto","https:\/\/www.instagram.com\/southsidestorieslondon\/","https:\/\/www.tiktok.com\/@southsidestorieslondon"]}]}},"_links":{"self":[{"href":"https:\/\/southside-stories.com\/sq\/wp-json\/wp\/v2\/pages\/169","targetHints":{"allow":["GET"]}}],"collection":[{"href":"https:\/\/southside-stories.com\/sq\/wp-json\/wp\/v2\/pages"}],"about":[{"href":"https:\/\/southside-stories.com\/sq\/wp-json\/wp\/v2\/types\/page"}],"author":[{"embeddable":true,"href":"https:\/\/southside-stories.com\/sq\/wp-json\/wp\/v2\/users\/1"}],"replies":[{"embeddable":true,"href":"https:\/\/southside-stories.com\/sq\/wp-json\/wp\/v2\/comments?post=169"}],"version-history":[{"count":0,"href":"https:\/\/southside-stories.com\/sq\/wp-json\/wp\/v2\/pages\/169\/revisions"}],"wp:attachment":[{"href":"https:\/\/southside-stories.com\/sq\/wp-json\/wp\/v2\/media?parent=169"}],"curies":[{"name":"wp","href":"https:\/\/api.w.org\/{rel}","templated":true}]}}