{"id":1556,"date":"2023-04-09T15:18:00","date_gmt":"2023-04-09T15:18:00","guid":{"rendered":"https:\/\/southsidestori.wpengine.com\/?page_id=1556"},"modified":"2025-08-23T08:28:55","modified_gmt":"2025-08-23T08:28:55","slug":"informativa-sulla-privacy","status":"publish","type":"page","link":"https:\/\/southside-stories.com\/it\/privacy-policy\/","title":{"rendered":"Informativa sulla privacy"},"content":{"rendered":"<div data-elementor-type=\"wp-page\" data-elementor-id=\"1556\" class=\"elementor elementor-1556\" data-elementor-post-type=\"page\">\n\t\t\t\t<div class=\"e-con-top elementor-element elementor-element-f68c5e1 e-flex e-con-boxed e-con e-parent\" data-id=\"f68c5e1\" data-element_type=\"container\" data-e-type=\"container\">\n\t\t\t\t\t<div class=\"e-con-inner\">\n\t\t\t\t<div class=\"elementor-element elementor-element-eee078a elementor-widget elementor-widget-heading\" data-id=\"eee078a\" data-element_type=\"widget\" data-e-type=\"widget\" data-widget_type=\"heading.default\">\n\t\t\t\t<div class=\"elementor-widget-container\">\n\t\t\t\t\t<h2 class=\"elementor-heading-title elementor-size-default\">Informativa sulla privacy<\/h2>\t\t\t\t<\/div>\n\t\t\t\t<\/div>\n\t\t\t\t<div class=\"elementor-element elementor-element-ba1dfff elementor-widget elementor-widget-text-editor\" data-id=\"ba1dfff\" data-element_type=\"widget\" data-e-type=\"widget\" data-widget_type=\"text-editor.default\">\n\t\t\t\t<div class=\"elementor-widget-container\">\n\t\t\t\t\t\t\t\t\tQueste informazioni sono aggiornate al 10 aprile 2023 e saranno aggiornate regolarmente, quindi vi invitiamo a consultare questa pagina se desiderate informazioni aggiornate. Questa pagina definisce la politica sulla privacy adottata da Southside Stories.\n<h2>Chi siamo<\/h2>\nL'indirizzo del nostro sito web \u00e8 <a href=\"https:\/\/southside-stories.com\/it\/\">https:\/\/southside-stories.com\/<\/a>.\/\n<h3>Le nostre informazioni di contatto<\/h3>\nIndirizzo e-mail: info@southside-stories.com\n<h3>Quali dati personali raccogliamo e perch\u00e9 li raccogliamo<\/h3>\nRiceviamo i dati personali inviati tramite i moduli per comunicare con voi una volta che ci avete contattato, come nome, cognome, indirizzo e-mail e numero di telefono. Informazioni IP che riceviamo dai cookie per google analytics in modo da poter analizzare e migliorare il nostro sito web.\n<h3>Moduli di contatto<\/h3>\nSe desiderate contattarci utilizzando il modulo di contatto sul nostro sito web, vi verr\u00e0 richiesto il vostro nome e la vostra e-mail. Le e-mail ricevute vengono archiviate in una cartella criptata. Inviandoci un'e-mail tramite questo modulo, acconsentite alla raccolta e all'archiviazione dei vostri dati da parte di southside-stories.com.\n<h3>Analisi<\/h3>\nUtilizziamo Google Analytics per analizzare il traffico web e non per raccogliere informazioni personali su un individuo. La conservazione dei dati degli utenti e degli eventi di Google Analytics \u00e8 impostata su 14 mesi e viene ripristinata in caso di nuove attivit\u00e0. L'informativa sulla privacy di Google Analytics \u00e8 disponibile\u00a0<a href=\"https:\/\/policies.google.com\/privacy\" target=\"_blank\" rel=\"noopener noreferrer\">qui<\/a>. Per saperne di pi\u00f9 su come rinunciare al tracciamento in Google Analytics\u00a0<a href=\"https:\/\/tools.google.com\/dlpage\/gaoptout\/\" target=\"_blank\" rel=\"noopener noreferrer\">qui<\/a>.\n<h3>Contenuti incorporati da altri siti web<\/h3>\nGli articoli di questo sito possono includere contenuti incorporati (ad esempio video, immagini, articoli, ecc.). I contenuti incorporati di altri siti web si comportano esattamente come se il visitatore avesse visitato l'altro sito web. Questi siti web possono raccogliere dati sull'utente, utilizzare cookie, incorporare un ulteriore tracciamento da parte di terzi e monitorare l'interazione dell'utente con il contenuto incorporato, compreso il tracciamento dell'interazione con il contenuto incorporato se l'utente dispone di un account e ha effettuato l'accesso al sito web in questione.\n<h3>Link di terze parti<\/h3>\nIl nostro sito web contiene collegamenti ipertestuali ad altri siti web, pertanto vi invitiamo a prendere visione della politica sulla privacy e sui cookie di ciascun sito web a cui accedete. \u00c8 responsabilit\u00e0 dell'utente controllare le informative sulla privacy di questi siti esterni.\n<h3>Sicurezza dei dati<\/h3>\nCi impegniamo a garantire la sicurezza delle vostre informazioni. Per evitare accessi o divulgazioni non autorizzati, abbiamo messo in atto procedure fisiche, elettroniche e gestionali adeguate per salvaguardare e proteggere le informazioni raccolte online.\n<h3>I vostri diritti in merito ai vostri dati personali<\/h3>\nSe in precedenza avete acconsentito all'utilizzo dei vostri dati personali per scopi di marketing diretto, potete cambiare idea in qualsiasi momento scrivendoci o inviandoci un'e-mail all'indirizzo info@acacia-gardens.co.uk.\n\n\u00c8 possibile richiedere l'accesso ai dati personali in nostro possesso contattandoci all'indirizzo info@acacia-gardens.co.uk. Avete il diritto di comunicarci se desiderate ritirare il vostro consenso, correggere, aggiornare o cancellare i vostri dati personali presenti nei nostri archivi.\n\nNon venderemo, distribuiremo o affitteremo i vostri dati personali a terzi, a meno che non abbiamo il vostro permesso o siamo obbligati dalla legge a farlo.\t\t\t\t\t\t\t\t<\/div>\n\t\t\t\t<\/div>\n\t\t\t\t\t<\/div>\n\t\t\t\t<\/div>\n\t\t\t\t<\/div>","protected":false},"excerpt":{"rendered":"<p>Privacy Policy This information is current as of 10th April 2023 and will be updated on a regular basis so please review this page if you would like current information. This page sets out the privacy policy undertaken by Southside Stories Who we are Our website address is https:\/\/southside-stories.com\/.\/ Our contact information Email Address:\u00a0info@southside-stories.com What [&hellip;]<\/p>\n","protected":false},"author":1,"featured_media":0,"parent":0,"menu_order":0,"comment_status":"closed","ping_status":"closed","template":"elementor_header_footer","meta":{"_acf_changed":false,"inline_featured_image":false,"footnotes":""},"class_list":["post-1556","page","type-page","status-publish","hentry"],"acf":[],"yoast_head":"<!-- This site is optimized with the Yoast SEO plugin v27.4 - https:\/\/yoast.com\/product\/yoast-seo-wordpress\/ -->\n<title>Privacy Policy | Southside Stories<\/title>\n<meta name=\"robots\" content=\"index, follow, max-snippet:-1, max-image-preview:large, max-video-preview:-1\" \/>\n<link rel=\"canonical\" href=\"https:\/\/southside-stories.com\/it\/informativa-sulla-privacy\/\" \/>\n<meta property=\"og:locale\" content=\"it_IT\" \/>\n<meta property=\"og:type\" content=\"article\" \/>\n<meta property=\"og:title\" content=\"Privacy Policy | Southside Stories\" \/>\n<meta property=\"og:description\" content=\"Privacy Policy This information is current as of 10th April 2023 and will be updated on a regular basis so please review this page if you would like current information. This page sets out the privacy policy undertaken by Southside Stories Who we are Our website address is https:\/\/southside-stories.com\/.\/ Our contact information Email Address:\u00a0info@southside-stories.com What [&hellip;]\" \/>\n<meta property=\"og:url\" content=\"https:\/\/southside-stories.com\/it\/informativa-sulla-privacy\/\" \/>\n<meta property=\"og:site_name\" content=\"Southside Stories\" \/>\n<meta property=\"article:publisher\" content=\"https:\/\/www.facebook.com\/southsidestoriesproductions\/\" \/>\n<meta property=\"article:modified_time\" content=\"2025-08-23T08:28:55+00:00\" \/>\n<meta name=\"twitter:card\" content=\"summary_large_image\" \/>\n<meta name=\"twitter:site\" content=\"@southsidesto\" \/>\n<meta name=\"twitter:label1\" content=\"Est. reading time\" \/>\n\t<meta name=\"twitter:data1\" content=\"3 minuti\" \/>\n<script type=\"application\/ld+json\" class=\"yoast-schema-graph\">{\"@context\":\"https:\\\/\\\/schema.org\",\"@graph\":[{\"@type\":\"WebPage\",\"@id\":\"https:\\\/\\\/southside-stories.com\\\/privacy-policy\\\/\",\"url\":\"https:\\\/\\\/southside-stories.com\\\/privacy-policy\\\/\",\"name\":\"Privacy Policy | Southside Stories\",\"isPartOf\":{\"@id\":\"https:\\\/\\\/southside-stories.com\\\/#website\"},\"datePublished\":\"2023-04-09T15:18:00+00:00\",\"dateModified\":\"2025-08-23T08:28:55+00:00\",\"breadcrumb\":{\"@id\":\"https:\\\/\\\/southside-stories.com\\\/privacy-policy\\\/#breadcrumb\"},\"inLanguage\":\"it-IT\",\"potentialAction\":[{\"@type\":\"ReadAction\",\"target\":[\"https:\\\/\\\/southside-stories.com\\\/privacy-policy\\\/\"]}]},{\"@type\":\"BreadcrumbList\",\"@id\":\"https:\\\/\\\/southside-stories.com\\\/privacy-policy\\\/#breadcrumb\",\"itemListElement\":[{\"@type\":\"ListItem\",\"position\":1,\"name\":\"Home\",\"item\":\"https:\\\/\\\/southside-stories.com\\\/\"},{\"@type\":\"ListItem\",\"position\":2,\"name\":\"Privacy Policy\"}]},{\"@type\":\"WebSite\",\"@id\":\"https:\\\/\\\/southside-stories.com\\\/#website\",\"url\":\"https:\\\/\\\/southside-stories.com\\\/\",\"name\":\"Southside Stories\",\"description\":\"Graphic Novels\",\"publisher\":{\"@id\":\"https:\\\/\\\/southside-stories.com\\\/#organization\"},\"potentialAction\":[{\"@type\":\"SearchAction\",\"target\":{\"@type\":\"EntryPoint\",\"urlTemplate\":\"https:\\\/\\\/southside-stories.com\\\/?s={search_term_string}\"},\"query-input\":{\"@type\":\"PropertyValueSpecification\",\"valueRequired\":true,\"valueName\":\"search_term_string\"}}],\"inLanguage\":\"it-IT\"},{\"@type\":\"Organization\",\"@id\":\"https:\\\/\\\/southside-stories.com\\\/#organization\",\"name\":\"Southside Stories\",\"url\":\"https:\\\/\\\/southside-stories.com\\\/\",\"logo\":{\"@type\":\"ImageObject\",\"inLanguage\":\"it-IT\",\"@id\":\"https:\\\/\\\/southside-stories.com\\\/#\\\/schema\\\/logo\\\/image\\\/\",\"url\":\"https:\\\/\\\/southside-stories.com\\\/wp-content\\\/uploads\\\/2021\\\/06\\\/South-Side-STORIES-black.svg\",\"contentUrl\":\"https:\\\/\\\/southside-stories.com\\\/wp-content\\\/uploads\\\/2021\\\/06\\\/South-Side-STORIES-black.svg\",\"width\":300,\"height\":108,\"caption\":\"Southside Stories\"},\"image\":{\"@id\":\"https:\\\/\\\/southside-stories.com\\\/#\\\/schema\\\/logo\\\/image\\\/\"},\"sameAs\":[\"https:\\\/\\\/www.facebook.com\\\/southsidestoriesproductions\\\/\",\"https:\\\/\\\/x.com\\\/southsidesto\",\"https:\\\/\\\/www.instagram.com\\\/southsidestorieslondon\\\/\",\"https:\\\/\\\/www.tiktok.com\\\/@southsidestorieslondon\"]}]}<\/script>\n<!-- \/ Yoast SEO plugin. -->","yoast_head_json":{"title":"Informativa sulla privacy | Southside Stories","robots":{"index":"index","follow":"follow","max-snippet":"max-snippet:-1","max-image-preview":"max-image-preview:large","max-video-preview":"max-video-preview:-1"},"canonical":"https:\/\/southside-stories.com\/it\/informativa-sulla-privacy\/","og_locale":"it_IT","og_type":"article","og_title":"Privacy Policy | Southside Stories","og_description":"Privacy Policy This information is current as of 10th April 2023 and will be updated on a regular basis so please review this page if you would like current information. This page sets out the privacy policy undertaken by Southside Stories Who we are Our website address is https:\/\/southside-stories.com\/.\/ Our contact information Email Address:\u00a0info@southside-stories.com What [&hellip;]","og_url":"https:\/\/southside-stories.com\/it\/informativa-sulla-privacy\/","og_site_name":"Southside Stories","article_publisher":"https:\/\/www.facebook.com\/southsidestoriesproductions\/","article_modified_time":"2025-08-23T08:28:55+00:00","twitter_card":"summary_large_image","twitter_site":"@southsidesto","twitter_misc":{"Est. reading time":"3 minuti"},"schema":{"@context":"https:\/\/schema.org","@graph":[{"@type":"WebPage","@id":"https:\/\/southside-stories.com\/privacy-policy\/","url":"https:\/\/southside-stories.com\/privacy-policy\/","name":"Informativa sulla privacy | Southside Stories","isPartOf":{"@id":"https:\/\/southside-stories.com\/#website"},"datePublished":"2023-04-09T15:18:00+00:00","dateModified":"2025-08-23T08:28:55+00:00","breadcrumb":{"@id":"https:\/\/southside-stories.com\/privacy-policy\/#breadcrumb"},"inLanguage":"it-IT","potentialAction":[{"@type":"ReadAction","target":["https:\/\/southside-stories.com\/privacy-policy\/"]}]},{"@type":"BreadcrumbList","@id":"https:\/\/southside-stories.com\/privacy-policy\/#breadcrumb","itemListElement":[{"@type":"ListItem","position":1,"name":"Home","item":"https:\/\/southside-stories.com\/"},{"@type":"ListItem","position":2,"name":"Privacy Policy"}]},{"@type":"WebSite","@id":"https:\/\/southside-stories.com\/#website","url":"https:\/\/southside-stories.com\/","name":"Storie del Southside","description":"Romanzi grafici","publisher":{"@id":"https:\/\/southside-stories.com\/#organization"},"potentialAction":[{"@type":"SearchAction","target":{"@type":"EntryPoint","urlTemplate":"https:\/\/southside-stories.com\/?s={search_term_string}"},"query-input":{"@type":"PropertyValueSpecification","valueRequired":true,"valueName":"search_term_string"}}],"inLanguage":"it-IT"},{"@type":"Organization","@id":"https:\/\/southside-stories.com\/#organization","name":"Storie del Southside","url":"https:\/\/southside-stories.com\/","logo":{"@type":"ImageObject","inLanguage":"it-IT","@id":"https:\/\/southside-stories.com\/#\/schema\/logo\/image\/","url":"https:\/\/southside-stories.com\/wp-content\/uploads\/2021\/06\/South-Side-STORIES-black.svg","contentUrl":"https:\/\/southside-stories.com\/wp-content\/uploads\/2021\/06\/South-Side-STORIES-black.svg","width":300,"height":108,"caption":"Southside Stories"},"image":{"@id":"https:\/\/southside-stories.com\/#\/schema\/logo\/image\/"},"sameAs":["https:\/\/www.facebook.com\/southsidestoriesproductions\/","https:\/\/x.com\/southsidesto","https:\/\/www.instagram.com\/southsidestorieslondon\/","https:\/\/www.tiktok.com\/@southsidestorieslondon"]}]}},"_links":{"self":[{"href":"https:\/\/southside-stories.com\/it\/wp-json\/wp\/v2\/pages\/1556","targetHints":{"allow":["GET"]}}],"collection":[{"href":"https:\/\/southside-stories.com\/it\/wp-json\/wp\/v2\/pages"}],"about":[{"href":"https:\/\/southside-stories.com\/it\/wp-json\/wp\/v2\/types\/page"}],"author":[{"embeddable":true,"href":"https:\/\/southside-stories.com\/it\/wp-json\/wp\/v2\/users\/1"}],"replies":[{"embeddable":true,"href":"https:\/\/southside-stories.com\/it\/wp-json\/wp\/v2\/comments?post=1556"}],"version-history":[{"count":0,"href":"https:\/\/southside-stories.com\/it\/wp-json\/wp\/v2\/pages\/1556\/revisions"}],"wp:attachment":[{"href":"https:\/\/southside-stories.com\/it\/wp-json\/wp\/v2\/media?parent=1556"}],"curies":[{"name":"wp","href":"https:\/\/api.w.org\/{rel}","templated":true}]}}