{"id":2004,"date":"2025-05-08T09:00:41","date_gmt":"2025-05-08T09:00:41","guid":{"rendered":"https:\/\/southside-stories.com\/?post_type=product&#038;p=2004"},"modified":"2025-05-08T09:14:00","modified_gmt":"2025-05-08T09:14:00","slug":"the-%e1%b8%8dain-volume-4-ebook","status":"publish","type":"product","link":"https:\/\/southside-stories.com\/fr\/product\/the-%e1%b8%8dain-volume-4-ebook\/","title":{"rendered":"Le \u1e0c\u0101in - Tome 4 - eBook"},"content":{"rendered":"<p>\u00c9crit par J.Simonne et Joseph Oliveira<\/p>\n<p>Illustr\u00e9 par Peitro Depalma<\/p>\n<p>\u00c9dit\u00e9 par Blerim Karini<\/p>\n<p>Logo et pages du chapitre par Natalie Eliscovich<\/p>\n<p>Musique produite par Jeremy Cowan et Lasse Mosegard<\/p>","protected":false},"excerpt":{"rendered":"<p>Les Dain et John naviguent jusqu'au Kent, en Angleterre, et trouvent une maison o\u00f9 s'installer. Un \u00e9v\u00e9nement critique se produit, menant \u00e0 une d\u00e9cision capitale ; le d\u00e9part de John, qui marque un tournant dans leur voyage. Pendant ce temps, le Rakshasa, r\u00e9cemment ressuscit\u00e9, se lance \u00e0 la poursuite des Dain. Lorsque le Rakshasa finit par retrouver le Dain, leur affrontement se termine par une trag\u00e9die d\u00e9vastatrice.<\/p>\n<p>Pendant ce temps, dans le pr\u00e9sent, la relation du couple s'effrite sous le poids des probl\u00e8mes de la cave. Ils sont loin de se douter que la cave rec\u00e8le un secret, un secret que Jon est sur le point de d\u00e9couvrir, un secret qui va tout changer.<\/p>","protected":false},"featured_media":2005,"template":"","meta":{"_acf_changed":false,"inline_featured_image":false},"product_cat":[18],"product_tag":[],"class_list":{"0":"post-2004","1":"product","2":"type-product","3":"status-publish","4":"has-post-thumbnail","6":"product_cat-graphic-novels","7":"product_shipping_class-free-shipping","9":"first","10":"instock","11":"taxable","12":"shipping-taxable","13":"product-type-external","swatches":"rey-swatches","show_selected":""},"acf":[],"yoast_head":"<!-- This site is optimized with the Yoast SEO plugin v27.6 - https:\/\/yoast.com\/product\/yoast-seo-wordpress\/ -->\n<title>The D\u0323a\u0304in - Volume 4 - eBook<\/title>\n<meta name=\"description\" content=\"In 17th-century India, the enigmatic Dain and his companion John gamble their lives on a perilous journey toward Istanbul, hunted by a relentless Rakshasa.\" \/>\n<meta name=\"robots\" content=\"index, follow, max-snippet:-1, max-image-preview:large, max-video-preview:-1\" \/>\n<link rel=\"canonical\" href=\"https:\/\/southside-stories.com\/fr\/product\/the-\u1e0dain-volume-4-ebook\/\" \/>\n<meta property=\"og:locale\" content=\"fr_FR\" \/>\n<meta property=\"og:type\" content=\"article\" \/>\n<meta property=\"og:title\" content=\"The D\u0323a\u0304in - Volume 4 - eBook\" \/>\n<meta property=\"og:description\" content=\"In 17th-century India, the enigmatic Dain and his companion John gamble their lives on a perilous journey toward Istanbul, hunted by a relentless Rakshasa.\" \/>\n<meta property=\"og:url\" content=\"https:\/\/southside-stories.com\/fr\/product\/the-\u1e0dain-volume-4-ebook\/\" \/>\n<meta property=\"og:site_name\" content=\"Southside Stories\" \/>\n<meta property=\"article:publisher\" content=\"https:\/\/www.facebook.com\/southsidestoriesproductions\/\" \/>\n<meta property=\"article:modified_time\" content=\"2025-05-08T09:14:00+00:00\" \/>\n<meta property=\"og:image\" content=\"https:\/\/southside-stories.com\/wp-content\/uploads\/2025\/05\/Front-Cover-TheDain-4.webp\" \/>\n\t<meta property=\"og:image:width\" content=\"1040\" \/>\n\t<meta property=\"og:image:height\" content=\"1571\" \/>\n\t<meta property=\"og:image:type\" content=\"image\/jpeg\" \/>\n<meta name=\"twitter:card\" content=\"summary_large_image\" \/>\n<meta name=\"twitter:site\" content=\"@southsidesto\" \/>\n<meta name=\"twitter:label1\" content=\"Est. reading time\" \/>\n\t<meta name=\"twitter:data1\" content=\"1 minute\" \/>\n<script type=\"application\/ld+json\" class=\"yoast-schema-graph\">{\"@context\":\"https:\\\/\\\/schema.org\",\"@graph\":[{\"@type\":\"WebPage\",\"@id\":\"https:\\\/\\\/southside-stories.com\\\/product\\\/the-%e1%b8%8dain-volume-4-ebook\\\/\",\"url\":\"https:\\\/\\\/southside-stories.com\\\/product\\\/the-%e1%b8%8dain-volume-4-ebook\\\/\",\"name\":\"The D\u0323a\u0304in - Volume 4 - eBook\",\"isPartOf\":{\"@id\":\"https:\\\/\\\/southside-stories.com\\\/#website\"},\"primaryImageOfPage\":{\"@id\":\"https:\\\/\\\/southside-stories.com\\\/product\\\/the-%e1%b8%8dain-volume-4-ebook\\\/#primaryimage\"},\"image\":{\"@id\":\"https:\\\/\\\/southside-stories.com\\\/product\\\/the-%e1%b8%8dain-volume-4-ebook\\\/#primaryimage\"},\"thumbnailUrl\":\"https:\\\/\\\/southside-stories.com\\\/wp-content\\\/uploads\\\/2025\\\/05\\\/Front-Cover-TheDain-4.webp\",\"datePublished\":\"2025-05-08T09:00:41+00:00\",\"dateModified\":\"2025-05-08T09:14:00+00:00\",\"description\":\"In 17th-century India, the enigmatic Dain and his companion John gamble their lives on a perilous journey toward Istanbul, hunted by a relentless Rakshasa.\",\"breadcrumb\":{\"@id\":\"https:\\\/\\\/southside-stories.com\\\/product\\\/the-%e1%b8%8dain-volume-4-ebook\\\/#breadcrumb\"},\"inLanguage\":\"fr-FR\",\"potentialAction\":[{\"@type\":\"ReadAction\",\"target\":[\"https:\\\/\\\/southside-stories.com\\\/product\\\/the-%e1%b8%8dain-volume-4-ebook\\\/\"]}]},{\"@type\":\"ImageObject\",\"inLanguage\":\"fr-FR\",\"@id\":\"https:\\\/\\\/southside-stories.com\\\/product\\\/the-%e1%b8%8dain-volume-4-ebook\\\/#primaryimage\",\"url\":\"https:\\\/\\\/southside-stories.com\\\/wp-content\\\/uploads\\\/2025\\\/05\\\/Front-Cover-TheDain-4.webp\",\"contentUrl\":\"https:\\\/\\\/southside-stories.com\\\/wp-content\\\/uploads\\\/2025\\\/05\\\/Front-Cover-TheDain-4.webp\",\"width\":1040,\"height\":1571,\"caption\":\"Front-Cover-TheDain-4\"},{\"@type\":\"BreadcrumbList\",\"@id\":\"https:\\\/\\\/southside-stories.com\\\/product\\\/the-%e1%b8%8dain-volume-4-ebook\\\/#breadcrumb\",\"itemListElement\":[{\"@type\":\"ListItem\",\"position\":1,\"name\":\"Home\",\"item\":\"https:\\\/\\\/southside-stories.com\\\/\"},{\"@type\":\"ListItem\",\"position\":2,\"name\":\"Store\",\"item\":\"https:\\\/\\\/southside-stories.com\\\/shop\\\/\"},{\"@type\":\"ListItem\",\"position\":3,\"name\":\"The D\u0323a\u0304in &#8211; Volume 4 &#8211; eBook\"}]},{\"@type\":\"WebSite\",\"@id\":\"https:\\\/\\\/southside-stories.com\\\/#website\",\"url\":\"https:\\\/\\\/southside-stories.com\\\/\",\"name\":\"Southside Stories\",\"description\":\"Graphic Novels\",\"publisher\":{\"@id\":\"https:\\\/\\\/southside-stories.com\\\/#organization\"},\"potentialAction\":[{\"@type\":\"SearchAction\",\"target\":{\"@type\":\"EntryPoint\",\"urlTemplate\":\"https:\\\/\\\/southside-stories.com\\\/?s={search_term_string}\"},\"query-input\":{\"@type\":\"PropertyValueSpecification\",\"valueRequired\":true,\"valueName\":\"search_term_string\"}}],\"inLanguage\":\"fr-FR\"},{\"@type\":\"Organization\",\"@id\":\"https:\\\/\\\/southside-stories.com\\\/#organization\",\"name\":\"Southside Stories\",\"url\":\"https:\\\/\\\/southside-stories.com\\\/\",\"logo\":{\"@type\":\"ImageObject\",\"inLanguage\":\"fr-FR\",\"@id\":\"https:\\\/\\\/southside-stories.com\\\/#\\\/schema\\\/logo\\\/image\\\/\",\"url\":\"https:\\\/\\\/southside-stories.com\\\/wp-content\\\/uploads\\\/2021\\\/06\\\/South-Side-STORIES-black.svg\",\"contentUrl\":\"https:\\\/\\\/southside-stories.com\\\/wp-content\\\/uploads\\\/2021\\\/06\\\/South-Side-STORIES-black.svg\",\"width\":300,\"height\":108,\"caption\":\"Southside Stories\"},\"image\":{\"@id\":\"https:\\\/\\\/southside-stories.com\\\/#\\\/schema\\\/logo\\\/image\\\/\"},\"sameAs\":[\"https:\\\/\\\/www.facebook.com\\\/southsidestoriesproductions\\\/\",\"https:\\\/\\\/x.com\\\/southsidesto\",\"https:\\\/\\\/www.instagram.com\\\/southsidestorieslondon\\\/\",\"https:\\\/\\\/www.tiktok.com\\\/@southsidestorieslondon\"]}]}<\/script>\n<!-- \/ Yoast SEO plugin. -->","yoast_head_json":{"title":"Le \u1e0c\u0101in - Tome 4 - eBook","description":"Dans l'Inde du XVIIe si\u00e8cle, l'\u00e9nigmatique Dain et son compagnon John jouent leur vie dans un p\u00e9rilleux voyage vers Istanbul, pourchass\u00e9s par un implacable Rakshasa.","robots":{"index":"index","follow":"follow","max-snippet":"max-snippet:-1","max-image-preview":"max-image-preview:large","max-video-preview":"max-video-preview:-1"},"canonical":"https:\/\/southside-stories.com\/fr\/product\/the-\u1e0dain-volume-4-ebook\/","og_locale":"fr_FR","og_type":"article","og_title":"The D\u0323a\u0304in - Volume 4 - eBook","og_description":"In 17th-century India, the enigmatic Dain and his companion John gamble their lives on a perilous journey toward Istanbul, hunted by a relentless Rakshasa.","og_url":"https:\/\/southside-stories.com\/fr\/product\/the-\u1e0dain-volume-4-ebook\/","og_site_name":"Southside Stories","article_publisher":"https:\/\/www.facebook.com\/southsidestoriesproductions\/","article_modified_time":"2025-05-08T09:14:00+00:00","og_image":[{"width":1040,"height":1571,"url":"https:\/\/southside-stories.com\/wp-content\/uploads\/2025\/05\/Front-Cover-TheDain-4.webp","type":"image\/jpeg"}],"twitter_card":"summary_large_image","twitter_site":"@southsidesto","twitter_misc":{"Est. reading time":"1 minute"},"schema":{"@context":"https:\/\/schema.org","@graph":[{"@type":"WebPage","@id":"https:\/\/southside-stories.com\/product\/the-%e1%b8%8dain-volume-4-ebook\/","url":"https:\/\/southside-stories.com\/product\/the-%e1%b8%8dain-volume-4-ebook\/","name":"Le \u1e0c\u0101in - Tome 4 - eBook","isPartOf":{"@id":"https:\/\/southside-stories.com\/#website"},"primaryImageOfPage":{"@id":"https:\/\/southside-stories.com\/product\/the-%e1%b8%8dain-volume-4-ebook\/#primaryimage"},"image":{"@id":"https:\/\/southside-stories.com\/product\/the-%e1%b8%8dain-volume-4-ebook\/#primaryimage"},"thumbnailUrl":"https:\/\/southside-stories.com\/wp-content\/uploads\/2025\/05\/Front-Cover-TheDain-4.webp","datePublished":"2025-05-08T09:00:41+00:00","dateModified":"2025-05-08T09:14:00+00:00","description":"Dans l'Inde du XVIIe si\u00e8cle, l'\u00e9nigmatique Dain et son compagnon John jouent leur vie dans un p\u00e9rilleux voyage vers Istanbul, pourchass\u00e9s par un implacable Rakshasa.","breadcrumb":{"@id":"https:\/\/southside-stories.com\/product\/the-%e1%b8%8dain-volume-4-ebook\/#breadcrumb"},"inLanguage":"fr-FR","potentialAction":[{"@type":"ReadAction","target":["https:\/\/southside-stories.com\/product\/the-%e1%b8%8dain-volume-4-ebook\/"]}]},{"@type":"ImageObject","inLanguage":"fr-FR","@id":"https:\/\/southside-stories.com\/product\/the-%e1%b8%8dain-volume-4-ebook\/#primaryimage","url":"https:\/\/southside-stories.com\/wp-content\/uploads\/2025\/05\/Front-Cover-TheDain-4.webp","contentUrl":"https:\/\/southside-stories.com\/wp-content\/uploads\/2025\/05\/Front-Cover-TheDain-4.webp","width":1040,"height":1571,"caption":"Front-Cover-TheDain-4"},{"@type":"BreadcrumbList","@id":"https:\/\/southside-stories.com\/product\/the-%e1%b8%8dain-volume-4-ebook\/#breadcrumb","itemListElement":[{"@type":"ListItem","position":1,"name":"Home","item":"https:\/\/southside-stories.com\/"},{"@type":"ListItem","position":2,"name":"Store","item":"https:\/\/southside-stories.com\/shop\/"},{"@type":"ListItem","position":3,"name":"The D\u0323a\u0304in &#8211; Volume 4 &#8211; eBook"}]},{"@type":"WebSite","@id":"https:\/\/southside-stories.com\/#website","url":"https:\/\/southside-stories.com\/","name":"Histoires du Sud","description":"Romans graphiques","publisher":{"@id":"https:\/\/southside-stories.com\/#organization"},"potentialAction":[{"@type":"SearchAction","target":{"@type":"EntryPoint","urlTemplate":"https:\/\/southside-stories.com\/?s={search_term_string}"},"query-input":{"@type":"PropertyValueSpecification","valueRequired":true,"valueName":"search_term_string"}}],"inLanguage":"fr-FR"},{"@type":"Organization","@id":"https:\/\/southside-stories.com\/#organization","name":"Histoires du Sud","url":"https:\/\/southside-stories.com\/","logo":{"@type":"ImageObject","inLanguage":"fr-FR","@id":"https:\/\/southside-stories.com\/#\/schema\/logo\/image\/","url":"https:\/\/southside-stories.com\/wp-content\/uploads\/2021\/06\/South-Side-STORIES-black.svg","contentUrl":"https:\/\/southside-stories.com\/wp-content\/uploads\/2021\/06\/South-Side-STORIES-black.svg","width":300,"height":108,"caption":"Southside Stories"},"image":{"@id":"https:\/\/southside-stories.com\/#\/schema\/logo\/image\/"},"sameAs":["https:\/\/www.facebook.com\/southsidestoriesproductions\/","https:\/\/x.com\/southsidesto","https:\/\/www.instagram.com\/southsidestorieslondon\/","https:\/\/www.tiktok.com\/@southsidestorieslondon"]}]}},"_links":{"self":[{"href":"https:\/\/southside-stories.com\/fr\/wp-json\/wp\/v2\/product\/2004","targetHints":{"allow":["GET"]}}],"collection":[{"href":"https:\/\/southside-stories.com\/fr\/wp-json\/wp\/v2\/product"}],"about":[{"href":"https:\/\/southside-stories.com\/fr\/wp-json\/wp\/v2\/types\/product"}],"wp:featuredmedia":[{"embeddable":true,"href":"https:\/\/southside-stories.com\/fr\/wp-json\/wp\/v2\/media\/2005"}],"wp:attachment":[{"href":"https:\/\/southside-stories.com\/fr\/wp-json\/wp\/v2\/media?parent=2004"}],"wp:term":[{"taxonomy":"product_cat","embeddable":true,"href":"https:\/\/southside-stories.com\/fr\/wp-json\/wp\/v2\/product_cat?post=2004"},{"taxonomy":"product_tag","embeddable":true,"href":"https:\/\/southside-stories.com\/fr\/wp-json\/wp\/v2\/product_tag?post=2004"}],"curies":[{"name":"wp","href":"https:\/\/api.w.org\/{rel}","templated":true}]}}