{"id":1970,"date":"2025-02-09T17:41:24","date_gmt":"2025-02-09T17:41:24","guid":{"rendered":"https:\/\/southside-stories.com\/?post_type=product&#038;p=1970"},"modified":"2025-06-19T00:49:02","modified_gmt":"2025-06-19T00:49:02","slug":"blood-feud-an-albanian-story-volume-2-ebook","status":"publish","type":"product","link":"https:\/\/southside-stories.com\/fr\/product\/blood-feud-an-albanian-story-volume-2-ebook\/","title":{"rendered":"Blood Feud - An Albanian Story - Volume 2 - eBook"},"content":{"rendered":"<p>\u00c9crit par Blerim Karini et J.Simonne<\/p>\n<p>Illustr\u00e9 par Peitro Depalma<\/p>\n<p>Pages de chapitre par Natalie Eliscovich<\/p>\n<p>Musique produite par Blerim Karini, Jeremy Cowan et Lasse Mosegard<\/p>","protected":false},"excerpt":{"rendered":"<p class=\"p1\">Alors que les querelles de sang de deux familles couvent sous la surface de leurs vies, Agim et Arben, devenus des hommes, voient leurs d\u00e9sirs de richesse et de vengeance s'intensifier.<span class=\"Apple-converted-space\">\u00a0 <\/span>Arben, reconnaissant son talent pour la manipulation des gens, monte une petite entreprise de prox\u00e9n\u00e9tisme.<span class=\"Apple-converted-space\">\u00a0 <\/span>Pendant ce temps, Agim s'\u00e9tablit dans un pays \u00e9tranger, son ambition impitoyable faisant de lui une force dangereuse.<span class=\"Apple-converted-space\">\u00a0 <\/span>Leurs chemins, bien que s\u00e9par\u00e9s, convergent lorsqu'ils transforment leur querelle h\u00e9r\u00e9ditaire en un conflit personnel d'egos, une bataille entre les cerveaux et les muscles.<\/p>","protected":false},"featured_media":1972,"template":"","meta":{"_acf_changed":false,"inline_featured_image":false},"product_cat":[18],"product_tag":[],"class_list":{"0":"post-1970","1":"product","2":"type-product","3":"status-publish","4":"has-post-thumbnail","6":"product_cat-graphic-novels","7":"product_shipping_class-free-shipping","9":"first","10":"instock","11":"taxable","12":"shipping-taxable","13":"product-type-external","swatches":"rey-swatches","show_selected":""},"acf":[],"yoast_head":"<!-- This site is optimized with the Yoast SEO plugin v27.5 - https:\/\/yoast.com\/product\/yoast-seo-wordpress\/ -->\n<title>Blood Feud - An Albanian Story - Volume 2 - eBook<\/title>\n<meta name=\"description\" content=\"As two families&#039; blood feud simmers beneath the surface of their lives, Agim and Arben, now men, find their desires for wealth and vengeance intensifying.\" \/>\n<meta name=\"robots\" content=\"index, follow, max-snippet:-1, max-image-preview:large, max-video-preview:-1\" \/>\n<link rel=\"canonical\" href=\"https:\/\/southside-stories.com\/fr\/product\/blood-feud-an-albanian-story-volume-2-ebook\/\" \/>\n<meta property=\"og:locale\" content=\"fr_FR\" \/>\n<meta property=\"og:type\" content=\"article\" \/>\n<meta property=\"og:title\" content=\"Blood Feud - An Albanian Story - Volume 2 - eBook\" \/>\n<meta property=\"og:description\" content=\"As two families&#039; blood feud simmers beneath the surface of their lives, Agim and Arben, now men, find their desires for wealth and vengeance intensifying.\" \/>\n<meta property=\"og:url\" content=\"https:\/\/southside-stories.com\/fr\/product\/blood-feud-an-albanian-story-volume-2-ebook\/\" \/>\n<meta property=\"og:site_name\" content=\"Southside Stories\" \/>\n<meta property=\"article:publisher\" content=\"https:\/\/www.facebook.com\/southsidestoriesproductions\/\" \/>\n<meta property=\"article:modified_time\" content=\"2025-06-19T00:49:02+00:00\" \/>\n<meta property=\"og:image\" content=\"https:\/\/southside-stories.com\/wp-content\/uploads\/2025\/02\/Bloodfeud-An-Albanian-Story-Vol-2-Front-Cover-.webp\" \/>\n\t<meta property=\"og:image:width\" content=\"1258\" \/>\n\t<meta property=\"og:image:height\" content=\"1920\" \/>\n\t<meta property=\"og:image:type\" content=\"image\/webp\" \/>\n<meta name=\"twitter:card\" content=\"summary_large_image\" \/>\n<meta name=\"twitter:site\" content=\"@southsidesto\" \/>\n<meta name=\"twitter:label1\" content=\"Est. reading time\" \/>\n\t<meta name=\"twitter:data1\" content=\"1 minute\" \/>\n<script type=\"application\/ld+json\" class=\"yoast-schema-graph\">{\"@context\":\"https:\\\/\\\/schema.org\",\"@graph\":[{\"@type\":\"WebPage\",\"@id\":\"https:\\\/\\\/southside-stories.com\\\/product\\\/blood-feud-an-albanian-story-volume-2-ebook\\\/\",\"url\":\"https:\\\/\\\/southside-stories.com\\\/product\\\/blood-feud-an-albanian-story-volume-2-ebook\\\/\",\"name\":\"Blood Feud - An Albanian Story - Volume 2 - eBook\",\"isPartOf\":{\"@id\":\"https:\\\/\\\/southside-stories.com\\\/#website\"},\"primaryImageOfPage\":{\"@id\":\"https:\\\/\\\/southside-stories.com\\\/product\\\/blood-feud-an-albanian-story-volume-2-ebook\\\/#primaryimage\"},\"image\":{\"@id\":\"https:\\\/\\\/southside-stories.com\\\/product\\\/blood-feud-an-albanian-story-volume-2-ebook\\\/#primaryimage\"},\"thumbnailUrl\":\"https:\\\/\\\/southside-stories.com\\\/wp-content\\\/uploads\\\/2025\\\/02\\\/Bloodfeud-An-Albanian-Story-Vol-2-Front-Cover-.webp\",\"datePublished\":\"2025-02-09T17:41:24+00:00\",\"dateModified\":\"2025-06-19T00:49:02+00:00\",\"description\":\"As two families' blood feud simmers beneath the surface of their lives, Agim and Arben, now men, find their desires for wealth and vengeance intensifying.\",\"breadcrumb\":{\"@id\":\"https:\\\/\\\/southside-stories.com\\\/product\\\/blood-feud-an-albanian-story-volume-2-ebook\\\/#breadcrumb\"},\"inLanguage\":\"fr-FR\",\"potentialAction\":[{\"@type\":\"ReadAction\",\"target\":[\"https:\\\/\\\/southside-stories.com\\\/product\\\/blood-feud-an-albanian-story-volume-2-ebook\\\/\"]}]},{\"@type\":\"ImageObject\",\"inLanguage\":\"fr-FR\",\"@id\":\"https:\\\/\\\/southside-stories.com\\\/product\\\/blood-feud-an-albanian-story-volume-2-ebook\\\/#primaryimage\",\"url\":\"https:\\\/\\\/southside-stories.com\\\/wp-content\\\/uploads\\\/2025\\\/02\\\/Bloodfeud-An-Albanian-Story-Vol-2-Front-Cover-.webp\",\"contentUrl\":\"https:\\\/\\\/southside-stories.com\\\/wp-content\\\/uploads\\\/2025\\\/02\\\/Bloodfeud-An-Albanian-Story-Vol-2-Front-Cover-.webp\",\"width\":1258,\"height\":1920,\"caption\":\"Bloodfeud - An Albanian Story - Vol 2 - Front Cover\"},{\"@type\":\"BreadcrumbList\",\"@id\":\"https:\\\/\\\/southside-stories.com\\\/product\\\/blood-feud-an-albanian-story-volume-2-ebook\\\/#breadcrumb\",\"itemListElement\":[{\"@type\":\"ListItem\",\"position\":1,\"name\":\"Home\",\"item\":\"https:\\\/\\\/southside-stories.com\\\/\"},{\"@type\":\"ListItem\",\"position\":2,\"name\":\"Store\",\"item\":\"https:\\\/\\\/southside-stories.com\\\/shop\\\/\"},{\"@type\":\"ListItem\",\"position\":3,\"name\":\"Blood Feud &#8211; An Albanian Story &#8211; Volume 2 &#8211; eBook\"}]},{\"@type\":\"WebSite\",\"@id\":\"https:\\\/\\\/southside-stories.com\\\/#website\",\"url\":\"https:\\\/\\\/southside-stories.com\\\/\",\"name\":\"Southside Stories\",\"description\":\"Graphic Novels\",\"publisher\":{\"@id\":\"https:\\\/\\\/southside-stories.com\\\/#organization\"},\"potentialAction\":[{\"@type\":\"SearchAction\",\"target\":{\"@type\":\"EntryPoint\",\"urlTemplate\":\"https:\\\/\\\/southside-stories.com\\\/?s={search_term_string}\"},\"query-input\":{\"@type\":\"PropertyValueSpecification\",\"valueRequired\":true,\"valueName\":\"search_term_string\"}}],\"inLanguage\":\"fr-FR\"},{\"@type\":\"Organization\",\"@id\":\"https:\\\/\\\/southside-stories.com\\\/#organization\",\"name\":\"Southside Stories\",\"url\":\"https:\\\/\\\/southside-stories.com\\\/\",\"logo\":{\"@type\":\"ImageObject\",\"inLanguage\":\"fr-FR\",\"@id\":\"https:\\\/\\\/southside-stories.com\\\/#\\\/schema\\\/logo\\\/image\\\/\",\"url\":\"https:\\\/\\\/southside-stories.com\\\/wp-content\\\/uploads\\\/2021\\\/06\\\/South-Side-STORIES-black.svg\",\"contentUrl\":\"https:\\\/\\\/southside-stories.com\\\/wp-content\\\/uploads\\\/2021\\\/06\\\/South-Side-STORIES-black.svg\",\"width\":300,\"height\":108,\"caption\":\"Southside Stories\"},\"image\":{\"@id\":\"https:\\\/\\\/southside-stories.com\\\/#\\\/schema\\\/logo\\\/image\\\/\"},\"sameAs\":[\"https:\\\/\\\/www.facebook.com\\\/southsidestoriesproductions\\\/\",\"https:\\\/\\\/x.com\\\/southsidesto\",\"https:\\\/\\\/www.instagram.com\\\/southsidestorieslondon\\\/\",\"https:\\\/\\\/www.tiktok.com\\\/@southsidestorieslondon\"]}]}<\/script>\n<!-- \/ Yoast SEO plugin. -->","yoast_head_json":{"title":"Blood Feud - An Albanian Story - Volume 2 - eBook","description":"Alors que les querelles de sang de deux familles couvent sous la surface de leurs vies, Agim et Arben, devenus des hommes, voient leurs d\u00e9sirs de richesse et de vengeance s'intensifier.","robots":{"index":"index","follow":"follow","max-snippet":"max-snippet:-1","max-image-preview":"max-image-preview:large","max-video-preview":"max-video-preview:-1"},"canonical":"https:\/\/southside-stories.com\/fr\/product\/blood-feud-an-albanian-story-volume-2-ebook\/","og_locale":"fr_FR","og_type":"article","og_title":"Blood Feud - An Albanian Story - Volume 2 - eBook","og_description":"As two families' blood feud simmers beneath the surface of their lives, Agim and Arben, now men, find their desires for wealth and vengeance intensifying.","og_url":"https:\/\/southside-stories.com\/fr\/product\/blood-feud-an-albanian-story-volume-2-ebook\/","og_site_name":"Southside Stories","article_publisher":"https:\/\/www.facebook.com\/southsidestoriesproductions\/","article_modified_time":"2025-06-19T00:49:02+00:00","og_image":[{"width":1258,"height":1920,"url":"https:\/\/southside-stories.com\/wp-content\/uploads\/2025\/02\/Bloodfeud-An-Albanian-Story-Vol-2-Front-Cover-.webp","type":"image\/webp"}],"twitter_card":"summary_large_image","twitter_site":"@southsidesto","twitter_misc":{"Est. reading time":"1 minute"},"schema":{"@context":"https:\/\/schema.org","@graph":[{"@type":"WebPage","@id":"https:\/\/southside-stories.com\/product\/blood-feud-an-albanian-story-volume-2-ebook\/","url":"https:\/\/southside-stories.com\/product\/blood-feud-an-albanian-story-volume-2-ebook\/","name":"Blood Feud - An Albanian Story - Volume 2 - eBook","isPartOf":{"@id":"https:\/\/southside-stories.com\/#website"},"primaryImageOfPage":{"@id":"https:\/\/southside-stories.com\/product\/blood-feud-an-albanian-story-volume-2-ebook\/#primaryimage"},"image":{"@id":"https:\/\/southside-stories.com\/product\/blood-feud-an-albanian-story-volume-2-ebook\/#primaryimage"},"thumbnailUrl":"https:\/\/southside-stories.com\/wp-content\/uploads\/2025\/02\/Bloodfeud-An-Albanian-Story-Vol-2-Front-Cover-.webp","datePublished":"2025-02-09T17:41:24+00:00","dateModified":"2025-06-19T00:49:02+00:00","description":"Alors que les querelles de sang de deux familles couvent sous la surface de leurs vies, Agim et Arben, devenus des hommes, voient leurs d\u00e9sirs de richesse et de vengeance s'intensifier.","breadcrumb":{"@id":"https:\/\/southside-stories.com\/product\/blood-feud-an-albanian-story-volume-2-ebook\/#breadcrumb"},"inLanguage":"fr-FR","potentialAction":[{"@type":"ReadAction","target":["https:\/\/southside-stories.com\/product\/blood-feud-an-albanian-story-volume-2-ebook\/"]}]},{"@type":"ImageObject","inLanguage":"fr-FR","@id":"https:\/\/southside-stories.com\/product\/blood-feud-an-albanian-story-volume-2-ebook\/#primaryimage","url":"https:\/\/southside-stories.com\/wp-content\/uploads\/2025\/02\/Bloodfeud-An-Albanian-Story-Vol-2-Front-Cover-.webp","contentUrl":"https:\/\/southside-stories.com\/wp-content\/uploads\/2025\/02\/Bloodfeud-An-Albanian-Story-Vol-2-Front-Cover-.webp","width":1258,"height":1920,"caption":"Bloodfeud - An Albanian Story - Vol 2 - Front Cover"},{"@type":"BreadcrumbList","@id":"https:\/\/southside-stories.com\/product\/blood-feud-an-albanian-story-volume-2-ebook\/#breadcrumb","itemListElement":[{"@type":"ListItem","position":1,"name":"Home","item":"https:\/\/southside-stories.com\/"},{"@type":"ListItem","position":2,"name":"Store","item":"https:\/\/southside-stories.com\/shop\/"},{"@type":"ListItem","position":3,"name":"Blood Feud &#8211; An Albanian Story &#8211; Volume 2 &#8211; eBook"}]},{"@type":"WebSite","@id":"https:\/\/southside-stories.com\/#website","url":"https:\/\/southside-stories.com\/","name":"Histoires du Sud","description":"Romans graphiques","publisher":{"@id":"https:\/\/southside-stories.com\/#organization"},"potentialAction":[{"@type":"SearchAction","target":{"@type":"EntryPoint","urlTemplate":"https:\/\/southside-stories.com\/?s={search_term_string}"},"query-input":{"@type":"PropertyValueSpecification","valueRequired":true,"valueName":"search_term_string"}}],"inLanguage":"fr-FR"},{"@type":"Organization","@id":"https:\/\/southside-stories.com\/#organization","name":"Histoires du Sud","url":"https:\/\/southside-stories.com\/","logo":{"@type":"ImageObject","inLanguage":"fr-FR","@id":"https:\/\/southside-stories.com\/#\/schema\/logo\/image\/","url":"https:\/\/southside-stories.com\/wp-content\/uploads\/2021\/06\/South-Side-STORIES-black.svg","contentUrl":"https:\/\/southside-stories.com\/wp-content\/uploads\/2021\/06\/South-Side-STORIES-black.svg","width":300,"height":108,"caption":"Southside Stories"},"image":{"@id":"https:\/\/southside-stories.com\/#\/schema\/logo\/image\/"},"sameAs":["https:\/\/www.facebook.com\/southsidestoriesproductions\/","https:\/\/x.com\/southsidesto","https:\/\/www.instagram.com\/southsidestorieslondon\/","https:\/\/www.tiktok.com\/@southsidestorieslondon"]}]}},"_links":{"self":[{"href":"https:\/\/southside-stories.com\/fr\/wp-json\/wp\/v2\/product\/1970","targetHints":{"allow":["GET"]}}],"collection":[{"href":"https:\/\/southside-stories.com\/fr\/wp-json\/wp\/v2\/product"}],"about":[{"href":"https:\/\/southside-stories.com\/fr\/wp-json\/wp\/v2\/types\/product"}],"wp:featuredmedia":[{"embeddable":true,"href":"https:\/\/southside-stories.com\/fr\/wp-json\/wp\/v2\/media\/1972"}],"wp:attachment":[{"href":"https:\/\/southside-stories.com\/fr\/wp-json\/wp\/v2\/media?parent=1970"}],"wp:term":[{"taxonomy":"product_cat","embeddable":true,"href":"https:\/\/southside-stories.com\/fr\/wp-json\/wp\/v2\/product_cat?post=1970"},{"taxonomy":"product_tag","embeddable":true,"href":"https:\/\/southside-stories.com\/fr\/wp-json\/wp\/v2\/product_tag?post=1970"}],"curies":[{"name":"wp","href":"https:\/\/api.w.org\/{rel}","templated":true}]}}