{"id":1956,"date":"2025-01-01T14:40:49","date_gmt":"2025-01-01T14:40:49","guid":{"rendered":"https:\/\/southside-stories.com\/?post_type=product&#038;p=1956"},"modified":"2025-06-19T00:54:21","modified_gmt":"2025-06-19T00:54:21","slug":"the-%e1%b8%8dain-volume-2-ebook","status":"publish","type":"product","link":"https:\/\/southside-stories.com\/es\/product\/the-%e1%b8%8dain-volume-2-ebook\/","title":{"rendered":"El \u1e0c\u0101in - Volumen 2 - eBook"},"content":{"rendered":"<p>Escrito por J.Simonne y Joseph Oliveira<\/p>\n<p>Ilustrado por Peitro Depalma<\/p>\n<p>Editado por Blerim Karini<\/p>\n<p>Logotipo y p\u00e1ginas capitulares de Natalie Eliscovich<\/p>\n<p>M\u00fasica producida por Jeremy Cowan y Lasse Mosegard<\/p>","protected":false},"excerpt":{"rendered":"<p>En 1599, un mercader ingl\u00e9s viaja a Estambul y luego a la India, donde se encuentra cara a cara con un D\u0101in.<\/p>\n<p>En 2022, una pareja compra una casa en Kent, sin saber que la propiedad est\u00e1 embrujada por el mismo D\u0101in que el mercader encontr\u00f3 siglos atr\u00e1s.<\/p>","protected":false},"featured_media":1957,"template":"","meta":{"_acf_changed":false,"inline_featured_image":false},"product_cat":[18],"product_tag":[],"class_list":{"0":"post-1956","1":"product","2":"type-product","3":"status-publish","4":"has-post-thumbnail","6":"product_cat-graphic-novels","7":"product_shipping_class-free-shipping","9":"first","10":"instock","11":"taxable","12":"shipping-taxable","13":"product-type-external","swatches":"rey-swatches","show_selected":""},"acf":[],"yoast_head":"<!-- This site is optimized with the Yoast SEO plugin v27.5 - https:\/\/yoast.com\/product\/yoast-seo-wordpress\/ -->\n<title>The D\u0323a\u0304in - Volume 2 - eBook<\/title>\n<meta name=\"description\" content=\"1599, an English merchant travels to Istanbul and then on to India, where he comes face-to-face with a D\u0101in. 2022, a couple buys a house in Kent.\" \/>\n<meta name=\"robots\" content=\"index, follow, max-snippet:-1, max-image-preview:large, max-video-preview:-1\" \/>\n<link rel=\"canonical\" href=\"https:\/\/southside-stories.com\/es\/product\/the-\u1e0dain-volume-2-ebook\/\" \/>\n<meta property=\"og:locale\" content=\"es_ES\" \/>\n<meta property=\"og:type\" content=\"article\" \/>\n<meta property=\"og:title\" content=\"The D\u0323a\u0304in - Volume 2 - eBook\" \/>\n<meta property=\"og:description\" content=\"1599, an English merchant travels to Istanbul and then on to India, where he comes face-to-face with a D\u0101in. 2022, a couple buys a house in Kent.\" \/>\n<meta property=\"og:url\" content=\"https:\/\/southside-stories.com\/es\/product\/the-\u1e0dain-volume-2-ebook\/\" \/>\n<meta property=\"og:site_name\" content=\"Southside Stories\" \/>\n<meta property=\"article:publisher\" content=\"https:\/\/www.facebook.com\/southsidestoriesproductions\/\" \/>\n<meta property=\"article:modified_time\" content=\"2025-06-19T00:54:21+00:00\" \/>\n<meta property=\"og:image\" content=\"https:\/\/southside-stories.com\/wp-content\/uploads\/2025\/01\/Front-Cover-The-Dain-2.webp\" \/>\n\t<meta property=\"og:image:width\" content=\"1040\" \/>\n\t<meta property=\"og:image:height\" content=\"1571\" \/>\n\t<meta property=\"og:image:type\" content=\"image\/webp\" \/>\n<meta name=\"twitter:card\" content=\"summary_large_image\" \/>\n<meta name=\"twitter:site\" content=\"@southsidesto\" \/>\n<meta name=\"twitter:label1\" content=\"Est. reading time\" \/>\n\t<meta name=\"twitter:data1\" content=\"1 minuto\" \/>\n<script type=\"application\/ld+json\" class=\"yoast-schema-graph\">{\"@context\":\"https:\\\/\\\/schema.org\",\"@graph\":[{\"@type\":\"WebPage\",\"@id\":\"https:\\\/\\\/southside-stories.com\\\/product\\\/the-%e1%b8%8dain-volume-2-ebook\\\/\",\"url\":\"https:\\\/\\\/southside-stories.com\\\/product\\\/the-%e1%b8%8dain-volume-2-ebook\\\/\",\"name\":\"The D\u0323a\u0304in - Volume 2 - eBook\",\"isPartOf\":{\"@id\":\"https:\\\/\\\/southside-stories.com\\\/#website\"},\"primaryImageOfPage\":{\"@id\":\"https:\\\/\\\/southside-stories.com\\\/product\\\/the-%e1%b8%8dain-volume-2-ebook\\\/#primaryimage\"},\"image\":{\"@id\":\"https:\\\/\\\/southside-stories.com\\\/product\\\/the-%e1%b8%8dain-volume-2-ebook\\\/#primaryimage\"},\"thumbnailUrl\":\"https:\\\/\\\/southside-stories.com\\\/wp-content\\\/uploads\\\/2025\\\/01\\\/Front-Cover-The-Dain-2.webp\",\"datePublished\":\"2025-01-01T14:40:49+00:00\",\"dateModified\":\"2025-06-19T00:54:21+00:00\",\"description\":\"1599, an English merchant travels to Istanbul and then on to India, where he comes face-to-face with a D\u0101in. 2022, a couple buys a house in Kent.\",\"breadcrumb\":{\"@id\":\"https:\\\/\\\/southside-stories.com\\\/product\\\/the-%e1%b8%8dain-volume-2-ebook\\\/#breadcrumb\"},\"inLanguage\":\"es\",\"potentialAction\":[{\"@type\":\"ReadAction\",\"target\":[\"https:\\\/\\\/southside-stories.com\\\/product\\\/the-%e1%b8%8dain-volume-2-ebook\\\/\"]}]},{\"@type\":\"ImageObject\",\"inLanguage\":\"es\",\"@id\":\"https:\\\/\\\/southside-stories.com\\\/product\\\/the-%e1%b8%8dain-volume-2-ebook\\\/#primaryimage\",\"url\":\"https:\\\/\\\/southside-stories.com\\\/wp-content\\\/uploads\\\/2025\\\/01\\\/Front-Cover-The-Dain-2.webp\",\"contentUrl\":\"https:\\\/\\\/southside-stories.com\\\/wp-content\\\/uploads\\\/2025\\\/01\\\/Front-Cover-The-Dain-2.webp\",\"width\":1040,\"height\":1571,\"caption\":\"Front-Cover-The-Dain-2\"},{\"@type\":\"BreadcrumbList\",\"@id\":\"https:\\\/\\\/southside-stories.com\\\/product\\\/the-%e1%b8%8dain-volume-2-ebook\\\/#breadcrumb\",\"itemListElement\":[{\"@type\":\"ListItem\",\"position\":1,\"name\":\"Home\",\"item\":\"https:\\\/\\\/southside-stories.com\\\/\"},{\"@type\":\"ListItem\",\"position\":2,\"name\":\"Store\",\"item\":\"https:\\\/\\\/southside-stories.com\\\/shop\\\/\"},{\"@type\":\"ListItem\",\"position\":3,\"name\":\"The D\u0323a\u0304in &#8211; Volume 2 &#8211; eBook\"}]},{\"@type\":\"WebSite\",\"@id\":\"https:\\\/\\\/southside-stories.com\\\/#website\",\"url\":\"https:\\\/\\\/southside-stories.com\\\/\",\"name\":\"Southside Stories\",\"description\":\"Graphic Novels\",\"publisher\":{\"@id\":\"https:\\\/\\\/southside-stories.com\\\/#organization\"},\"potentialAction\":[{\"@type\":\"SearchAction\",\"target\":{\"@type\":\"EntryPoint\",\"urlTemplate\":\"https:\\\/\\\/southside-stories.com\\\/?s={search_term_string}\"},\"query-input\":{\"@type\":\"PropertyValueSpecification\",\"valueRequired\":true,\"valueName\":\"search_term_string\"}}],\"inLanguage\":\"es\"},{\"@type\":\"Organization\",\"@id\":\"https:\\\/\\\/southside-stories.com\\\/#organization\",\"name\":\"Southside Stories\",\"url\":\"https:\\\/\\\/southside-stories.com\\\/\",\"logo\":{\"@type\":\"ImageObject\",\"inLanguage\":\"es\",\"@id\":\"https:\\\/\\\/southside-stories.com\\\/#\\\/schema\\\/logo\\\/image\\\/\",\"url\":\"https:\\\/\\\/southside-stories.com\\\/wp-content\\\/uploads\\\/2021\\\/06\\\/South-Side-STORIES-black.svg\",\"contentUrl\":\"https:\\\/\\\/southside-stories.com\\\/wp-content\\\/uploads\\\/2021\\\/06\\\/South-Side-STORIES-black.svg\",\"width\":300,\"height\":108,\"caption\":\"Southside Stories\"},\"image\":{\"@id\":\"https:\\\/\\\/southside-stories.com\\\/#\\\/schema\\\/logo\\\/image\\\/\"},\"sameAs\":[\"https:\\\/\\\/www.facebook.com\\\/southsidestoriesproductions\\\/\",\"https:\\\/\\\/x.com\\\/southsidesto\",\"https:\\\/\\\/www.instagram.com\\\/southsidestorieslondon\\\/\",\"https:\\\/\\\/www.tiktok.com\\\/@southsidestorieslondon\"]}]}<\/script>\n<!-- \/ Yoast SEO plugin. -->","yoast_head_json":{"title":"El \u1e0c\u0101in - Volumen 2 - eBook","description":"1599, un comerciante ingl\u00e9s viaja a Estambul y luego a la India, donde se encuentra cara a cara con un D\u0101in. 2022, una pareja compra una casa en Kent.","robots":{"index":"index","follow":"follow","max-snippet":"max-snippet:-1","max-image-preview":"max-image-preview:large","max-video-preview":"max-video-preview:-1"},"canonical":"https:\/\/southside-stories.com\/es\/product\/the-\u1e0dain-volume-2-ebook\/","og_locale":"es_ES","og_type":"article","og_title":"The D\u0323a\u0304in - Volume 2 - eBook","og_description":"1599, an English merchant travels to Istanbul and then on to India, where he comes face-to-face with a D\u0101in. 2022, a couple buys a house in Kent.","og_url":"https:\/\/southside-stories.com\/es\/product\/the-\u1e0dain-volume-2-ebook\/","og_site_name":"Southside Stories","article_publisher":"https:\/\/www.facebook.com\/southsidestoriesproductions\/","article_modified_time":"2025-06-19T00:54:21+00:00","og_image":[{"width":1040,"height":1571,"url":"https:\/\/southside-stories.com\/wp-content\/uploads\/2025\/01\/Front-Cover-The-Dain-2.webp","type":"image\/webp"}],"twitter_card":"summary_large_image","twitter_site":"@southsidesto","twitter_misc":{"Est. reading time":"1 minuto"},"schema":{"@context":"https:\/\/schema.org","@graph":[{"@type":"WebPage","@id":"https:\/\/southside-stories.com\/product\/the-%e1%b8%8dain-volume-2-ebook\/","url":"https:\/\/southside-stories.com\/product\/the-%e1%b8%8dain-volume-2-ebook\/","name":"El \u1e0c\u0101in - Volumen 2 - eBook","isPartOf":{"@id":"https:\/\/southside-stories.com\/#website"},"primaryImageOfPage":{"@id":"https:\/\/southside-stories.com\/product\/the-%e1%b8%8dain-volume-2-ebook\/#primaryimage"},"image":{"@id":"https:\/\/southside-stories.com\/product\/the-%e1%b8%8dain-volume-2-ebook\/#primaryimage"},"thumbnailUrl":"https:\/\/southside-stories.com\/wp-content\/uploads\/2025\/01\/Front-Cover-The-Dain-2.webp","datePublished":"2025-01-01T14:40:49+00:00","dateModified":"2025-06-19T00:54:21+00:00","description":"1599, un comerciante ingl\u00e9s viaja a Estambul y luego a la India, donde se encuentra cara a cara con un D\u0101in. 2022, una pareja compra una casa en Kent.","breadcrumb":{"@id":"https:\/\/southside-stories.com\/product\/the-%e1%b8%8dain-volume-2-ebook\/#breadcrumb"},"inLanguage":"es","potentialAction":[{"@type":"ReadAction","target":["https:\/\/southside-stories.com\/product\/the-%e1%b8%8dain-volume-2-ebook\/"]}]},{"@type":"ImageObject","inLanguage":"es","@id":"https:\/\/southside-stories.com\/product\/the-%e1%b8%8dain-volume-2-ebook\/#primaryimage","url":"https:\/\/southside-stories.com\/wp-content\/uploads\/2025\/01\/Front-Cover-The-Dain-2.webp","contentUrl":"https:\/\/southside-stories.com\/wp-content\/uploads\/2025\/01\/Front-Cover-The-Dain-2.webp","width":1040,"height":1571,"caption":"Front-Cover-The-Dain-2"},{"@type":"BreadcrumbList","@id":"https:\/\/southside-stories.com\/product\/the-%e1%b8%8dain-volume-2-ebook\/#breadcrumb","itemListElement":[{"@type":"ListItem","position":1,"name":"Home","item":"https:\/\/southside-stories.com\/"},{"@type":"ListItem","position":2,"name":"Store","item":"https:\/\/southside-stories.com\/shop\/"},{"@type":"ListItem","position":3,"name":"The D\u0323a\u0304in &#8211; Volume 2 &#8211; eBook"}]},{"@type":"WebSite","@id":"https:\/\/southside-stories.com\/#website","url":"https:\/\/southside-stories.com\/","name":"Historias del sur","description":"Novelas gr\u00e1ficas","publisher":{"@id":"https:\/\/southside-stories.com\/#organization"},"potentialAction":[{"@type":"SearchAction","target":{"@type":"EntryPoint","urlTemplate":"https:\/\/southside-stories.com\/?s={search_term_string}"},"query-input":{"@type":"PropertyValueSpecification","valueRequired":true,"valueName":"search_term_string"}}],"inLanguage":"es"},{"@type":"Organization","@id":"https:\/\/southside-stories.com\/#organization","name":"Historias del sur","url":"https:\/\/southside-stories.com\/","logo":{"@type":"ImageObject","inLanguage":"es","@id":"https:\/\/southside-stories.com\/#\/schema\/logo\/image\/","url":"https:\/\/southside-stories.com\/wp-content\/uploads\/2021\/06\/South-Side-STORIES-black.svg","contentUrl":"https:\/\/southside-stories.com\/wp-content\/uploads\/2021\/06\/South-Side-STORIES-black.svg","width":300,"height":108,"caption":"Southside Stories"},"image":{"@id":"https:\/\/southside-stories.com\/#\/schema\/logo\/image\/"},"sameAs":["https:\/\/www.facebook.com\/southsidestoriesproductions\/","https:\/\/x.com\/southsidesto","https:\/\/www.instagram.com\/southsidestorieslondon\/","https:\/\/www.tiktok.com\/@southsidestorieslondon"]}]}},"_links":{"self":[{"href":"https:\/\/southside-stories.com\/es\/wp-json\/wp\/v2\/product\/1956","targetHints":{"allow":["GET"]}}],"collection":[{"href":"https:\/\/southside-stories.com\/es\/wp-json\/wp\/v2\/product"}],"about":[{"href":"https:\/\/southside-stories.com\/es\/wp-json\/wp\/v2\/types\/product"}],"wp:featuredmedia":[{"embeddable":true,"href":"https:\/\/southside-stories.com\/es\/wp-json\/wp\/v2\/media\/1957"}],"wp:attachment":[{"href":"https:\/\/southside-stories.com\/es\/wp-json\/wp\/v2\/media?parent=1956"}],"wp:term":[{"taxonomy":"product_cat","embeddable":true,"href":"https:\/\/southside-stories.com\/es\/wp-json\/wp\/v2\/product_cat?post=1956"},{"taxonomy":"product_tag","embeddable":true,"href":"https:\/\/southside-stories.com\/es\/wp-json\/wp\/v2\/product_tag?post=1956"}],"curies":[{"name":"wp","href":"https:\/\/api.w.org\/{rel}","templated":true}]}}