{"id":169,"date":"2023-04-12T17:35:53","date_gmt":"2023-04-12T17:35:53","guid":{"rendered":"https:\/\/southsidestori.wpengine.com\/?page_id=169"},"modified":"2023-04-12T17:36:46","modified_gmt":"2023-04-12T17:36:46","slug":"politica-de-reembolsos-y-devoluciones","status":"publish","type":"page","link":"https:\/\/southside-stories.com\/es\/refund-and-returns-policy\/","title":{"rendered":"Pol\u00edtica de devoluciones y reembolsos"},"content":{"rendered":"<div data-elementor-type=\"wp-page\" data-elementor-id=\"169\" class=\"elementor elementor-169\" data-elementor-post-type=\"page\">\n\t\t\t\t\t\t<section class=\"elementor-section elementor-top-section elementor-element elementor-element-74c3a301 elementor-section-boxed elementor-section-height-default elementor-section-height-default\" data-id=\"74c3a301\" data-element_type=\"section\" data-e-type=\"section\">\n\t\t\t\t\t\t<div class=\"elementor-container elementor-column-gap-default\">\n\t\t\t\t\t<div class=\"elementor-column elementor-col-100 elementor-top-column elementor-element elementor-element-7013ef69\" data-id=\"7013ef69\" data-element_type=\"column\" data-e-type=\"column\">\n\t\t\t<div class=\"elementor-column-wrap--7013ef69 elementor-widget-wrap elementor-element-populated\">\n\t\t\t\t\t\t<div class=\"elementor-element elementor-element-7a74e567 elementor-widget elementor-widget-text-editor\" data-id=\"7a74e567\" data-element_type=\"widget\" data-e-type=\"widget\" data-widget_type=\"text-editor.default\">\n\t\t\t\t<div class=\"elementor-widget-container\">\n\t\t\t\t\t\t\t\t\t\n\n\n<h2>Pol\u00edtica de devoluciones y reembolsos<\/h2>\n\n\n<p>Nuestra pol\u00edtica de reembolsos y devoluciones dura 30 d\u00edas. Si han pasado 30 d\u00edas desde tu compra, no podemos ofrecerte un reembolso o cambio completo.<\/p>\n\n\n\n<p>Para poder realizar una devoluci\u00f3n, el art\u00edculo debe estar sin usar y en las mismas condiciones en las que lo recibi\u00f3. Tambi\u00e9n debe estar en su embalaje original.<\/p>\n\n\n\n\n\n<p>Para completar su devoluci\u00f3n, necesitamos un recibo o prueba de compra.<\/p>\n\n\n\n<p>Por favor, no devuelva su compra al fabricante.<\/p>\n\n\n\n<p>Hay determinadas situaciones en las que s\u00f3lo se conceden devoluciones parciales:<\/p>\n\n\n\n<ul class=\"wp-block-list\">\n<li>Libro con signos evidentes de uso<\/li>\n<li>Cualquier art\u00edculo que no se encuentre en su estado original, est\u00e9 da\u00f1ado o le falten piezas por motivos que no se deban a un error nuestro.<\/li>\n<li>Cualquier art\u00edculo que se devuelva m\u00e1s de 30 d\u00edas despu\u00e9s de la entrega<\/li>\n<\/ul>\n\n\n\n<h2>Reembolsos<\/h2>\n\n\n\n<p>Una vez recibida e inspeccionada su devoluci\u00f3n, le enviaremos un correo electr\u00f3nico para notificarle que hemos recibido su art\u00edculo devuelto. Tambi\u00e9n le notificaremos la aprobaci\u00f3n o el rechazo de su devoluci\u00f3n.<\/p>\n\n\n\n<p>Si se aprueba, se procesar\u00e1 el reembolso y se aplicar\u00e1 autom\u00e1ticamente un cr\u00e9dito a su tarjeta de cr\u00e9dito o m\u00e9todo de pago original en un plazo determinado de d\u00edas.<\/p>\n\n\n\n<h3><b>Reembolsos atrasados o no efectuados<\/b><\/h3>\n\n\n\n<p>Si a\u00fan no ha recibido el reembolso, compruebe primero de nuevo su cuenta bancaria.<\/p>\n\n\n\n<p>A continuaci\u00f3n, p\u00f3ngase en contacto con la entidad emisora de su tarjeta de cr\u00e9dito, ya que el reembolso puede tardar alg\u00fan tiempo en hacerse efectivo oficialmente.<\/p>\n\n\n\n<p>A continuaci\u00f3n, p\u00f3ngase en contacto con su banco. A menudo transcurre alg\u00fan tiempo antes de que se contabilice el reembolso.<\/p>\n\n\n\n<p>Si ha hecho todo esto y a\u00fan no ha recibido el reembolso, p\u00f3ngase en contacto con nosotros en la {direcci\u00f3n de correo electr\u00f3nico}.<\/p>\n\n\n\n<h3><b>Art\u00edculos en venta<\/b><\/h3>\n\n\n\n<p>S\u00f3lo se reembolsar\u00e1n los art\u00edculos de precio normal. Los art\u00edculos rebajados no pueden devolverse.<\/p>\n\n\n\n<h3>Intercambios<\/h3>\n\n\n\n<p>S\u00f3lo cambiamos art\u00edculos si est\u00e1n defectuosos o da\u00f1ados. Si necesitas cambiarlo por el mismo art\u00edculo, env\u00edanos un correo electr\u00f3nico a {info@southside-stories.com}.<\/p>\n\n\n\n\n<h3>Devoluciones<\/h3>\n\n\n\n<p>Para devolver su producto, notif\u00edquenoslo y le facilitaremos nuestra direcci\u00f3n.<\/p>\n\n\n\n<p>Los gastos de env\u00edo de la devoluci\u00f3n correr\u00e1n por su cuenta. Los gastos de env\u00edo no son reembolsables. Si recibe un reembolso, el coste del env\u00edo de devoluci\u00f3n se deducir\u00e1 de su reembolso.<\/p>\n\n\n\n<p>Dependiendo de d\u00f3nde viva, el tiempo que puede tardar en llegarle el producto intercambiado puede variar.<\/p>\n\n\n\n<p>Si va a devolver art\u00edculos m\u00e1s caros, puede considerar utilizar un servicio de env\u00edo con seguimiento o contratar un seguro de env\u00edo. No garantizamos que recibamos el art\u00edculo devuelto.<\/p>\n\n\n\n<h4>\u00bfNecesita ayuda?<\/h4>\n\n\n\n<p>P\u00f3ngase en contacto con nosotros en info@southside-stories.com para cuestiones relacionadas con reembolsos y devoluciones.<\/p>\n\t\t\t\t\t\t\t\t<\/div>\n\t\t\t\t<\/div>\n\t\t\t\t\t<\/div>\n\t\t<\/div>\n\t\t\t\t\t<\/div>\n\t\t<\/section>\n\t\t\t\t<\/div>","protected":false},"excerpt":{"rendered":"<p>Refunds and Returns Policy Our refund and returns policy lasts 30 days. If 30 days have passed since your purchase, we can\u2019t offer you a full refund or exchange. To be eligible for a return, your item must be unused and in the same condition that you received it. It must also be in the [&hellip;]<\/p>\n","protected":false},"author":1,"featured_media":0,"parent":0,"menu_order":0,"comment_status":"closed","ping_status":"closed","template":"elementor_header_footer","meta":{"_acf_changed":false,"inline_featured_image":false,"footnotes":""},"class_list":["post-169","page","type-page","status-publish","hentry"],"acf":[],"yoast_head":"<!-- This site is optimized with the Yoast SEO plugin v27.3 - https:\/\/yoast.com\/product\/yoast-seo-wordpress\/ -->\n<title>Refund and Returns Policy | Southside Stories<\/title>\n<meta name=\"robots\" content=\"index, follow, max-snippet:-1, max-image-preview:large, max-video-preview:-1\" \/>\n<link rel=\"canonical\" href=\"https:\/\/southside-stories.com\/es\/politica-de-reembolsos-y-devoluciones\/\" \/>\n<meta property=\"og:locale\" content=\"es_ES\" \/>\n<meta property=\"og:type\" content=\"article\" \/>\n<meta property=\"og:title\" content=\"Refund and Returns Policy | Southside Stories\" \/>\n<meta property=\"og:description\" content=\"Refunds and Returns Policy Our refund and returns policy lasts 30 days. If 30 days have passed since your purchase, we can\u2019t offer you a full refund or exchange. To be eligible for a return, your item must be unused and in the same condition that you received it. It must also be in the [&hellip;]\" \/>\n<meta property=\"og:url\" content=\"https:\/\/southside-stories.com\/es\/politica-de-reembolsos-y-devoluciones\/\" \/>\n<meta property=\"og:site_name\" content=\"Southside Stories\" \/>\n<meta property=\"article:publisher\" content=\"https:\/\/www.facebook.com\/southsidestoriesproductions\/\" \/>\n<meta property=\"article:modified_time\" content=\"2023-04-12T17:36:46+00:00\" \/>\n<meta name=\"twitter:card\" content=\"summary_large_image\" \/>\n<meta name=\"twitter:site\" content=\"@southsidesto\" \/>\n<meta name=\"twitter:label1\" content=\"Est. reading time\" \/>\n\t<meta name=\"twitter:data1\" content=\"2 minutos\" \/>\n<script type=\"application\/ld+json\" class=\"yoast-schema-graph\">{\"@context\":\"https:\\\/\\\/schema.org\",\"@graph\":[{\"@type\":\"WebPage\",\"@id\":\"https:\\\/\\\/southside-stories.com\\\/refund-and-returns-policy\\\/\",\"url\":\"https:\\\/\\\/southside-stories.com\\\/refund-and-returns-policy\\\/\",\"name\":\"Refund and Returns Policy | Southside Stories\",\"isPartOf\":{\"@id\":\"https:\\\/\\\/southside-stories.com\\\/#website\"},\"datePublished\":\"2023-04-12T17:35:53+00:00\",\"dateModified\":\"2023-04-12T17:36:46+00:00\",\"breadcrumb\":{\"@id\":\"https:\\\/\\\/southside-stories.com\\\/refund-and-returns-policy\\\/#breadcrumb\"},\"inLanguage\":\"es\",\"potentialAction\":[{\"@type\":\"ReadAction\",\"target\":[\"https:\\\/\\\/southside-stories.com\\\/refund-and-returns-policy\\\/\"]}]},{\"@type\":\"BreadcrumbList\",\"@id\":\"https:\\\/\\\/southside-stories.com\\\/refund-and-returns-policy\\\/#breadcrumb\",\"itemListElement\":[{\"@type\":\"ListItem\",\"position\":1,\"name\":\"Home\",\"item\":\"https:\\\/\\\/southside-stories.com\\\/\"},{\"@type\":\"ListItem\",\"position\":2,\"name\":\"Refund and Returns Policy\"}]},{\"@type\":\"WebSite\",\"@id\":\"https:\\\/\\\/southside-stories.com\\\/#website\",\"url\":\"https:\\\/\\\/southside-stories.com\\\/\",\"name\":\"Southside Stories\",\"description\":\"Graphic Novels\",\"publisher\":{\"@id\":\"https:\\\/\\\/southside-stories.com\\\/#organization\"},\"potentialAction\":[{\"@type\":\"SearchAction\",\"target\":{\"@type\":\"EntryPoint\",\"urlTemplate\":\"https:\\\/\\\/southside-stories.com\\\/?s={search_term_string}\"},\"query-input\":{\"@type\":\"PropertyValueSpecification\",\"valueRequired\":true,\"valueName\":\"search_term_string\"}}],\"inLanguage\":\"es\"},{\"@type\":\"Organization\",\"@id\":\"https:\\\/\\\/southside-stories.com\\\/#organization\",\"name\":\"Southside Stories\",\"url\":\"https:\\\/\\\/southside-stories.com\\\/\",\"logo\":{\"@type\":\"ImageObject\",\"inLanguage\":\"es\",\"@id\":\"https:\\\/\\\/southside-stories.com\\\/#\\\/schema\\\/logo\\\/image\\\/\",\"url\":\"https:\\\/\\\/southside-stories.com\\\/wp-content\\\/uploads\\\/2021\\\/06\\\/South-Side-STORIES-black.svg\",\"contentUrl\":\"https:\\\/\\\/southside-stories.com\\\/wp-content\\\/uploads\\\/2021\\\/06\\\/South-Side-STORIES-black.svg\",\"width\":300,\"height\":108,\"caption\":\"Southside Stories\"},\"image\":{\"@id\":\"https:\\\/\\\/southside-stories.com\\\/#\\\/schema\\\/logo\\\/image\\\/\"},\"sameAs\":[\"https:\\\/\\\/www.facebook.com\\\/southsidestoriesproductions\\\/\",\"https:\\\/\\\/x.com\\\/southsidesto\",\"https:\\\/\\\/www.instagram.com\\\/southsidestorieslondon\\\/\",\"https:\\\/\\\/www.tiktok.com\\\/@southsidestorieslondon\"]}]}<\/script>\n<!-- \/ Yoast SEO plugin. -->","yoast_head_json":{"title":"Pol\u00edtica de devoluciones y reembolsos | Southside Stories","robots":{"index":"index","follow":"follow","max-snippet":"max-snippet:-1","max-image-preview":"max-image-preview:large","max-video-preview":"max-video-preview:-1"},"canonical":"https:\/\/southside-stories.com\/es\/politica-de-reembolsos-y-devoluciones\/","og_locale":"es_ES","og_type":"article","og_title":"Refund and Returns Policy | Southside Stories","og_description":"Refunds and Returns Policy Our refund and returns policy lasts 30 days. If 30 days have passed since your purchase, we can\u2019t offer you a full refund or exchange. To be eligible for a return, your item must be unused and in the same condition that you received it. It must also be in the [&hellip;]","og_url":"https:\/\/southside-stories.com\/es\/politica-de-reembolsos-y-devoluciones\/","og_site_name":"Southside Stories","article_publisher":"https:\/\/www.facebook.com\/southsidestoriesproductions\/","article_modified_time":"2023-04-12T17:36:46+00:00","twitter_card":"summary_large_image","twitter_site":"@southsidesto","twitter_misc":{"Est. reading time":"2 minutos"},"schema":{"@context":"https:\/\/schema.org","@graph":[{"@type":"WebPage","@id":"https:\/\/southside-stories.com\/refund-and-returns-policy\/","url":"https:\/\/southside-stories.com\/refund-and-returns-policy\/","name":"Pol\u00edtica de devoluciones y reembolsos | Southside Stories","isPartOf":{"@id":"https:\/\/southside-stories.com\/#website"},"datePublished":"2023-04-12T17:35:53+00:00","dateModified":"2023-04-12T17:36:46+00:00","breadcrumb":{"@id":"https:\/\/southside-stories.com\/refund-and-returns-policy\/#breadcrumb"},"inLanguage":"es","potentialAction":[{"@type":"ReadAction","target":["https:\/\/southside-stories.com\/refund-and-returns-policy\/"]}]},{"@type":"BreadcrumbList","@id":"https:\/\/southside-stories.com\/refund-and-returns-policy\/#breadcrumb","itemListElement":[{"@type":"ListItem","position":1,"name":"Home","item":"https:\/\/southside-stories.com\/"},{"@type":"ListItem","position":2,"name":"Refund and Returns Policy"}]},{"@type":"WebSite","@id":"https:\/\/southside-stories.com\/#website","url":"https:\/\/southside-stories.com\/","name":"Historias del sur","description":"Novelas gr\u00e1ficas","publisher":{"@id":"https:\/\/southside-stories.com\/#organization"},"potentialAction":[{"@type":"SearchAction","target":{"@type":"EntryPoint","urlTemplate":"https:\/\/southside-stories.com\/?s={search_term_string}"},"query-input":{"@type":"PropertyValueSpecification","valueRequired":true,"valueName":"search_term_string"}}],"inLanguage":"es"},{"@type":"Organization","@id":"https:\/\/southside-stories.com\/#organization","name":"Historias del sur","url":"https:\/\/southside-stories.com\/","logo":{"@type":"ImageObject","inLanguage":"es","@id":"https:\/\/southside-stories.com\/#\/schema\/logo\/image\/","url":"https:\/\/southside-stories.com\/wp-content\/uploads\/2021\/06\/South-Side-STORIES-black.svg","contentUrl":"https:\/\/southside-stories.com\/wp-content\/uploads\/2021\/06\/South-Side-STORIES-black.svg","width":300,"height":108,"caption":"Southside Stories"},"image":{"@id":"https:\/\/southside-stories.com\/#\/schema\/logo\/image\/"},"sameAs":["https:\/\/www.facebook.com\/southsidestoriesproductions\/","https:\/\/x.com\/southsidesto","https:\/\/www.instagram.com\/southsidestorieslondon\/","https:\/\/www.tiktok.com\/@southsidestorieslondon"]}]}},"_links":{"self":[{"href":"https:\/\/southside-stories.com\/es\/wp-json\/wp\/v2\/pages\/169","targetHints":{"allow":["GET"]}}],"collection":[{"href":"https:\/\/southside-stories.com\/es\/wp-json\/wp\/v2\/pages"}],"about":[{"href":"https:\/\/southside-stories.com\/es\/wp-json\/wp\/v2\/types\/page"}],"author":[{"embeddable":true,"href":"https:\/\/southside-stories.com\/es\/wp-json\/wp\/v2\/users\/1"}],"replies":[{"embeddable":true,"href":"https:\/\/southside-stories.com\/es\/wp-json\/wp\/v2\/comments?post=169"}],"version-history":[{"count":0,"href":"https:\/\/southside-stories.com\/es\/wp-json\/wp\/v2\/pages\/169\/revisions"}],"wp:attachment":[{"href":"https:\/\/southside-stories.com\/es\/wp-json\/wp\/v2\/media?parent=169"}],"curies":[{"name":"wp","href":"https:\/\/api.w.org\/{rel}","templated":true}]}}