{"id":2004,"date":"2025-05-08T09:00:41","date_gmt":"2025-05-08T09:00:41","guid":{"rendered":"https:\/\/southside-stories.com\/?post_type=product&#038;p=2004"},"modified":"2025-05-08T09:14:00","modified_gmt":"2025-05-08T09:14:00","slug":"the-%e1%b8%8dain-band-4-ebook","status":"publish","type":"product","link":"https:\/\/southside-stories.com\/de\/product\/the-%e1%b8%8dain-volume-4-ebook\/","title":{"rendered":"Die \u1e0c\u0101in - Band 4 - eBook"},"content":{"rendered":"<p>Geschrieben von J. Simonne und Joseph Oliveira<\/p>\n<p>Illustriert von Peitro Depalma<\/p>\n<p>Herausgegeben von Blerim Karini<\/p>\n<p>Logo und Kapitelseiten von Natalie Eliscovich<\/p>\n<p>Musik produziert von Jeremy Cowan und Lasse Mosegard<\/p>","protected":false},"excerpt":{"rendered":"<p>Die Dain und John segeln nach Kent, England, und finden ein Haus, das sie ihr Zuhause nennen. Es kommt zu einem kritischen Ereignis, das zu einer folgenschweren Entscheidung f\u00fchrt: Johns Abreise, die einen Wendepunkt auf ihrer Reise darstellt. In der Zwischenzeit beginnt der Rakshasa, der gerade wieder auferstanden ist, seine unerbittliche Verfolgung der Dain. Als der Rakshasa die Dain schlie\u00dflich aufsp\u00fcrt, endet ihr Aufeinandertreffen in einer verheerenden Trag\u00f6die.<\/p>\n<p>In der Gegenwart zerbricht die Beziehung des Paares unter der Last der Probleme im Keller. Sie ahnen nicht, dass der Keller ein Geheimnis birgt, das Jon bald l\u00fcften wird - ein Geheimnis, das alles ver\u00e4ndern wird.<\/p>","protected":false},"featured_media":2005,"template":"","meta":{"_acf_changed":false,"inline_featured_image":false},"product_cat":[18],"product_tag":[],"class_list":{"0":"post-2004","1":"product","2":"type-product","3":"status-publish","4":"has-post-thumbnail","6":"product_cat-graphic-novels","7":"product_shipping_class-free-shipping","9":"first","10":"instock","11":"taxable","12":"shipping-taxable","13":"product-type-external","swatches":"rey-swatches","show_selected":""},"acf":[],"yoast_head":"<!-- This site is optimized with the Yoast SEO plugin v27.5 - https:\/\/yoast.com\/product\/yoast-seo-wordpress\/ -->\n<title>The D\u0323a\u0304in - Volume 4 - eBook<\/title>\n<meta name=\"description\" content=\"In 17th-century India, the enigmatic Dain and his companion John gamble their lives on a perilous journey toward Istanbul, hunted by a relentless Rakshasa.\" \/>\n<meta name=\"robots\" content=\"index, follow, max-snippet:-1, max-image-preview:large, max-video-preview:-1\" \/>\n<link rel=\"canonical\" href=\"https:\/\/southside-stories.com\/de\/product\/the-\u1e0dain-band-4-ebook\/\" \/>\n<meta property=\"og:locale\" content=\"de_DE\" \/>\n<meta property=\"og:type\" content=\"article\" \/>\n<meta property=\"og:title\" content=\"The D\u0323a\u0304in - Volume 4 - eBook\" \/>\n<meta property=\"og:description\" content=\"In 17th-century India, the enigmatic Dain and his companion John gamble their lives on a perilous journey toward Istanbul, hunted by a relentless Rakshasa.\" \/>\n<meta property=\"og:url\" content=\"https:\/\/southside-stories.com\/de\/product\/the-\u1e0dain-band-4-ebook\/\" \/>\n<meta property=\"og:site_name\" content=\"Southside Stories\" \/>\n<meta property=\"article:publisher\" content=\"https:\/\/www.facebook.com\/southsidestoriesproductions\/\" \/>\n<meta property=\"article:modified_time\" content=\"2025-05-08T09:14:00+00:00\" \/>\n<meta property=\"og:image\" content=\"https:\/\/southside-stories.com\/wp-content\/uploads\/2025\/05\/Front-Cover-TheDain-4.webp\" \/>\n\t<meta property=\"og:image:width\" content=\"1040\" \/>\n\t<meta property=\"og:image:height\" content=\"1571\" \/>\n\t<meta property=\"og:image:type\" content=\"image\/jpeg\" \/>\n<meta name=\"twitter:card\" content=\"summary_large_image\" \/>\n<meta name=\"twitter:site\" content=\"@southsidesto\" \/>\n<meta name=\"twitter:label1\" content=\"Est. reading time\" \/>\n\t<meta name=\"twitter:data1\" content=\"1\u00a0Minute\" \/>\n<script type=\"application\/ld+json\" class=\"yoast-schema-graph\">{\"@context\":\"https:\\\/\\\/schema.org\",\"@graph\":[{\"@type\":\"WebPage\",\"@id\":\"https:\\\/\\\/southside-stories.com\\\/product\\\/the-%e1%b8%8dain-volume-4-ebook\\\/\",\"url\":\"https:\\\/\\\/southside-stories.com\\\/product\\\/the-%e1%b8%8dain-volume-4-ebook\\\/\",\"name\":\"The D\u0323a\u0304in - Volume 4 - eBook\",\"isPartOf\":{\"@id\":\"https:\\\/\\\/southside-stories.com\\\/#website\"},\"primaryImageOfPage\":{\"@id\":\"https:\\\/\\\/southside-stories.com\\\/product\\\/the-%e1%b8%8dain-volume-4-ebook\\\/#primaryimage\"},\"image\":{\"@id\":\"https:\\\/\\\/southside-stories.com\\\/product\\\/the-%e1%b8%8dain-volume-4-ebook\\\/#primaryimage\"},\"thumbnailUrl\":\"https:\\\/\\\/southside-stories.com\\\/wp-content\\\/uploads\\\/2025\\\/05\\\/Front-Cover-TheDain-4.webp\",\"datePublished\":\"2025-05-08T09:00:41+00:00\",\"dateModified\":\"2025-05-08T09:14:00+00:00\",\"description\":\"In 17th-century India, the enigmatic Dain and his companion John gamble their lives on a perilous journey toward Istanbul, hunted by a relentless Rakshasa.\",\"breadcrumb\":{\"@id\":\"https:\\\/\\\/southside-stories.com\\\/product\\\/the-%e1%b8%8dain-volume-4-ebook\\\/#breadcrumb\"},\"inLanguage\":\"de\",\"potentialAction\":[{\"@type\":\"ReadAction\",\"target\":[\"https:\\\/\\\/southside-stories.com\\\/product\\\/the-%e1%b8%8dain-volume-4-ebook\\\/\"]}]},{\"@type\":\"ImageObject\",\"inLanguage\":\"de\",\"@id\":\"https:\\\/\\\/southside-stories.com\\\/product\\\/the-%e1%b8%8dain-volume-4-ebook\\\/#primaryimage\",\"url\":\"https:\\\/\\\/southside-stories.com\\\/wp-content\\\/uploads\\\/2025\\\/05\\\/Front-Cover-TheDain-4.webp\",\"contentUrl\":\"https:\\\/\\\/southside-stories.com\\\/wp-content\\\/uploads\\\/2025\\\/05\\\/Front-Cover-TheDain-4.webp\",\"width\":1040,\"height\":1571,\"caption\":\"Front-Cover-TheDain-4\"},{\"@type\":\"BreadcrumbList\",\"@id\":\"https:\\\/\\\/southside-stories.com\\\/product\\\/the-%e1%b8%8dain-volume-4-ebook\\\/#breadcrumb\",\"itemListElement\":[{\"@type\":\"ListItem\",\"position\":1,\"name\":\"Home\",\"item\":\"https:\\\/\\\/southside-stories.com\\\/\"},{\"@type\":\"ListItem\",\"position\":2,\"name\":\"Store\",\"item\":\"https:\\\/\\\/southside-stories.com\\\/shop\\\/\"},{\"@type\":\"ListItem\",\"position\":3,\"name\":\"The D\u0323a\u0304in &#8211; Volume 4 &#8211; eBook\"}]},{\"@type\":\"WebSite\",\"@id\":\"https:\\\/\\\/southside-stories.com\\\/#website\",\"url\":\"https:\\\/\\\/southside-stories.com\\\/\",\"name\":\"Southside Stories\",\"description\":\"Graphic Novels\",\"publisher\":{\"@id\":\"https:\\\/\\\/southside-stories.com\\\/#organization\"},\"potentialAction\":[{\"@type\":\"SearchAction\",\"target\":{\"@type\":\"EntryPoint\",\"urlTemplate\":\"https:\\\/\\\/southside-stories.com\\\/?s={search_term_string}\"},\"query-input\":{\"@type\":\"PropertyValueSpecification\",\"valueRequired\":true,\"valueName\":\"search_term_string\"}}],\"inLanguage\":\"de\"},{\"@type\":\"Organization\",\"@id\":\"https:\\\/\\\/southside-stories.com\\\/#organization\",\"name\":\"Southside Stories\",\"url\":\"https:\\\/\\\/southside-stories.com\\\/\",\"logo\":{\"@type\":\"ImageObject\",\"inLanguage\":\"de\",\"@id\":\"https:\\\/\\\/southside-stories.com\\\/#\\\/schema\\\/logo\\\/image\\\/\",\"url\":\"https:\\\/\\\/southside-stories.com\\\/wp-content\\\/uploads\\\/2021\\\/06\\\/South-Side-STORIES-black.svg\",\"contentUrl\":\"https:\\\/\\\/southside-stories.com\\\/wp-content\\\/uploads\\\/2021\\\/06\\\/South-Side-STORIES-black.svg\",\"width\":300,\"height\":108,\"caption\":\"Southside Stories\"},\"image\":{\"@id\":\"https:\\\/\\\/southside-stories.com\\\/#\\\/schema\\\/logo\\\/image\\\/\"},\"sameAs\":[\"https:\\\/\\\/www.facebook.com\\\/southsidestoriesproductions\\\/\",\"https:\\\/\\\/x.com\\\/southsidesto\",\"https:\\\/\\\/www.instagram.com\\\/southsidestorieslondon\\\/\",\"https:\\\/\\\/www.tiktok.com\\\/@southsidestorieslondon\"]}]}<\/script>\n<!-- \/ Yoast SEO plugin. -->","yoast_head_json":{"title":"Die \u1e0c\u0101in - Band 4 - eBook","description":"Im Indien des 17. Jahrhunderts setzen der r\u00e4tselhafte Dain und sein Begleiter John ihr Leben auf einer gef\u00e4hrlichen Reise nach Istanbul aufs Spiel, gejagt von einem unerbittlichen Rakshasa.","robots":{"index":"index","follow":"follow","max-snippet":"max-snippet:-1","max-image-preview":"max-image-preview:large","max-video-preview":"max-video-preview:-1"},"canonical":"https:\/\/southside-stories.com\/de\/product\/the-\u1e0dain-band-4-ebook\/","og_locale":"de_DE","og_type":"article","og_title":"The D\u0323a\u0304in - Volume 4 - eBook","og_description":"In 17th-century India, the enigmatic Dain and his companion John gamble their lives on a perilous journey toward Istanbul, hunted by a relentless Rakshasa.","og_url":"https:\/\/southside-stories.com\/de\/product\/the-\u1e0dain-band-4-ebook\/","og_site_name":"Southside Stories","article_publisher":"https:\/\/www.facebook.com\/southsidestoriesproductions\/","article_modified_time":"2025-05-08T09:14:00+00:00","og_image":[{"width":1040,"height":1571,"url":"https:\/\/southside-stories.com\/wp-content\/uploads\/2025\/05\/Front-Cover-TheDain-4.webp","type":"image\/jpeg"}],"twitter_card":"summary_large_image","twitter_site":"@southsidesto","twitter_misc":{"Est. reading time":"1\u00a0Minute"},"schema":{"@context":"https:\/\/schema.org","@graph":[{"@type":"WebPage","@id":"https:\/\/southside-stories.com\/product\/the-%e1%b8%8dain-volume-4-ebook\/","url":"https:\/\/southside-stories.com\/product\/the-%e1%b8%8dain-volume-4-ebook\/","name":"Die \u1e0c\u0101in - Band 4 - eBook","isPartOf":{"@id":"https:\/\/southside-stories.com\/#website"},"primaryImageOfPage":{"@id":"https:\/\/southside-stories.com\/product\/the-%e1%b8%8dain-volume-4-ebook\/#primaryimage"},"image":{"@id":"https:\/\/southside-stories.com\/product\/the-%e1%b8%8dain-volume-4-ebook\/#primaryimage"},"thumbnailUrl":"https:\/\/southside-stories.com\/wp-content\/uploads\/2025\/05\/Front-Cover-TheDain-4.webp","datePublished":"2025-05-08T09:00:41+00:00","dateModified":"2025-05-08T09:14:00+00:00","description":"Im Indien des 17. Jahrhunderts setzen der r\u00e4tselhafte Dain und sein Begleiter John ihr Leben auf einer gef\u00e4hrlichen Reise nach Istanbul aufs Spiel, gejagt von einem unerbittlichen Rakshasa.","breadcrumb":{"@id":"https:\/\/southside-stories.com\/product\/the-%e1%b8%8dain-volume-4-ebook\/#breadcrumb"},"inLanguage":"de","potentialAction":[{"@type":"ReadAction","target":["https:\/\/southside-stories.com\/product\/the-%e1%b8%8dain-volume-4-ebook\/"]}]},{"@type":"ImageObject","inLanguage":"de","@id":"https:\/\/southside-stories.com\/product\/the-%e1%b8%8dain-volume-4-ebook\/#primaryimage","url":"https:\/\/southside-stories.com\/wp-content\/uploads\/2025\/05\/Front-Cover-TheDain-4.webp","contentUrl":"https:\/\/southside-stories.com\/wp-content\/uploads\/2025\/05\/Front-Cover-TheDain-4.webp","width":1040,"height":1571,"caption":"Front-Cover-TheDain-4"},{"@type":"BreadcrumbList","@id":"https:\/\/southside-stories.com\/product\/the-%e1%b8%8dain-volume-4-ebook\/#breadcrumb","itemListElement":[{"@type":"ListItem","position":1,"name":"Home","item":"https:\/\/southside-stories.com\/"},{"@type":"ListItem","position":2,"name":"Store","item":"https:\/\/southside-stories.com\/shop\/"},{"@type":"ListItem","position":3,"name":"The D\u0323a\u0304in &#8211; Volume 4 &#8211; eBook"}]},{"@type":"WebSite","@id":"https:\/\/southside-stories.com\/#website","url":"https:\/\/southside-stories.com\/","name":"Southside Geschichten","description":"Graphic Novels","publisher":{"@id":"https:\/\/southside-stories.com\/#organization"},"potentialAction":[{"@type":"SearchAction","target":{"@type":"EntryPoint","urlTemplate":"https:\/\/southside-stories.com\/?s={search_term_string}"},"query-input":{"@type":"PropertyValueSpecification","valueRequired":true,"valueName":"search_term_string"}}],"inLanguage":"de"},{"@type":"Organization","@id":"https:\/\/southside-stories.com\/#organization","name":"Southside Geschichten","url":"https:\/\/southside-stories.com\/","logo":{"@type":"ImageObject","inLanguage":"de","@id":"https:\/\/southside-stories.com\/#\/schema\/logo\/image\/","url":"https:\/\/southside-stories.com\/wp-content\/uploads\/2021\/06\/South-Side-STORIES-black.svg","contentUrl":"https:\/\/southside-stories.com\/wp-content\/uploads\/2021\/06\/South-Side-STORIES-black.svg","width":300,"height":108,"caption":"Southside Stories"},"image":{"@id":"https:\/\/southside-stories.com\/#\/schema\/logo\/image\/"},"sameAs":["https:\/\/www.facebook.com\/southsidestoriesproductions\/","https:\/\/x.com\/southsidesto","https:\/\/www.instagram.com\/southsidestorieslondon\/","https:\/\/www.tiktok.com\/@southsidestorieslondon"]}]}},"_links":{"self":[{"href":"https:\/\/southside-stories.com\/de\/wp-json\/wp\/v2\/product\/2004","targetHints":{"allow":["GET"]}}],"collection":[{"href":"https:\/\/southside-stories.com\/de\/wp-json\/wp\/v2\/product"}],"about":[{"href":"https:\/\/southside-stories.com\/de\/wp-json\/wp\/v2\/types\/product"}],"wp:featuredmedia":[{"embeddable":true,"href":"https:\/\/southside-stories.com\/de\/wp-json\/wp\/v2\/media\/2005"}],"wp:attachment":[{"href":"https:\/\/southside-stories.com\/de\/wp-json\/wp\/v2\/media?parent=2004"}],"wp:term":[{"taxonomy":"product_cat","embeddable":true,"href":"https:\/\/southside-stories.com\/de\/wp-json\/wp\/v2\/product_cat?post=2004"},{"taxonomy":"product_tag","embeddable":true,"href":"https:\/\/southside-stories.com\/de\/wp-json\/wp\/v2\/product_tag?post=2004"}],"curies":[{"name":"wp","href":"https:\/\/api.w.org\/{rel}","templated":true}]}}