{"id":1984,"date":"2025-03-02T10:26:28","date_gmt":"2025-03-02T10:26:28","guid":{"rendered":"https:\/\/southside-stories.com\/?post_type=product&#038;p=1984"},"modified":"2025-05-08T09:24:42","modified_gmt":"2025-05-08T09:24:42","slug":"%e1%b8%8dain-bind-3-e-bog","status":"publish","type":"product","link":"https:\/\/southside-stories.com\/da\/product\/the-%e1%b8%8dain-volume-3-ebook\/","title":{"rendered":"The \u1e0c\u0101in - Bind 3 - Ebog"},"content":{"rendered":"<p>Skrevet af J.Simonne og Joseph Oliveira<\/p>\n<p>Illustreret af Peitro Depalma<\/p>\n<p>Redigeret af Blerim Karini<\/p>\n<p>Logo og kapitelsider af Natalie Eliscovich<\/p>\n<p>Musikken er produceret af Jeremy Cowan og Lasse Mosegard<\/p>","protected":false},"excerpt":{"rendered":"<p>I den livlige og forr\u00e6deriske verden i Indien i det 17. \u00e5rhundrede s\u00e6tter den g\u00e5defulde Dain og hans f\u00f8lgesvend John deres liv p\u00e5 spil p\u00e5 en farefuld rejse mod Istanbul, jaget af en ubarmhjertig Rakshasa - et uhyrligt v\u00e6sen drevet af en um\u00e6ttelig sult efter Dain. Mens de k\u00e6mper mod tiden og det monstr\u00f8se raseri, bliver indsatsen stadig h\u00f8jere, og deres sk\u00e6bne balancerer p\u00e5 kanten af overlevelse.<\/p>\n<p>\u00c5rhundreder senere, i det rolige landskab i det moderne Kent, England, udvikler en skadedyrsbek\u00e6mpers rutineopgave med at rydde en k\u00e6lder sig til en skr\u00e6mmende opdagelse. Under jorden ligger en uhyggelig tilstedev\u00e6relse, som v\u00e6kker en gammel arv til live, der er et ekko af Dains skyggefulde fortid.<\/p>\n<p>The Dain bygger bro mellem et overd\u00e5digt historisk eventyr og moderne horror og leverer en hjems\u00f8gende udforskning af menneskehedens sammenst\u00f8d med det ukendte - en tidl\u00f8s saga, hvor de jagede og de skjulte st\u00f8der sammen p\u00e5 tv\u00e6rs af tiderne.<\/p>","protected":false},"featured_media":2012,"template":"","meta":{"_acf_changed":false,"inline_featured_image":false},"product_cat":[18],"product_tag":[],"class_list":{"0":"post-1984","1":"product","2":"type-product","3":"status-publish","4":"has-post-thumbnail","6":"product_cat-graphic-novels","7":"product_shipping_class-free-shipping","9":"first","10":"instock","11":"taxable","12":"shipping-taxable","13":"product-type-external","swatches":"rey-swatches","show_selected":""},"acf":[],"yoast_head":"<!-- This site is optimized with the Yoast SEO plugin v27.3 - https:\/\/yoast.com\/product\/yoast-seo-wordpress\/ -->\n<title>The D\u0323a\u0304in - Volume 3 - eBook<\/title>\n<meta name=\"description\" content=\"In 17th-century India, the enigmatic Dain and his companion John gamble their lives on a perilous journey toward Istanbul, hunted by a relentless Rakshasa.\" \/>\n<meta name=\"robots\" content=\"index, follow, max-snippet:-1, max-image-preview:large, max-video-preview:-1\" \/>\n<link rel=\"canonical\" href=\"https:\/\/southside-stories.com\/da\/produkt\/\u1e0dain-bind-3-e-bog\/\" \/>\n<meta property=\"og:locale\" content=\"da_DK\" \/>\n<meta property=\"og:type\" content=\"article\" \/>\n<meta property=\"og:title\" content=\"The D\u0323a\u0304in - Volume 3 - eBook\" \/>\n<meta property=\"og:description\" content=\"In 17th-century India, the enigmatic Dain and his companion John gamble their lives on a perilous journey toward Istanbul, hunted by a relentless Rakshasa.\" \/>\n<meta property=\"og:url\" content=\"https:\/\/southside-stories.com\/da\/produkt\/\u1e0dain-bind-3-e-bog\/\" \/>\n<meta property=\"og:site_name\" content=\"Southside Stories\" \/>\n<meta property=\"article:publisher\" content=\"https:\/\/www.facebook.com\/southsidestoriesproductions\/\" \/>\n<meta property=\"article:modified_time\" content=\"2025-05-08T09:24:42+00:00\" \/>\n<meta property=\"og:image\" content=\"https:\/\/southside-stories.com\/wp-content\/uploads\/2025\/03\/Front-Cover_TheDain-3.jpg\" \/>\n\t<meta property=\"og:image:width\" content=\"1040\" \/>\n\t<meta property=\"og:image:height\" content=\"1571\" \/>\n\t<meta property=\"og:image:type\" content=\"image\/jpeg\" \/>\n<meta name=\"twitter:card\" content=\"summary_large_image\" \/>\n<meta name=\"twitter:site\" content=\"@southsidesto\" \/>\n<meta name=\"twitter:label1\" content=\"Est. reading time\" \/>\n\t<meta name=\"twitter:data1\" content=\"1 minut\" \/>\n<script type=\"application\/ld+json\" class=\"yoast-schema-graph\">{\"@context\":\"https:\\\/\\\/schema.org\",\"@graph\":[{\"@type\":\"WebPage\",\"@id\":\"https:\\\/\\\/southside-stories.com\\\/product\\\/the-%e1%b8%8dain-volume-3-ebook\\\/\",\"url\":\"https:\\\/\\\/southside-stories.com\\\/product\\\/the-%e1%b8%8dain-volume-3-ebook\\\/\",\"name\":\"The D\u0323a\u0304in - Volume 3 - eBook\",\"isPartOf\":{\"@id\":\"https:\\\/\\\/southside-stories.com\\\/#website\"},\"primaryImageOfPage\":{\"@id\":\"https:\\\/\\\/southside-stories.com\\\/product\\\/the-%e1%b8%8dain-volume-3-ebook\\\/#primaryimage\"},\"image\":{\"@id\":\"https:\\\/\\\/southside-stories.com\\\/product\\\/the-%e1%b8%8dain-volume-3-ebook\\\/#primaryimage\"},\"thumbnailUrl\":\"https:\\\/\\\/southside-stories.com\\\/wp-content\\\/uploads\\\/2025\\\/03\\\/Front-Cover_TheDain-3.webp\",\"datePublished\":\"2025-03-02T10:26:28+00:00\",\"dateModified\":\"2025-05-08T09:24:42+00:00\",\"description\":\"In 17th-century India, the enigmatic Dain and his companion John gamble their lives on a perilous journey toward Istanbul, hunted by a relentless Rakshasa.\",\"breadcrumb\":{\"@id\":\"https:\\\/\\\/southside-stories.com\\\/product\\\/the-%e1%b8%8dain-volume-3-ebook\\\/#breadcrumb\"},\"inLanguage\":\"da-DK\",\"potentialAction\":[{\"@type\":\"ReadAction\",\"target\":[\"https:\\\/\\\/southside-stories.com\\\/product\\\/the-%e1%b8%8dain-volume-3-ebook\\\/\"]}]},{\"@type\":\"ImageObject\",\"inLanguage\":\"da-DK\",\"@id\":\"https:\\\/\\\/southside-stories.com\\\/product\\\/the-%e1%b8%8dain-volume-3-ebook\\\/#primaryimage\",\"url\":\"https:\\\/\\\/southside-stories.com\\\/wp-content\\\/uploads\\\/2025\\\/03\\\/Front-Cover_TheDain-3.webp\",\"contentUrl\":\"https:\\\/\\\/southside-stories.com\\\/wp-content\\\/uploads\\\/2025\\\/03\\\/Front-Cover_TheDain-3.webp\",\"width\":1040,\"height\":1571,\"caption\":\"Front-Cover_TheDain-3\"},{\"@type\":\"BreadcrumbList\",\"@id\":\"https:\\\/\\\/southside-stories.com\\\/product\\\/the-%e1%b8%8dain-volume-3-ebook\\\/#breadcrumb\",\"itemListElement\":[{\"@type\":\"ListItem\",\"position\":1,\"name\":\"Home\",\"item\":\"https:\\\/\\\/southside-stories.com\\\/\"},{\"@type\":\"ListItem\",\"position\":2,\"name\":\"Store\",\"item\":\"https:\\\/\\\/southside-stories.com\\\/shop\\\/\"},{\"@type\":\"ListItem\",\"position\":3,\"name\":\"The D\u0323a\u0304in &#8211; Volume 3 &#8211; eBook\"}]},{\"@type\":\"WebSite\",\"@id\":\"https:\\\/\\\/southside-stories.com\\\/#website\",\"url\":\"https:\\\/\\\/southside-stories.com\\\/\",\"name\":\"Southside Stories\",\"description\":\"Graphic Novels\",\"publisher\":{\"@id\":\"https:\\\/\\\/southside-stories.com\\\/#organization\"},\"potentialAction\":[{\"@type\":\"SearchAction\",\"target\":{\"@type\":\"EntryPoint\",\"urlTemplate\":\"https:\\\/\\\/southside-stories.com\\\/?s={search_term_string}\"},\"query-input\":{\"@type\":\"PropertyValueSpecification\",\"valueRequired\":true,\"valueName\":\"search_term_string\"}}],\"inLanguage\":\"da-DK\"},{\"@type\":\"Organization\",\"@id\":\"https:\\\/\\\/southside-stories.com\\\/#organization\",\"name\":\"Southside Stories\",\"url\":\"https:\\\/\\\/southside-stories.com\\\/\",\"logo\":{\"@type\":\"ImageObject\",\"inLanguage\":\"da-DK\",\"@id\":\"https:\\\/\\\/southside-stories.com\\\/#\\\/schema\\\/logo\\\/image\\\/\",\"url\":\"https:\\\/\\\/southside-stories.com\\\/wp-content\\\/uploads\\\/2021\\\/06\\\/South-Side-STORIES-black.svg\",\"contentUrl\":\"https:\\\/\\\/southside-stories.com\\\/wp-content\\\/uploads\\\/2021\\\/06\\\/South-Side-STORIES-black.svg\",\"width\":300,\"height\":108,\"caption\":\"Southside Stories\"},\"image\":{\"@id\":\"https:\\\/\\\/southside-stories.com\\\/#\\\/schema\\\/logo\\\/image\\\/\"},\"sameAs\":[\"https:\\\/\\\/www.facebook.com\\\/southsidestoriesproductions\\\/\",\"https:\\\/\\\/x.com\\\/southsidesto\",\"https:\\\/\\\/www.instagram.com\\\/southsidestorieslondon\\\/\",\"https:\\\/\\\/www.tiktok.com\\\/@southsidestorieslondon\"]}]}<\/script>\n<!-- \/ Yoast SEO plugin. -->","yoast_head_json":{"title":"The \u1e0c\u0101in - Bind 3 - Ebog","description":"I 1600-tallets Indien s\u00e6tter den g\u00e5defulde Dain og hans f\u00f8lgesvend John livet p\u00e5 spil p\u00e5 en farefuld rejse mod Istanbul, jaget af en ubarmhjertig Rakshasa.","robots":{"index":"index","follow":"follow","max-snippet":"max-snippet:-1","max-image-preview":"max-image-preview:large","max-video-preview":"max-video-preview:-1"},"canonical":"https:\/\/southside-stories.com\/da\/produkt\/\u1e0dain-bind-3-e-bog\/","og_locale":"da_DK","og_type":"article","og_title":"The D\u0323a\u0304in - Volume 3 - eBook","og_description":"In 17th-century India, the enigmatic Dain and his companion John gamble their lives on a perilous journey toward Istanbul, hunted by a relentless Rakshasa.","og_url":"https:\/\/southside-stories.com\/da\/produkt\/\u1e0dain-bind-3-e-bog\/","og_site_name":"Southside Stories","article_publisher":"https:\/\/www.facebook.com\/southsidestoriesproductions\/","article_modified_time":"2025-05-08T09:24:42+00:00","og_image":[{"width":1040,"height":1571,"url":"https:\/\/southside-stories.com\/wp-content\/uploads\/2025\/03\/Front-Cover_TheDain-3.jpg","type":"image\/jpeg"}],"twitter_card":"summary_large_image","twitter_site":"@southsidesto","twitter_misc":{"Est. reading time":"1 minut"},"schema":{"@context":"https:\/\/schema.org","@graph":[{"@type":"WebPage","@id":"https:\/\/southside-stories.com\/product\/the-%e1%b8%8dain-volume-3-ebook\/","url":"https:\/\/southside-stories.com\/product\/the-%e1%b8%8dain-volume-3-ebook\/","name":"The \u1e0c\u0101in - Bind 3 - Ebog","isPartOf":{"@id":"https:\/\/southside-stories.com\/#website"},"primaryImageOfPage":{"@id":"https:\/\/southside-stories.com\/product\/the-%e1%b8%8dain-volume-3-ebook\/#primaryimage"},"image":{"@id":"https:\/\/southside-stories.com\/product\/the-%e1%b8%8dain-volume-3-ebook\/#primaryimage"},"thumbnailUrl":"https:\/\/southside-stories.com\/wp-content\/uploads\/2025\/03\/Front-Cover_TheDain-3.webp","datePublished":"2025-03-02T10:26:28+00:00","dateModified":"2025-05-08T09:24:42+00:00","description":"I 1600-tallets Indien s\u00e6tter den g\u00e5defulde Dain og hans f\u00f8lgesvend John livet p\u00e5 spil p\u00e5 en farefuld rejse mod Istanbul, jaget af en ubarmhjertig Rakshasa.","breadcrumb":{"@id":"https:\/\/southside-stories.com\/product\/the-%e1%b8%8dain-volume-3-ebook\/#breadcrumb"},"inLanguage":"da-DK","potentialAction":[{"@type":"ReadAction","target":["https:\/\/southside-stories.com\/product\/the-%e1%b8%8dain-volume-3-ebook\/"]}]},{"@type":"ImageObject","inLanguage":"da-DK","@id":"https:\/\/southside-stories.com\/product\/the-%e1%b8%8dain-volume-3-ebook\/#primaryimage","url":"https:\/\/southside-stories.com\/wp-content\/uploads\/2025\/03\/Front-Cover_TheDain-3.webp","contentUrl":"https:\/\/southside-stories.com\/wp-content\/uploads\/2025\/03\/Front-Cover_TheDain-3.webp","width":1040,"height":1571,"caption":"Front-Cover_TheDain-3"},{"@type":"BreadcrumbList","@id":"https:\/\/southside-stories.com\/product\/the-%e1%b8%8dain-volume-3-ebook\/#breadcrumb","itemListElement":[{"@type":"ListItem","position":1,"name":"Home","item":"https:\/\/southside-stories.com\/"},{"@type":"ListItem","position":2,"name":"Store","item":"https:\/\/southside-stories.com\/shop\/"},{"@type":"ListItem","position":3,"name":"The D\u0323a\u0304in &#8211; Volume 3 &#8211; eBook"}]},{"@type":"WebSite","@id":"https:\/\/southside-stories.com\/#website","url":"https:\/\/southside-stories.com\/","name":"Historier fra Southside","description":"Grafiske romaner","publisher":{"@id":"https:\/\/southside-stories.com\/#organization"},"potentialAction":[{"@type":"SearchAction","target":{"@type":"EntryPoint","urlTemplate":"https:\/\/southside-stories.com\/?s={search_term_string}"},"query-input":{"@type":"PropertyValueSpecification","valueRequired":true,"valueName":"search_term_string"}}],"inLanguage":"da-DK"},{"@type":"Organization","@id":"https:\/\/southside-stories.com\/#organization","name":"Historier fra Southside","url":"https:\/\/southside-stories.com\/","logo":{"@type":"ImageObject","inLanguage":"da-DK","@id":"https:\/\/southside-stories.com\/#\/schema\/logo\/image\/","url":"https:\/\/southside-stories.com\/wp-content\/uploads\/2021\/06\/South-Side-STORIES-black.svg","contentUrl":"https:\/\/southside-stories.com\/wp-content\/uploads\/2021\/06\/South-Side-STORIES-black.svg","width":300,"height":108,"caption":"Southside Stories"},"image":{"@id":"https:\/\/southside-stories.com\/#\/schema\/logo\/image\/"},"sameAs":["https:\/\/www.facebook.com\/southsidestoriesproductions\/","https:\/\/x.com\/southsidesto","https:\/\/www.instagram.com\/southsidestorieslondon\/","https:\/\/www.tiktok.com\/@southsidestorieslondon"]}]}},"_links":{"self":[{"href":"https:\/\/southside-stories.com\/da\/wp-json\/wp\/v2\/product\/1984","targetHints":{"allow":["GET"]}}],"collection":[{"href":"https:\/\/southside-stories.com\/da\/wp-json\/wp\/v2\/product"}],"about":[{"href":"https:\/\/southside-stories.com\/da\/wp-json\/wp\/v2\/types\/product"}],"wp:featuredmedia":[{"embeddable":true,"href":"https:\/\/southside-stories.com\/da\/wp-json\/wp\/v2\/media\/2012"}],"wp:attachment":[{"href":"https:\/\/southside-stories.com\/da\/wp-json\/wp\/v2\/media?parent=1984"}],"wp:term":[{"taxonomy":"product_cat","embeddable":true,"href":"https:\/\/southside-stories.com\/da\/wp-json\/wp\/v2\/product_cat?post=1984"},{"taxonomy":"product_tag","embeddable":true,"href":"https:\/\/southside-stories.com\/da\/wp-json\/wp\/v2\/product_tag?post=1984"}],"curies":[{"name":"wp","href":"https:\/\/api.w.org\/{rel}","templated":true}]}}