{"id":1556,"date":"2023-04-09T15:18:00","date_gmt":"2023-04-09T15:18:00","guid":{"rendered":"https:\/\/southsidestori.wpengine.com\/?page_id=1556"},"modified":"2025-08-23T08:28:55","modified_gmt":"2025-08-23T08:28:55","slug":"privatlivspolitik","status":"publish","type":"page","link":"https:\/\/southside-stories.com\/da\/privacy-policy\/","title":{"rendered":"Politik for beskyttelse af personlige oplysninger"},"content":{"rendered":"<div data-elementor-type=\"wp-page\" data-elementor-id=\"1556\" class=\"elementor elementor-1556\" data-elementor-post-type=\"page\">\n\t\t\t\t<div class=\"e-con-top elementor-element elementor-element-f68c5e1 e-flex e-con-boxed e-con e-parent\" data-id=\"f68c5e1\" data-element_type=\"container\" data-e-type=\"container\">\n\t\t\t\t\t<div class=\"e-con-inner\">\n\t\t\t\t<div class=\"elementor-element elementor-element-eee078a elementor-widget elementor-widget-heading\" data-id=\"eee078a\" data-element_type=\"widget\" data-e-type=\"widget\" data-widget_type=\"heading.default\">\n\t\t\t\t<div class=\"elementor-widget-container\">\n\t\t\t\t\t<h2 class=\"elementor-heading-title elementor-size-default\">Politik for beskyttelse af personlige oplysninger<\/h2>\t\t\t\t<\/div>\n\t\t\t\t<\/div>\n\t\t\t\t<div class=\"elementor-element elementor-element-ba1dfff elementor-widget elementor-widget-text-editor\" data-id=\"ba1dfff\" data-element_type=\"widget\" data-e-type=\"widget\" data-widget_type=\"text-editor.default\">\n\t\t\t\t<div class=\"elementor-widget-container\">\n\t\t\t\t\t\t\t\t\tDisse oplysninger er aktuelle pr. 10. april 2023 og vil blive opdateret regelm\u00e6ssigt, s\u00e5 gennemg\u00e5 venligst denne side, hvis du \u00f8nsker aktuelle oplysninger. Denne side beskriver Southside Stories' privatlivspolitik.\n<h2>Hvem vi er<\/h2>\nVores hjemmesideadresse er <a href=\"https:\/\/southside-stories.com\/da\/\">https:\/\/southside-stories.com\/<\/a>.\/\n<h3>Vores kontaktoplysninger<\/h3>\nE-mail-adresse: info@southside-stories.com\n<h3>Hvilke personlige data vi indsamler, og hvorfor vi indsamler dem<\/h3>\nVi modtager personoplysninger fra formularerne for at kunne kommunikere med dig, n\u00e5r du har kontaktet os, f.eks. fornavn, efternavn, e-mailadresse og telefonnummer. IP-oplysninger, som vi modtager fra cookies til google analytics, s\u00e5 vi kan analysere og forbedre vores hjemmeside.\n<h3>Kontaktformularer<\/h3>\nHvis du \u00f8nsker at kontakte os ved hj\u00e6lp af kontaktformularen p\u00e5 vores hjemmeside, vil den bede om dit navn og din e-mail. Vi gemmer de e-mails, vi modtager, i en krypteret mappe. Ved at sende os en e-mail ved hj\u00e6lp af denne formular giver du samtykke til, at southside-stories.com indsamler og gemmer dine data fra denne formular.\n<h3>Analyse<\/h3>\nVi bruger Google Analytics til at gennemg\u00e5 webtrafik, ikke personlige oplysninger om en person. Opbevaring af bruger- og h\u00e6ndelsesdata i Google Analytics er indstillet til 14 m\u00e5neder og nulstilles ved ny aktivitet. Google Analytics' privatlivspolitik kan findes her\u00a0<a href=\"https:\/\/policies.google.com\/privacy\" target=\"_blank\" rel=\"noopener noreferrer\">her<\/a>. Du kan f\u00e5 mere at vide om, hvordan du frav\u00e6lger sporing i Google Analytics\u00a0<a href=\"https:\/\/tools.google.com\/dlpage\/gaoptout\/\" target=\"_blank\" rel=\"noopener noreferrer\">her<\/a>.\n<h3>Indlejret indhold fra andre hjemmesider<\/h3>\nArtikler p\u00e5 dette websted kan indeholde indlejret indhold (f.eks. videoer, billeder, artikler osv.). Indlejret indhold fra andre hjemmesider opf\u00f8rer sig p\u00e5 n\u00f8jagtig samme m\u00e5de, som hvis den bes\u00f8gende havde bes\u00f8gt den anden hjemmeside. Disse websteder kan indsamle data om dig, bruge cookies, indlejre yderligere tredjepartssporing og overv\u00e5ge din interaktion med det indlejrede indhold, herunder spore din interaktion med det indlejrede indhold, hvis du har en konto og er logget ind p\u00e5 det p\u00e5g\u00e6ldende websted.\n<h3>Links fra tredjeparter<\/h3>\nVores hjemmeside indeholder hyperlinks til andre hjemmesider, s\u00e5 l\u00e6s venligst fortroligheds- og cookiepolitikken for hver hjemmeside, du klikker dig videre til. Det er dit ansvar at tjekke disse eksterne hjemmesiders fortrolighedserkl\u00e6ringer.\n<h3>Datasikkerhed<\/h3>\nVi er forpligtet til at sikre, at dine oplysninger er sikre. For at forhindre uautoriseret adgang eller videregivelse har vi indf\u00f8rt passende fysiske, elektroniske og ledelsesm\u00e6ssige procedurer for at beskytte og sikre de oplysninger, vi indsamler online.\n<h3>Dine rettigheder i forhold til dine personlige oplysninger<\/h3>\nHvis du tidligere har accepteret, at vi bruger dine personlige oplysninger til direkte markedsf\u00f8ring, kan du til enhver tid \u00e6ndre mening ved at skrive til os eller sende os en e-mail p\u00e5 info@acacia-gardens.co.uk.\n\nDu kan anmode om adgang til de personoplysninger, vi har om dig, ved at kontakte os p\u00e5 info@acacia-gardens.co.uk. Du har ret til at fort\u00e6lle os, hvis du gerne vil tr\u00e6kke dit samtykke tilbage, rette, opdatere eller slette dine personlige data i vores optegnelser.\n\nVi vil ikke s\u00e6lge, distribuere eller udleje dine personlige oplysninger til tredjeparter, medmindre vi har din tilladelse eller er forpligtet af loven til at g\u00f8re det.\t\t\t\t\t\t\t\t<\/div>\n\t\t\t\t<\/div>\n\t\t\t\t\t<\/div>\n\t\t\t\t<\/div>\n\t\t\t\t<\/div>","protected":false},"excerpt":{"rendered":"<p>Privacy Policy This information is current as of 10th April 2023 and will be updated on a regular basis so please review this page if you would like current information. This page sets out the privacy policy undertaken by Southside Stories Who we are Our website address is https:\/\/southside-stories.com\/.\/ Our contact information Email Address:\u00a0info@southside-stories.com What [&hellip;]<\/p>\n","protected":false},"author":1,"featured_media":0,"parent":0,"menu_order":0,"comment_status":"closed","ping_status":"closed","template":"elementor_header_footer","meta":{"_acf_changed":false,"inline_featured_image":false,"footnotes":""},"class_list":["post-1556","page","type-page","status-publish","hentry"],"acf":[],"yoast_head":"<!-- This site is optimized with the Yoast SEO plugin v27.4 - https:\/\/yoast.com\/product\/yoast-seo-wordpress\/ -->\n<title>Privacy Policy | Southside Stories<\/title>\n<meta name=\"robots\" content=\"index, follow, max-snippet:-1, max-image-preview:large, max-video-preview:-1\" \/>\n<link rel=\"canonical\" href=\"https:\/\/southside-stories.com\/da\/privatlivspolitik\/\" \/>\n<meta property=\"og:locale\" content=\"da_DK\" \/>\n<meta property=\"og:type\" content=\"article\" \/>\n<meta property=\"og:title\" content=\"Privacy Policy | Southside Stories\" \/>\n<meta property=\"og:description\" content=\"Privacy Policy This information is current as of 10th April 2023 and will be updated on a regular basis so please review this page if you would like current information. This page sets out the privacy policy undertaken by Southside Stories Who we are Our website address is https:\/\/southside-stories.com\/.\/ Our contact information Email Address:\u00a0info@southside-stories.com What [&hellip;]\" \/>\n<meta property=\"og:url\" content=\"https:\/\/southside-stories.com\/da\/privatlivspolitik\/\" \/>\n<meta property=\"og:site_name\" content=\"Southside Stories\" \/>\n<meta property=\"article:publisher\" content=\"https:\/\/www.facebook.com\/southsidestoriesproductions\/\" \/>\n<meta property=\"article:modified_time\" content=\"2025-08-23T08:28:55+00:00\" \/>\n<meta name=\"twitter:card\" content=\"summary_large_image\" \/>\n<meta name=\"twitter:site\" content=\"@southsidesto\" \/>\n<meta name=\"twitter:label1\" content=\"Est. reading time\" \/>\n\t<meta name=\"twitter:data1\" content=\"3 minutter\" \/>\n<script type=\"application\/ld+json\" class=\"yoast-schema-graph\">{\"@context\":\"https:\\\/\\\/schema.org\",\"@graph\":[{\"@type\":\"WebPage\",\"@id\":\"https:\\\/\\\/southside-stories.com\\\/privacy-policy\\\/\",\"url\":\"https:\\\/\\\/southside-stories.com\\\/privacy-policy\\\/\",\"name\":\"Privacy Policy | Southside Stories\",\"isPartOf\":{\"@id\":\"https:\\\/\\\/southside-stories.com\\\/#website\"},\"datePublished\":\"2023-04-09T15:18:00+00:00\",\"dateModified\":\"2025-08-23T08:28:55+00:00\",\"breadcrumb\":{\"@id\":\"https:\\\/\\\/southside-stories.com\\\/privacy-policy\\\/#breadcrumb\"},\"inLanguage\":\"da-DK\",\"potentialAction\":[{\"@type\":\"ReadAction\",\"target\":[\"https:\\\/\\\/southside-stories.com\\\/privacy-policy\\\/\"]}]},{\"@type\":\"BreadcrumbList\",\"@id\":\"https:\\\/\\\/southside-stories.com\\\/privacy-policy\\\/#breadcrumb\",\"itemListElement\":[{\"@type\":\"ListItem\",\"position\":1,\"name\":\"Home\",\"item\":\"https:\\\/\\\/southside-stories.com\\\/\"},{\"@type\":\"ListItem\",\"position\":2,\"name\":\"Privacy Policy\"}]},{\"@type\":\"WebSite\",\"@id\":\"https:\\\/\\\/southside-stories.com\\\/#website\",\"url\":\"https:\\\/\\\/southside-stories.com\\\/\",\"name\":\"Southside Stories\",\"description\":\"Graphic Novels\",\"publisher\":{\"@id\":\"https:\\\/\\\/southside-stories.com\\\/#organization\"},\"potentialAction\":[{\"@type\":\"SearchAction\",\"target\":{\"@type\":\"EntryPoint\",\"urlTemplate\":\"https:\\\/\\\/southside-stories.com\\\/?s={search_term_string}\"},\"query-input\":{\"@type\":\"PropertyValueSpecification\",\"valueRequired\":true,\"valueName\":\"search_term_string\"}}],\"inLanguage\":\"da-DK\"},{\"@type\":\"Organization\",\"@id\":\"https:\\\/\\\/southside-stories.com\\\/#organization\",\"name\":\"Southside Stories\",\"url\":\"https:\\\/\\\/southside-stories.com\\\/\",\"logo\":{\"@type\":\"ImageObject\",\"inLanguage\":\"da-DK\",\"@id\":\"https:\\\/\\\/southside-stories.com\\\/#\\\/schema\\\/logo\\\/image\\\/\",\"url\":\"https:\\\/\\\/southside-stories.com\\\/wp-content\\\/uploads\\\/2021\\\/06\\\/South-Side-STORIES-black.svg\",\"contentUrl\":\"https:\\\/\\\/southside-stories.com\\\/wp-content\\\/uploads\\\/2021\\\/06\\\/South-Side-STORIES-black.svg\",\"width\":300,\"height\":108,\"caption\":\"Southside Stories\"},\"image\":{\"@id\":\"https:\\\/\\\/southside-stories.com\\\/#\\\/schema\\\/logo\\\/image\\\/\"},\"sameAs\":[\"https:\\\/\\\/www.facebook.com\\\/southsidestoriesproductions\\\/\",\"https:\\\/\\\/x.com\\\/southsidesto\",\"https:\\\/\\\/www.instagram.com\\\/southsidestorieslondon\\\/\",\"https:\\\/\\\/www.tiktok.com\\\/@southsidestorieslondon\"]}]}<\/script>\n<!-- \/ Yoast SEO plugin. -->","yoast_head_json":{"title":"Fortrolighedspolitik | Southside Stories","robots":{"index":"index","follow":"follow","max-snippet":"max-snippet:-1","max-image-preview":"max-image-preview:large","max-video-preview":"max-video-preview:-1"},"canonical":"https:\/\/southside-stories.com\/da\/privatlivspolitik\/","og_locale":"da_DK","og_type":"article","og_title":"Privacy Policy | Southside Stories","og_description":"Privacy Policy This information is current as of 10th April 2023 and will be updated on a regular basis so please review this page if you would like current information. This page sets out the privacy policy undertaken by Southside Stories Who we are Our website address is https:\/\/southside-stories.com\/.\/ Our contact information Email Address:\u00a0info@southside-stories.com What [&hellip;]","og_url":"https:\/\/southside-stories.com\/da\/privatlivspolitik\/","og_site_name":"Southside Stories","article_publisher":"https:\/\/www.facebook.com\/southsidestoriesproductions\/","article_modified_time":"2025-08-23T08:28:55+00:00","twitter_card":"summary_large_image","twitter_site":"@southsidesto","twitter_misc":{"Est. reading time":"3 minutter"},"schema":{"@context":"https:\/\/schema.org","@graph":[{"@type":"WebPage","@id":"https:\/\/southside-stories.com\/privacy-policy\/","url":"https:\/\/southside-stories.com\/privacy-policy\/","name":"Fortrolighedspolitik | Southside Stories","isPartOf":{"@id":"https:\/\/southside-stories.com\/#website"},"datePublished":"2023-04-09T15:18:00+00:00","dateModified":"2025-08-23T08:28:55+00:00","breadcrumb":{"@id":"https:\/\/southside-stories.com\/privacy-policy\/#breadcrumb"},"inLanguage":"da-DK","potentialAction":[{"@type":"ReadAction","target":["https:\/\/southside-stories.com\/privacy-policy\/"]}]},{"@type":"BreadcrumbList","@id":"https:\/\/southside-stories.com\/privacy-policy\/#breadcrumb","itemListElement":[{"@type":"ListItem","position":1,"name":"Home","item":"https:\/\/southside-stories.com\/"},{"@type":"ListItem","position":2,"name":"Privacy Policy"}]},{"@type":"WebSite","@id":"https:\/\/southside-stories.com\/#website","url":"https:\/\/southside-stories.com\/","name":"Historier fra Southside","description":"Grafiske romaner","publisher":{"@id":"https:\/\/southside-stories.com\/#organization"},"potentialAction":[{"@type":"SearchAction","target":{"@type":"EntryPoint","urlTemplate":"https:\/\/southside-stories.com\/?s={search_term_string}"},"query-input":{"@type":"PropertyValueSpecification","valueRequired":true,"valueName":"search_term_string"}}],"inLanguage":"da-DK"},{"@type":"Organization","@id":"https:\/\/southside-stories.com\/#organization","name":"Historier fra Southside","url":"https:\/\/southside-stories.com\/","logo":{"@type":"ImageObject","inLanguage":"da-DK","@id":"https:\/\/southside-stories.com\/#\/schema\/logo\/image\/","url":"https:\/\/southside-stories.com\/wp-content\/uploads\/2021\/06\/South-Side-STORIES-black.svg","contentUrl":"https:\/\/southside-stories.com\/wp-content\/uploads\/2021\/06\/South-Side-STORIES-black.svg","width":300,"height":108,"caption":"Southside Stories"},"image":{"@id":"https:\/\/southside-stories.com\/#\/schema\/logo\/image\/"},"sameAs":["https:\/\/www.facebook.com\/southsidestoriesproductions\/","https:\/\/x.com\/southsidesto","https:\/\/www.instagram.com\/southsidestorieslondon\/","https:\/\/www.tiktok.com\/@southsidestorieslondon"]}]}},"_links":{"self":[{"href":"https:\/\/southside-stories.com\/da\/wp-json\/wp\/v2\/pages\/1556","targetHints":{"allow":["GET"]}}],"collection":[{"href":"https:\/\/southside-stories.com\/da\/wp-json\/wp\/v2\/pages"}],"about":[{"href":"https:\/\/southside-stories.com\/da\/wp-json\/wp\/v2\/types\/page"}],"author":[{"embeddable":true,"href":"https:\/\/southside-stories.com\/da\/wp-json\/wp\/v2\/users\/1"}],"replies":[{"embeddable":true,"href":"https:\/\/southside-stories.com\/da\/wp-json\/wp\/v2\/comments?post=1556"}],"version-history":[{"count":0,"href":"https:\/\/southside-stories.com\/da\/wp-json\/wp\/v2\/pages\/1556\/revisions"}],"wp:attachment":[{"href":"https:\/\/southside-stories.com\/da\/wp-json\/wp\/v2\/media?parent=1556"}],"curies":[{"name":"wp","href":"https:\/\/api.w.org\/{rel}","templated":true}]}}