{"id":1115,"date":"2023-03-27T12:29:56","date_gmt":"2023-03-27T12:29:56","guid":{"rendered":"https:\/\/southsidestori.wpengine.com\/?page_id=1115"},"modified":"2023-04-14T10:49:34","modified_gmt":"2023-04-14T10:49:34","slug":"musik","status":"publish","type":"page","link":"https:\/\/southside-stories.com\/da\/music\/","title":{"rendered":"Musik"},"content":{"rendered":"<div data-elementor-type=\"wp-page\" data-elementor-id=\"1115\" class=\"elementor elementor-1115\" data-elementor-post-type=\"page\">\n\t\t\t\t\t\t<section class=\"elementor-section elementor-top-section elementor-element elementor-element-5dc4491b elementor-section-boxed elementor-section-height-default elementor-section-height-default\" data-id=\"5dc4491b\" data-element_type=\"section\" data-e-type=\"section\">\n\t\t\t\t\t\t<div class=\"elementor-container elementor-column-gap-default\">\n\t\t\t\t\t<div class=\"elementor-column elementor-col-100 elementor-top-column elementor-element elementor-element-5f361958\" data-id=\"5f361958\" data-element_type=\"column\" data-e-type=\"column\">\n\t\t\t<div class=\"elementor-column-wrap--5f361958 elementor-widget-wrap elementor-element-populated\">\n\t\t\t\t\t\t<div class=\"elementor-element elementor-element-3b1bc778 elementor-widget elementor-widget-heading\" data-id=\"3b1bc778\" data-element_type=\"widget\" data-e-type=\"widget\" data-widget_type=\"heading.default\">\n\t\t\t\t<div class=\"elementor-widget-container\">\n\t\t\t\t\t<h1 class=\"elementor-heading-title elementor-size-xl\">Southside Stories Musik<\/h1>\t\t\t\t<\/div>\n\t\t\t\t<\/div>\n\t\t\t\t<div class=\"elementor-element elementor-element-3ed90f7c elementor-widget elementor-widget-text-editor\" data-id=\"3ed90f7c\" data-element_type=\"widget\" data-e-type=\"widget\" data-widget_type=\"text-editor.default\">\n\t\t\t\t<div class=\"elementor-widget-container\">\n\t\t\t\t\t\t\t\t\t<p>Vi har arbejdet p\u00e5 at skabe soundtracks, der passer til vores grafiske romanprojekter. Her er et udvalg af numre, der vil blive udgivet p\u00e5 vores s\u00f8sterselskab <a href=\"https:\/\/southside-digital-music.com\/\" target=\"_blank\" rel=\"noopener\">Southside Digital Music<\/a> n\u00e5r vores grafiske romaner udkommer. Vi h\u00e5ber, du nyder lydene!<\/p>\t\t\t\t\t\t\t\t<\/div>\n\t\t\t\t<\/div>\n\t\t\t\t<div class=\"elementor-element elementor-element-4ecccc8 elementor-widget elementor-widget-heading\" data-id=\"4ecccc8\" data-element_type=\"widget\" data-e-type=\"widget\" data-widget_type=\"heading.default\">\n\t\t\t\t<div class=\"elementor-widget-container\">\n\t\t\t\t\t<h2 class=\"elementor-heading-title elementor-size-default\">Den \u1e0c\u0101in<\/h2>\t\t\t\t<\/div>\n\t\t\t\t<\/div>\n\t\t\t\t<div class=\"elementor-element elementor-element-6542b3d elementor-widget elementor-widget-text-editor\" data-id=\"6542b3d\" data-element_type=\"widget\" data-e-type=\"widget\" data-widget_type=\"text-editor.default\">\n\t\t\t\t<div class=\"elementor-widget-container\">\n\t\t\t\t\t\t\t\t\t<p>Musikken til The \u1e0c\u0101in er inspireret af middelaldermusik, indisk musik og moderne dansemusik.<\/p>\t\t\t\t\t\t\t\t<\/div>\n\t\t\t\t<\/div>\n\t\t\t\t\t<\/div>\n\t\t<\/div>\n\t\t\t\t\t<\/div>\n\t\t<\/section>\n\t\t<div class=\"e-con-top elementor-element elementor-element-5f1cb78 e-con-full e-flex e-con e-parent\" data-id=\"5f1cb78\" data-element_type=\"container\" data-e-type=\"container\">\n\t\t<div class=\"elementor-element elementor-element-c15fe2b e-con-full e-flex e-con e-child\" data-id=\"c15fe2b\" data-element_type=\"container\" data-e-type=\"container\">\n\t\t\t\t<div class=\"elementor-element elementor-element-40c24a4 elementor-widget elementor-widget-embedpres_elementor\" data-id=\"40c24a4\" data-element_type=\"widget\" data-e-type=\"widget\" data-widget_type=\"embedpres_elementor.default\">\n\t\t\t\t<div class=\"elementor-widget-container\">\n\t\t\t\t\t\n\t\t<div class=\"embedpress-elements-wrapper\" id=\"ep-elements-id-40c24a4\">\n\n\t\t\t\t\t\t\t<div id=\"ep-elementor-content-40c24a4\"\n\t\t\t\t\tclass=\"ep-elementor-content\t\t\t\t\t\t\t\t\t\t  ep-content-protection-disabled\t\t\t\t\tsource-default\">\n\n\t\t\t\t\t<div id=\"40c24a4\"\n\t\t\t\t\t\tclass=\"ep-embed-content-wrapper\t\t\t\t\t\t\t\t\t\t\t\t\t\t\t\t\t\tep-google-photos-\t\t\t\t\t\tdata-show-title=\"yes\"\t\t\t\t\t\t\"\n\t\t\t\t\t\t\t\t\t\t\t\t\t\t\t\t\t\t\t\t\t\t\t\t>\n\n\t\t\t\t\t\t<div id=\"ep-elementor-content-40c24a4\"\n\t\t\t\t\t\t\tclass=\"ep-elementor-content\t\t\t\t\t\t\t\t\t\t\t\t\t\t  ep-content-protection-disabled\t\t\t\t\t\t\tsource-default\">\n\n\t\t\t\t\t\t\t<div >\n\t\t\t\t\t\t\t\t<div id=\"40c24a4\"\n\t\t\t\t\t\t\t\t\tclass=\"ep-embed-content-wraper\"\n\t\t\t\t\t\t\t\t\t\t\t\t\t\t\t\t\t\t>\n\n\t\t\t\t\t\t\t\t\t<div class=\"ose-soundcloud ose-uid-5204b2984c90b852237c44a52b466919 ose-embedpress-responsive\" style=\"width:400px; height:550px; max-height:550px; max-width:100%; display:inline-block;\" data-embed-type=\"SoundCloud\"><iframe allowfullscreen=\"true\" title=\"The \u1e0c\u0101in - Cantiga de India - Illinton&#039;s Rahasy Raat Remix - 2 Min Version by Southside Digital Music\" width=\"400\" height=\"550\" scrolling=\"no\" frameborder=\"no\" src=\"https:\/\/w.soundcloud.com\/player\/?visual=true&url=https%3A%2F%2Fapi.soundcloud.com%2Ftracks%2F1417866076&show_artwork=true&maxheight=1000&maxwidth=1410\"><\/iframe><\/div>\t\t\t\t\t\t\t\t<\/div>\n\n\t\t\t\t\t\t\t\t\n\t\t\t\t\t\t\t<\/div>\n\t\t\t\t\t\t<\/div>\n\t\t\t\t\t<\/div>\n\t\t\t\t<\/div>\n\n\t\t\t\n\t\t<\/div>\n\n\n\t\t\n\t\t\t\t<\/div>\n\t\t\t\t<\/div>\n\t\t\t\t<\/div>\n\t\t<div class=\"elementor-element elementor-element-712ad09 e-con-full e-flex e-con e-child\" data-id=\"712ad09\" data-element_type=\"container\" data-e-type=\"container\">\n\t\t\t\t<div class=\"elementor-element elementor-element-5c5d24e elementor-widget elementor-widget-embedpres_elementor\" data-id=\"5c5d24e\" data-element_type=\"widget\" data-e-type=\"widget\" data-widget_type=\"embedpres_elementor.default\">\n\t\t\t\t<div class=\"elementor-widget-container\">\n\t\t\t\t\t\n\t\t<div class=\"embedpress-elements-wrapper\" id=\"ep-elements-id-5c5d24e\">\n\n\t\t\t\t\t\t\t<div id=\"ep-elementor-content-5c5d24e\"\n\t\t\t\t\tclass=\"ep-elementor-content\t\t\t\t\t\t\t\t\t\t  ep-content-protection-disabled\t\t\t\t\tsource-default\">\n\n\t\t\t\t\t<div id=\"5c5d24e\"\n\t\t\t\t\t\tclass=\"ep-embed-content-wrapper\t\t\t\t\t\t\t\t\t\t\t\t\t\t\t\t\t\tep-google-photos-\t\t\t\t\t\tdata-show-title=\"yes\"\t\t\t\t\t\t\"\n\t\t\t\t\t\t\t\t\t\t\t\t\t\t\t\t\t\t\t\t\t\t\t\t>\n\n\t\t\t\t\t\t<div id=\"ep-elementor-content-5c5d24e\"\n\t\t\t\t\t\t\tclass=\"ep-elementor-content\t\t\t\t\t\t\t\t\t\t\t\t\t\t  ep-content-protection-disabled\t\t\t\t\t\t\tsource-default\">\n\n\t\t\t\t\t\t\t<div >\n\t\t\t\t\t\t\t\t<div id=\"5c5d24e\"\n\t\t\t\t\t\t\t\t\tclass=\"ep-embed-content-wraper\"\n\t\t\t\t\t\t\t\t\t\t\t\t\t\t\t\t\t\t>\n\n\t\t\t\t\t\t\t\t\t<div class=\"ose-soundcloud ose-uid-f936d61deecae831de50623ea9833d6f ose-embedpress-responsive\" style=\"width:400px; height:550px; max-height:550px; max-width:100%; display:inline-block;\" data-embed-type=\"SoundCloud\"><iframe allowfullscreen=\"true\" title=\"The D\u0101in - Andheree Devee - Uchhaalabharee Bandar House Remix - 2 Min Version af Southside Digital Music\" width=\"400\" height=\"550\" scrolling=\"no\" frameborder=\"no\" src=\"https:\/\/w.soundcloud.com\/player\/?visual=true&url=https%3A%2F%2Fapi.soundcloud.com%2Ftracks%2F1418627524&show_artwork=true&maxheight=1000&maxwidth=1410\"><\/iframe><\/div>\t\t\t\t\t\t\t\t<\/div>\n\n\t\t\t\t\t\t\t\t\n\t\t\t\t\t\t\t<\/div>\n\t\t\t\t\t\t<\/div>\n\t\t\t\t\t<\/div>\n\t\t\t\t<\/div>\n\n\t\t\t\n\t\t<\/div>\n\n\n\t\t\n\t\t\t\t<\/div>\n\t\t\t\t<\/div>\n\t\t\t\t<\/div>\n\t\t<div class=\"elementor-element elementor-element-f3daf95 e-con-full e-flex e-con e-child\" data-id=\"f3daf95\" data-element_type=\"container\" data-e-type=\"container\">\n\t\t\t\t<div class=\"elementor-element elementor-element-b7aff3e elementor-widget elementor-widget-embedpres_elementor\" data-id=\"b7aff3e\" data-element_type=\"widget\" data-e-type=\"widget\" data-widget_type=\"embedpres_elementor.default\">\n\t\t\t\t<div class=\"elementor-widget-container\">\n\t\t\t\t\t\n\t\t<div class=\"embedpress-elements-wrapper\" id=\"ep-elements-id-b7aff3e\">\n\n\t\t\t\t\t\t\t<div id=\"ep-elementor-content-b7aff3e\"\n\t\t\t\t\tclass=\"ep-elementor-content\t\t\t\t\t\t\t\t\t\t  ep-content-protection-disabled\t\t\t\t\tsource-default\">\n\n\t\t\t\t\t<div id=\"b7aff3e\"\n\t\t\t\t\t\tclass=\"ep-embed-content-wrapper\t\t\t\t\t\t\t\t\t\t\t\t\t\t\t\t\t\tep-google-photos-\t\t\t\t\t\tdata-show-title=\"yes\"\t\t\t\t\t\t\"\n\t\t\t\t\t\t\t\t\t\t\t\t\t\t\t\t\t\t\t\t\t\t\t\t>\n\n\t\t\t\t\t\t<div id=\"ep-elementor-content-b7aff3e\"\n\t\t\t\t\t\t\tclass=\"ep-elementor-content\t\t\t\t\t\t\t\t\t\t\t\t\t\t  ep-content-protection-disabled\t\t\t\t\t\t\tsource-default\">\n\n\t\t\t\t\t\t\t<div >\n\t\t\t\t\t\t\t\t<div id=\"b7aff3e\"\n\t\t\t\t\t\t\t\t\tclass=\"ep-embed-content-wraper\"\n\t\t\t\t\t\t\t\t\t\t\t\t\t\t\t\t\t\t>\n\n\t\t\t\t\t\t\t\t\t<div class=\"ose-soundcloud ose-uid-6fa6026df593405214669f73d0a2e295 ose-embedpress-responsive\" style=\"width:400px; height:550px; max-height:550px; max-width:100%; display:inline-block;\" data-embed-type=\"SoundCloud\"><iframe allowfullscreen=\"true\" title=\"The \u1e0c\u0101in - Andhakaaramay Jangal - Jangal Traans Mix - 2 Min Version by Southside Digital Music\" width=\"400\" height=\"550\" scrolling=\"no\" frameborder=\"no\" src=\"https:\/\/w.soundcloud.com\/player\/?visual=true&url=https%3A%2F%2Fapi.soundcloud.com%2Ftracks%2F1417865512&show_artwork=true&maxheight=1000&maxwidth=1410\"><\/iframe><\/div>\t\t\t\t\t\t\t\t<\/div>\n\n\t\t\t\t\t\t\t\t\n\t\t\t\t\t\t\t<\/div>\n\t\t\t\t\t\t<\/div>\n\t\t\t\t\t<\/div>\n\t\t\t\t<\/div>\n\n\t\t\t\n\t\t<\/div>\n\n\n\t\t\n\t\t\t\t<\/div>\n\t\t\t\t<\/div>\n\t\t\t\t<\/div>\n\t\t\t\t<\/div>\n\t\t\t\t<section class=\"elementor-section elementor-top-section elementor-element elementor-element-c5936b1 elementor-section-boxed elementor-section-height-default elementor-section-height-default\" data-id=\"c5936b1\" data-element_type=\"section\" data-e-type=\"section\">\n\t\t\t\t\t\t<div class=\"elementor-container elementor-column-gap-default\">\n\t\t\t\t\t<div class=\"elementor-column elementor-col-100 elementor-top-column elementor-element elementor-element-e58f5a4\" data-id=\"e58f5a4\" data-element_type=\"column\" data-e-type=\"column\">\n\t\t\t<div class=\"elementor-column-wrap--e58f5a4 elementor-widget-wrap elementor-element-populated\">\n\t\t\t\t\t\t<div class=\"elementor-element elementor-element-8efb749 elementor-widget elementor-widget-heading\" data-id=\"8efb749\" data-element_type=\"widget\" data-e-type=\"widget\" data-widget_type=\"heading.default\">\n\t\t\t\t<div class=\"elementor-widget-container\">\n\t\t\t\t\t<h2 class=\"elementor-heading-title elementor-size-default\">Blodfejde - en albansk historie<\/h2>\t\t\t\t<\/div>\n\t\t\t\t<\/div>\n\t\t\t\t<div class=\"elementor-element elementor-element-5c09d0f elementor-widget elementor-widget-text-editor\" data-id=\"5c09d0f\" data-element_type=\"widget\" data-e-type=\"widget\" data-widget_type=\"text-editor.default\">\n\t\t\t\t<div class=\"elementor-widget-container\">\n\t\t\t\t\t\t\t\t\t<p>Musikken til Bloodfeud er en fusion af traditionel albansk musik med instrumenter som Cifteli og Kaval og moderne dansemusik som house og drum and bass.<\/p>\t\t\t\t\t\t\t\t<\/div>\n\t\t\t\t<\/div>\n\t\t\t\t\t<\/div>\n\t\t<\/div>\n\t\t\t\t\t<\/div>\n\t\t<\/section>\n\t\t<div class=\"e-con-top elementor-element elementor-element-4f307ad e-flex e-con-boxed e-con e-parent\" data-id=\"4f307ad\" data-element_type=\"container\" data-e-type=\"container\">\n\t\t\t\t\t<div class=\"e-con-inner\">\n\t\t<div class=\"elementor-element elementor-element-b574fce e-con-full e-flex e-con e-child\" data-id=\"b574fce\" data-element_type=\"container\" data-e-type=\"container\">\n\t\t\t\t<div class=\"elementor-element elementor-element-ee86f4c elementor-widget elementor-widget-embedpres_elementor\" data-id=\"ee86f4c\" data-element_type=\"widget\" data-e-type=\"widget\" data-widget_type=\"embedpres_elementor.default\">\n\t\t\t\t<div class=\"elementor-widget-container\">\n\t\t\t\t\t\n\t\t<div class=\"embedpress-elements-wrapper\" id=\"ep-elements-id-ee86f4c\">\n\n\t\t\t\t\t\t\t<div id=\"ep-elementor-content-ee86f4c\"\n\t\t\t\t\tclass=\"ep-elementor-content\t\t\t\t\t\t\t\t\t\t  ep-content-protection-disabled\t\t\t\t\tsource-default\">\n\n\t\t\t\t\t<div id=\"ee86f4c\"\n\t\t\t\t\t\tclass=\"ep-embed-content-wrapper\t\t\t\t\t\t\t\t\t\t\t\t\t\t\t\t\t\tep-google-photos-\t\t\t\t\t\tdata-show-title=\"yes\"\t\t\t\t\t\t\"\n\t\t\t\t\t\t\t\t\t\t\t\t\t\t\t\t\t\t\t\t\t\t\t\t>\n\n\t\t\t\t\t\t<div id=\"ep-elementor-content-ee86f4c\"\n\t\t\t\t\t\t\tclass=\"ep-elementor-content\t\t\t\t\t\t\t\t\t\t\t\t\t\t  ep-content-protection-disabled\t\t\t\t\t\t\tsource-default\">\n\n\t\t\t\t\t\t\t<div >\n\t\t\t\t\t\t\t\t<div id=\"ee86f4c\"\n\t\t\t\t\t\t\t\t\tclass=\"ep-embed-content-wraper\"\n\t\t\t\t\t\t\t\t\t\t\t\t\t\t\t\t\t\t>\n\n\t\t\t\t\t\t\t\t\t<div class=\"ose-soundcloud ose-uid-f138d0f5d270489832cf99f52c3f8e16 ose-embedpress-responsive\" style=\"width:400px; height:550px; max-height:550px; max-width:100%; display:inline-block;\" data-embed-type=\"SoundCloud\"><iframe allowfullscreen=\"true\" title=\"Blood Feud (An Albanian Story) - Theme 1 Illinton House Remix - 2 Min Version af Southside Digital Music\" width=\"400\" height=\"550\" scrolling=\"no\" frameborder=\"no\" src=\"https:\/\/w.soundcloud.com\/player\/?visual=true&url=https%3A%2F%2Fapi.soundcloud.com%2Ftracks%2F1412326717&show_artwork=true&maxheight=1000&maxwidth=1410\"><\/iframe><\/div>\t\t\t\t\t\t\t\t<\/div>\n\n\t\t\t\t\t\t\t\t\n\t\t\t\t\t\t\t<\/div>\n\t\t\t\t\t\t<\/div>\n\t\t\t\t\t<\/div>\n\t\t\t\t<\/div>\n\n\t\t\t\n\t\t<\/div>\n\n\n\t\t\n\t\t\t\t<\/div>\n\t\t\t\t<\/div>\n\t\t\t\t<\/div>\n\t\t<div class=\"elementor-element elementor-element-46b7d4b e-con-full e-flex e-con e-child\" data-id=\"46b7d4b\" data-element_type=\"container\" data-e-type=\"container\">\n\t\t\t\t<div class=\"elementor-element elementor-element-6204752 elementor-widget elementor-widget-embedpres_elementor\" data-id=\"6204752\" data-element_type=\"widget\" data-e-type=\"widget\" data-widget_type=\"embedpres_elementor.default\">\n\t\t\t\t<div class=\"elementor-widget-container\">\n\t\t\t\t\t\n\t\t<div class=\"embedpress-elements-wrapper\" id=\"ep-elements-id-6204752\">\n\n\t\t\t\t\t\t\t<div id=\"ep-elementor-content-6204752\"\n\t\t\t\t\tclass=\"ep-elementor-content\t\t\t\t\t\t\t\t\t\t  ep-content-protection-disabled\t\t\t\t\tsource-default\">\n\n\t\t\t\t\t<div id=\"6204752\"\n\t\t\t\t\t\tclass=\"ep-embed-content-wrapper\t\t\t\t\t\t\t\t\t\t\t\t\t\t\t\t\t\tep-google-photos-\t\t\t\t\t\tdata-show-title=\"yes\"\t\t\t\t\t\t\"\n\t\t\t\t\t\t\t\t\t\t\t\t\t\t\t\t\t\t\t\t\t\t\t\t>\n\n\t\t\t\t\t\t<div id=\"ep-elementor-content-6204752\"\n\t\t\t\t\t\t\tclass=\"ep-elementor-content\t\t\t\t\t\t\t\t\t\t\t\t\t\t  ep-content-protection-disabled\t\t\t\t\t\t\tsource-default\">\n\n\t\t\t\t\t\t\t<div >\n\t\t\t\t\t\t\t\t<div id=\"6204752\"\n\t\t\t\t\t\t\t\t\tclass=\"ep-embed-content-wraper\"\n\t\t\t\t\t\t\t\t\t\t\t\t\t\t\t\t\t\t>\n\n\t\t\t\t\t\t\t\t\t<div class=\"ose-soundcloud ose-uid-8e5f521e03298aa4bde4b14f6af78963 ose-embedpress-responsive\" style=\"width:400px; height:550px; max-height:550px; max-width:100%; display:inline-block;\" data-embed-type=\"SoundCloud\"><iframe allowfullscreen=\"true\" title=\"Blood Feud (An Albanian Story) D&amp;B Mix 1.3 - 2 Min Version af Southside Digital Music\" width=\"400\" height=\"550\" scrolling=\"no\" frameborder=\"no\" src=\"https:\/\/w.soundcloud.com\/player\/?visual=true&url=https%3A%2F%2Fapi.soundcloud.com%2Ftracks%2F1417866772&show_artwork=true&maxheight=1000&maxwidth=1410\"><\/iframe><\/div>\t\t\t\t\t\t\t\t<\/div>\n\n\t\t\t\t\t\t\t\t\n\t\t\t\t\t\t\t<\/div>\n\t\t\t\t\t\t<\/div>\n\t\t\t\t\t<\/div>\n\t\t\t\t<\/div>\n\n\t\t\t\n\t\t<\/div>\n\n\n\t\t\n\t\t\t\t<\/div>\n\t\t\t\t<\/div>\n\t\t\t\t<\/div>\n\t\t<div class=\"elementor-element elementor-element-df21ffe e-con-full e-flex e-con e-child\" data-id=\"df21ffe\" data-element_type=\"container\" data-e-type=\"container\">\n\t\t\t\t<div class=\"elementor-element elementor-element-536208c elementor-widget elementor-widget-embedpres_elementor\" data-id=\"536208c\" data-element_type=\"widget\" data-e-type=\"widget\" data-widget_type=\"embedpres_elementor.default\">\n\t\t\t\t<div class=\"elementor-widget-container\">\n\t\t\t\t\t\n\t\t<div class=\"embedpress-elements-wrapper\" id=\"ep-elements-id-536208c\">\n\n\t\t\t\t\t\t\t<div id=\"ep-elementor-content-536208c\"\n\t\t\t\t\tclass=\"ep-elementor-content\t\t\t\t\t\t\t\t\t\t  ep-content-protection-disabled\t\t\t\t\tsource-default\">\n\n\t\t\t\t\t<div id=\"536208c\"\n\t\t\t\t\t\tclass=\"ep-embed-content-wrapper\t\t\t\t\t\t\t\t\t\t\t\t\t\t\t\t\t\tep-google-photos-\t\t\t\t\t\tdata-show-title=\"yes\"\t\t\t\t\t\t\"\n\t\t\t\t\t\t\t\t\t\t\t\t\t\t\t\t\t\t\t\t\t\t\t\t>\n\n\t\t\t\t\t\t<div id=\"ep-elementor-content-536208c\"\n\t\t\t\t\t\t\tclass=\"ep-elementor-content\t\t\t\t\t\t\t\t\t\t\t\t\t\t  ep-content-protection-disabled\t\t\t\t\t\t\tsource-default\">\n\n\t\t\t\t\t\t\t<div >\n\t\t\t\t\t\t\t\t<div id=\"536208c\"\n\t\t\t\t\t\t\t\t\tclass=\"ep-embed-content-wraper\"\n\t\t\t\t\t\t\t\t\t\t\t\t\t\t\t\t\t\t>\n\n\t\t\t\t\t\t\t\t\t<div class=\"ose-soundcloud ose-uid-cebcabb609303fb81272aaeae7df904d ose-embedpress-responsive\" style=\"width:400px; height:550px; max-height:550px; max-width:100%; display:inline-block;\" data-embed-type=\"SoundCloud\"><iframe allowfullscreen=\"true\" title=\"Blood Feud 3 House Remix 1.5 2 Min. af Southside Digital Music\" width=\"400\" height=\"550\" scrolling=\"no\" frameborder=\"no\" src=\"https:\/\/w.soundcloud.com\/player\/?visual=true&url=https%3A%2F%2Fapi.soundcloud.com%2Ftracks%2F1420584394&show_artwork=true&maxheight=1000&maxwidth=1410\"><\/iframe><\/div>\t\t\t\t\t\t\t\t<\/div>\n\n\t\t\t\t\t\t\t\t\n\t\t\t\t\t\t\t<\/div>\n\t\t\t\t\t\t<\/div>\n\t\t\t\t\t<\/div>\n\t\t\t\t<\/div>\n\n\t\t\t\n\t\t<\/div>\n\n\n\t\t\n\t\t\t\t<\/div>\n\t\t\t\t<\/div>\n\t\t\t\t<\/div>\n\t\t\t\t\t<\/div>\n\t\t\t\t<\/div>\n\t\t\t\t<\/div>","protected":false},"excerpt":{"rendered":"<p>Southside Stories Music We have worked on creating soundtracks to go along with our graphic novel projects. Here is a selection of tracks that will be released on our sister company Southside Digital Music when our graphic novels are released. We hope you enjoy the sounds! The D\u0323a\u0304in The music for The D\u0323a\u0304in is inspired [&hellip;]<\/p>\n","protected":false},"author":1,"featured_media":0,"parent":0,"menu_order":0,"comment_status":"closed","ping_status":"closed","template":"template-builder.php","meta":{"_acf_changed":false,"inline_featured_image":false,"footnotes":""},"class_list":["post-1115","page","type-page","status-publish","hentry"],"acf":[],"yoast_head":"<!-- This site is optimized with the Yoast SEO plugin v27.4 - https:\/\/yoast.com\/product\/yoast-seo-wordpress\/ -->\n<title>Music | Southside Stories<\/title>\n<meta name=\"description\" content=\"We have worked on creating soundtracks to go along with our graphic novel projects. We hope you enjoy the sounds!\" \/>\n<meta name=\"robots\" content=\"index, follow, max-snippet:-1, max-image-preview:large, max-video-preview:-1\" \/>\n<link rel=\"canonical\" href=\"https:\/\/southside-stories.com\/da\/musik\/\" \/>\n<meta property=\"og:locale\" content=\"da_DK\" \/>\n<meta property=\"og:type\" content=\"article\" \/>\n<meta property=\"og:title\" content=\"Music | Southside Stories\" \/>\n<meta property=\"og:description\" content=\"We have worked on creating soundtracks to go along with our graphic novel projects. We hope you enjoy the sounds!\" \/>\n<meta property=\"og:url\" content=\"https:\/\/southside-stories.com\/da\/musik\/\" \/>\n<meta property=\"og:site_name\" content=\"Southside Stories\" \/>\n<meta property=\"article:publisher\" content=\"https:\/\/www.facebook.com\/southsidestoriesproductions\/\" \/>\n<meta property=\"article:modified_time\" content=\"2023-04-14T10:49:34+00:00\" \/>\n<meta name=\"twitter:card\" content=\"summary_large_image\" \/>\n<meta name=\"twitter:site\" content=\"@southsidesto\" \/>\n<meta name=\"twitter:label1\" content=\"Est. reading time\" \/>\n\t<meta name=\"twitter:data1\" content=\"15 minutter\" \/>\n<script type=\"application\/ld+json\" class=\"yoast-schema-graph\">{\"@context\":\"https:\\\/\\\/schema.org\",\"@graph\":[{\"@type\":\"WebPage\",\"@id\":\"https:\\\/\\\/southside-stories.com\\\/music\\\/\",\"url\":\"https:\\\/\\\/southside-stories.com\\\/music\\\/\",\"name\":\"Music | Southside Stories\",\"isPartOf\":{\"@id\":\"https:\\\/\\\/southside-stories.com\\\/#website\"},\"datePublished\":\"2023-03-27T12:29:56+00:00\",\"dateModified\":\"2023-04-14T10:49:34+00:00\",\"description\":\"We have worked on creating soundtracks to go along with our graphic novel projects. We hope you enjoy the sounds!\",\"breadcrumb\":{\"@id\":\"https:\\\/\\\/southside-stories.com\\\/music\\\/#breadcrumb\"},\"inLanguage\":\"da-DK\",\"potentialAction\":[{\"@type\":\"ReadAction\",\"target\":[\"https:\\\/\\\/southside-stories.com\\\/music\\\/\"]}]},{\"@type\":\"BreadcrumbList\",\"@id\":\"https:\\\/\\\/southside-stories.com\\\/music\\\/#breadcrumb\",\"itemListElement\":[{\"@type\":\"ListItem\",\"position\":1,\"name\":\"Home\",\"item\":\"https:\\\/\\\/southside-stories.com\\\/\"},{\"@type\":\"ListItem\",\"position\":2,\"name\":\"Music\"}]},{\"@type\":\"WebSite\",\"@id\":\"https:\\\/\\\/southside-stories.com\\\/#website\",\"url\":\"https:\\\/\\\/southside-stories.com\\\/\",\"name\":\"Southside Stories\",\"description\":\"Graphic Novels\",\"publisher\":{\"@id\":\"https:\\\/\\\/southside-stories.com\\\/#organization\"},\"potentialAction\":[{\"@type\":\"SearchAction\",\"target\":{\"@type\":\"EntryPoint\",\"urlTemplate\":\"https:\\\/\\\/southside-stories.com\\\/?s={search_term_string}\"},\"query-input\":{\"@type\":\"PropertyValueSpecification\",\"valueRequired\":true,\"valueName\":\"search_term_string\"}}],\"inLanguage\":\"da-DK\"},{\"@type\":\"Organization\",\"@id\":\"https:\\\/\\\/southside-stories.com\\\/#organization\",\"name\":\"Southside Stories\",\"url\":\"https:\\\/\\\/southside-stories.com\\\/\",\"logo\":{\"@type\":\"ImageObject\",\"inLanguage\":\"da-DK\",\"@id\":\"https:\\\/\\\/southside-stories.com\\\/#\\\/schema\\\/logo\\\/image\\\/\",\"url\":\"https:\\\/\\\/southside-stories.com\\\/wp-content\\\/uploads\\\/2021\\\/06\\\/South-Side-STORIES-black.svg\",\"contentUrl\":\"https:\\\/\\\/southside-stories.com\\\/wp-content\\\/uploads\\\/2021\\\/06\\\/South-Side-STORIES-black.svg\",\"width\":300,\"height\":108,\"caption\":\"Southside Stories\"},\"image\":{\"@id\":\"https:\\\/\\\/southside-stories.com\\\/#\\\/schema\\\/logo\\\/image\\\/\"},\"sameAs\":[\"https:\\\/\\\/www.facebook.com\\\/southsidestoriesproductions\\\/\",\"https:\\\/\\\/x.com\\\/southsidesto\",\"https:\\\/\\\/www.instagram.com\\\/southsidestorieslondon\\\/\",\"https:\\\/\\\/www.tiktok.com\\\/@southsidestorieslondon\"]}]}<\/script>\n<!-- \/ Yoast SEO plugin. -->","yoast_head_json":{"title":"Musik | Southside Stories","description":"Vi har arbejdet p\u00e5 at skabe soundtracks, der passer til vores grafiske romanprojekter. Vi h\u00e5ber, I vil nyde lydene!","robots":{"index":"index","follow":"follow","max-snippet":"max-snippet:-1","max-image-preview":"max-image-preview:large","max-video-preview":"max-video-preview:-1"},"canonical":"https:\/\/southside-stories.com\/da\/musik\/","og_locale":"da_DK","og_type":"article","og_title":"Music | Southside Stories","og_description":"We have worked on creating soundtracks to go along with our graphic novel projects. We hope you enjoy the sounds!","og_url":"https:\/\/southside-stories.com\/da\/musik\/","og_site_name":"Southside Stories","article_publisher":"https:\/\/www.facebook.com\/southsidestoriesproductions\/","article_modified_time":"2023-04-14T10:49:34+00:00","twitter_card":"summary_large_image","twitter_site":"@southsidesto","twitter_misc":{"Est. reading time":"15 minutter"},"schema":{"@context":"https:\/\/schema.org","@graph":[{"@type":"WebPage","@id":"https:\/\/southside-stories.com\/music\/","url":"https:\/\/southside-stories.com\/music\/","name":"Musik | Southside Stories","isPartOf":{"@id":"https:\/\/southside-stories.com\/#website"},"datePublished":"2023-03-27T12:29:56+00:00","dateModified":"2023-04-14T10:49:34+00:00","description":"Vi har arbejdet p\u00e5 at skabe soundtracks, der passer til vores grafiske romanprojekter. Vi h\u00e5ber, I vil nyde lydene!","breadcrumb":{"@id":"https:\/\/southside-stories.com\/music\/#breadcrumb"},"inLanguage":"da-DK","potentialAction":[{"@type":"ReadAction","target":["https:\/\/southside-stories.com\/music\/"]}]},{"@type":"BreadcrumbList","@id":"https:\/\/southside-stories.com\/music\/#breadcrumb","itemListElement":[{"@type":"ListItem","position":1,"name":"Home","item":"https:\/\/southside-stories.com\/"},{"@type":"ListItem","position":2,"name":"Music"}]},{"@type":"WebSite","@id":"https:\/\/southside-stories.com\/#website","url":"https:\/\/southside-stories.com\/","name":"Historier fra Southside","description":"Grafiske romaner","publisher":{"@id":"https:\/\/southside-stories.com\/#organization"},"potentialAction":[{"@type":"SearchAction","target":{"@type":"EntryPoint","urlTemplate":"https:\/\/southside-stories.com\/?s={search_term_string}"},"query-input":{"@type":"PropertyValueSpecification","valueRequired":true,"valueName":"search_term_string"}}],"inLanguage":"da-DK"},{"@type":"Organization","@id":"https:\/\/southside-stories.com\/#organization","name":"Historier fra Southside","url":"https:\/\/southside-stories.com\/","logo":{"@type":"ImageObject","inLanguage":"da-DK","@id":"https:\/\/southside-stories.com\/#\/schema\/logo\/image\/","url":"https:\/\/southside-stories.com\/wp-content\/uploads\/2021\/06\/South-Side-STORIES-black.svg","contentUrl":"https:\/\/southside-stories.com\/wp-content\/uploads\/2021\/06\/South-Side-STORIES-black.svg","width":300,"height":108,"caption":"Southside Stories"},"image":{"@id":"https:\/\/southside-stories.com\/#\/schema\/logo\/image\/"},"sameAs":["https:\/\/www.facebook.com\/southsidestoriesproductions\/","https:\/\/x.com\/southsidesto","https:\/\/www.instagram.com\/southsidestorieslondon\/","https:\/\/www.tiktok.com\/@southsidestorieslondon"]}]}},"_links":{"self":[{"href":"https:\/\/southside-stories.com\/da\/wp-json\/wp\/v2\/pages\/1115","targetHints":{"allow":["GET"]}}],"collection":[{"href":"https:\/\/southside-stories.com\/da\/wp-json\/wp\/v2\/pages"}],"about":[{"href":"https:\/\/southside-stories.com\/da\/wp-json\/wp\/v2\/types\/page"}],"author":[{"embeddable":true,"href":"https:\/\/southside-stories.com\/da\/wp-json\/wp\/v2\/users\/1"}],"replies":[{"embeddable":true,"href":"https:\/\/southside-stories.com\/da\/wp-json\/wp\/v2\/comments?post=1115"}],"version-history":[{"count":0,"href":"https:\/\/southside-stories.com\/da\/wp-json\/wp\/v2\/pages\/1115\/revisions"}],"wp:attachment":[{"href":"https:\/\/southside-stories.com\/da\/wp-json\/wp\/v2\/media?parent=1115"}],"curies":[{"name":"wp","href":"https:\/\/api.w.org\/{rel}","templated":true}]}}